{"id":919,"date":"2020-11-21T16:44:08","date_gmt":"2020-11-21T15:44:08","guid":{"rendered":"https:\/\/www.abraca.cz\/home\/?page_id=919"},"modified":"2020-11-21T16:44:08","modified_gmt":"2020-11-21T15:44:08","slug":"moravske-sklarstvi","status":"publish","type":"page","link":"https:\/\/www.abraca.cz\/home\/moravske-sklarstvi\/","title":{"rendered":"Moravsk\u00e9 skl\u00e1\u0159stv\u00ed"},"content":{"rendered":"\n<div class=\"wp-block-columns\">\n<div class=\"wp-block-column\">\n<figure class=\"wp-block-gallery columns-3 is-cropped\"><ul class=\"blocks-gallery-grid\"><li class=\"blocks-gallery-item\"><figure><img loading=\"lazy\" width=\"300\" height=\"240\" src=\"https:\/\/www.abraca.cz\/wp-content\/uploads\/clip0314small.jpg\" alt=\"\" data-id=\"920\" data-full-url=\"https:\/\/www.abraca.cz\/wp-content\/uploads\/clip0314small.jpg\" data-link=\"https:\/\/www.abraca.cz\/home\/?attachment_id=920\" class=\"wp-image-920\"\/><\/figure><\/li><li class=\"blocks-gallery-item\"><figure><img loading=\"lazy\" width=\"300\" height=\"240\" src=\"https:\/\/www.abraca.cz\/wp-content\/uploads\/clip0315small-1.jpg\" alt=\"\" data-id=\"921\" data-full-url=\"https:\/\/www.abraca.cz\/wp-content\/uploads\/clip0315small-1.jpg\" data-link=\"https:\/\/www.abraca.cz\/home\/?attachment_id=921\" class=\"wp-image-921\"\/><\/figure><\/li><li class=\"blocks-gallery-item\"><figure><img loading=\"lazy\" width=\"300\" height=\"240\" src=\"https:\/\/www.abraca.cz\/wp-content\/uploads\/clip0316small.jpg\" alt=\"\" data-id=\"922\" data-full-url=\"https:\/\/www.abraca.cz\/wp-content\/uploads\/clip0316small.jpg\" data-link=\"https:\/\/www.abraca.cz\/home\/?attachment_id=922\" class=\"wp-image-922\"\/><\/figure><\/li><li class=\"blocks-gallery-item\"><figure><img loading=\"lazy\" width=\"300\" height=\"240\" src=\"https:\/\/www.abraca.cz\/wp-content\/uploads\/clip0317small.jpg\" alt=\"\" data-id=\"923\" data-full-url=\"https:\/\/www.abraca.cz\/wp-content\/uploads\/clip0317small.jpg\" data-link=\"https:\/\/www.abraca.cz\/home\/?attachment_id=923\" class=\"wp-image-923\"\/><\/figure><\/li><li class=\"blocks-gallery-item\"><figure><img loading=\"lazy\" width=\"300\" height=\"240\" src=\"https:\/\/www.abraca.cz\/wp-content\/uploads\/clip0318small.jpg\" alt=\"\" data-id=\"924\" data-full-url=\"https:\/\/www.abraca.cz\/wp-content\/uploads\/clip0318small.jpg\" data-link=\"https:\/\/www.abraca.cz\/home\/?attachment_id=924\" class=\"wp-image-924\"\/><\/figure><\/li><li class=\"blocks-gallery-item\"><figure><img loading=\"lazy\" width=\"300\" height=\"240\" src=\"https:\/\/www.abraca.cz\/wp-content\/uploads\/clip0319small.jpg\" alt=\"\" data-id=\"925\" data-full-url=\"https:\/\/www.abraca.cz\/wp-content\/uploads\/clip0319small.jpg\" data-link=\"https:\/\/www.abraca.cz\/home\/?attachment_id=925\" class=\"wp-image-925\"\/><\/figure><\/li><li class=\"blocks-gallery-item\"><figure><img loading=\"lazy\" width=\"300\" height=\"240\" src=\"https:\/\/www.abraca.cz\/wp-content\/uploads\/clip0320small.jpg\" alt=\"\" data-id=\"926\" data-full-url=\"https:\/\/www.abraca.cz\/wp-content\/uploads\/clip0320small.jpg\" data-link=\"https:\/\/www.abraca.cz\/home\/?attachment_id=926\" class=\"wp-image-926\"\/><\/figure><\/li><li class=\"blocks-gallery-item\"><figure><img loading=\"lazy\" width=\"300\" height=\"240\" src=\"https:\/\/www.abraca.cz\/wp-content\/uploads\/clip0321small.jpg\" alt=\"\" data-id=\"927\" data-full-url=\"https:\/\/www.abraca.cz\/wp-content\/uploads\/clip0321small.jpg\" data-link=\"https:\/\/www.abraca.cz\/home\/?attachment_id=927\" class=\"wp-image-927\"\/><\/figure><\/li><li class=\"blocks-gallery-item\"><figure><img loading=\"lazy\" width=\"300\" height=\"240\" src=\"https:\/\/www.abraca.cz\/wp-content\/uploads\/clip0322small.jpg\" alt=\"\" data-id=\"928\" data-full-url=\"https:\/\/www.abraca.cz\/wp-content\/uploads\/clip0322small.jpg\" data-link=\"https:\/\/www.abraca.cz\/home\/?attachment_id=928\" class=\"wp-image-928\"\/><\/figure><\/li><li class=\"blocks-gallery-item\"><figure><img loading=\"lazy\" width=\"300\" height=\"240\" src=\"https:\/\/www.abraca.cz\/wp-content\/uploads\/clip0323small.jpg\" alt=\"\" data-id=\"929\" data-full-url=\"https:\/\/www.abraca.cz\/wp-content\/uploads\/clip0323small.jpg\" data-link=\"https:\/\/www.abraca.cz\/home\/?attachment_id=929\" class=\"wp-image-929\"\/><\/figure><\/li><li class=\"blocks-gallery-item\"><figure><img loading=\"lazy\" width=\"300\" height=\"240\" src=\"https:\/\/www.abraca.cz\/wp-content\/uploads\/clip0324small.jpg\" alt=\"\" data-id=\"930\" data-full-url=\"https:\/\/www.abraca.cz\/wp-content\/uploads\/clip0324small.jpg\" data-link=\"https:\/\/www.abraca.cz\/home\/?attachment_id=930\" class=\"wp-image-930\"\/><\/figure><\/li><\/ul><\/figure>\n<\/div>\n\n\n\n<div class=\"wp-block-column\">\n<p><\/p>\n\n\n\n<p>MORAVSK\u00c9 SKL\u00c1\u0158STV\u00cd<\/p>\n\n\n\n<p>Postupy v\u00fdroby poh\u00e1ru a d\u017eb\u00e1nu ve skl\u00e1rn\u00e1ch pro v\u00fdstavu Moravsk\u00e9 skl\u00e1\u0159stv\u00ed v&nbsp;Moravsk\u00e9 galerii Brno.<\/p>\n\n\n\n<p>stop\u00e1\u017e: &nbsp;&nbsp;9 minut<\/p>\n<\/div>\n<\/div>\n","protected":false},"excerpt":{"rendered":"<p>MORAVSK\u00c9 SKL\u00c1\u0158STV\u00cd Postupy v\u00fdroby poh\u00e1ru a d\u017eb\u00e1nu ve skl\u00e1rn\u00e1ch pro v\u00fdstavu Moravsk\u00e9 skl\u00e1\u0159stv\u00ed v&nbsp;Moravsk\u00e9 galerii Brno. stop\u00e1\u017e: &nbsp;&nbsp;9 minut<\/p>\n","protected":false},"author":1,"featured_media":0,"parent":0,"menu_order":0,"comment_status":"closed","ping_status":"closed","template":"","meta":[],"_links":{"self":[{"href":"https:\/\/www.abraca.cz\/home\/wp-json\/wp\/v2\/pages\/919"}],"collection":[{"href":"https:\/\/www.abraca.cz\/home\/wp-json\/wp\/v2\/pages"}],"about":[{"href":"https:\/\/www.abraca.cz\/home\/wp-json\/wp\/v2\/types\/page"}],"author":[{"embeddable":true,"href":"https:\/\/www.abraca.cz\/home\/wp-json\/wp\/v2\/users\/1"}],"replies":[{"embeddable":true,"href":"https:\/\/www.abraca.cz\/home\/wp-json\/wp\/v2\/comments?post=919"}],"version-history":[{"count":1,"href":"https:\/\/www.abraca.cz\/home\/wp-json\/wp\/v2\/pages\/919\/revisions"}],"predecessor-version":[{"id":931,"href":"https:\/\/www.abraca.cz\/home\/wp-json\/wp\/v2\/pages\/919\/revisions\/931"}],"wp:attachment":[{"href":"https:\/\/www.abraca.cz\/home\/wp-json\/wp\/v2\/media?parent=919"}],"curies":[{"name":"wp","href":"https:\/\/api.w.org\/{rel}","templated":true}]}}