{"id":843,"date":"2020-11-21T16:32:20","date_gmt":"2020-11-21T15:32:20","guid":{"rendered":"https:\/\/www.abraca.cz\/home\/?page_id=843"},"modified":"2020-11-21T16:32:20","modified_gmt":"2020-11-21T15:32:20","slug":"kampanila-2008","status":"publish","type":"page","link":"https:\/\/www.abraca.cz\/home\/kampanila-2008\/","title":{"rendered":"Kampanila 2008"},"content":{"rendered":"\n<div class=\"wp-block-columns\">\n<div class=\"wp-block-column\">\n<figure class=\"wp-block-gallery columns-3 is-cropped\"><ul class=\"blocks-gallery-grid\"><li class=\"blocks-gallery-item\"><figure><img loading=\"lazy\" width=\"300\" height=\"240\" src=\"https:\/\/www.abraca.cz\/wp-content\/uploads\/clip0262small-1.jpg\" alt=\"\" data-id=\"855\" data-full-url=\"https:\/\/www.abraca.cz\/wp-content\/uploads\/clip0262small-1.jpg\" data-link=\"https:\/\/www.abraca.cz\/home\/?attachment_id=855\" class=\"wp-image-855\"\/><\/figure><\/li><li class=\"blocks-gallery-item\"><figure><img loading=\"lazy\" width=\"300\" height=\"240\" src=\"https:\/\/www.abraca.cz\/wp-content\/uploads\/clip0263small-1.jpg\" alt=\"\" data-id=\"856\" data-full-url=\"https:\/\/www.abraca.cz\/wp-content\/uploads\/clip0263small-1.jpg\" data-link=\"https:\/\/www.abraca.cz\/home\/?attachment_id=856\" class=\"wp-image-856\"\/><\/figure><\/li><li class=\"blocks-gallery-item\"><figure><img loading=\"lazy\" width=\"300\" height=\"240\" src=\"https:\/\/www.abraca.cz\/wp-content\/uploads\/clip0264small-1.jpg\" alt=\"\" data-id=\"857\" data-full-url=\"https:\/\/www.abraca.cz\/wp-content\/uploads\/clip0264small-1.jpg\" data-link=\"https:\/\/www.abraca.cz\/home\/?attachment_id=857\" class=\"wp-image-857\"\/><\/figure><\/li><li class=\"blocks-gallery-item\"><figure><img loading=\"lazy\" width=\"300\" height=\"240\" src=\"https:\/\/www.abraca.cz\/wp-content\/uploads\/clip0265small-1.jpg\" alt=\"\" data-id=\"858\" data-full-url=\"https:\/\/www.abraca.cz\/wp-content\/uploads\/clip0265small-1.jpg\" data-link=\"https:\/\/www.abraca.cz\/home\/?attachment_id=858\" class=\"wp-image-858\"\/><\/figure><\/li><li class=\"blocks-gallery-item\"><figure><img loading=\"lazy\" width=\"300\" height=\"240\" src=\"https:\/\/www.abraca.cz\/wp-content\/uploads\/clip0266small-1.jpg\" alt=\"\" data-id=\"859\" data-full-url=\"https:\/\/www.abraca.cz\/wp-content\/uploads\/clip0266small-1.jpg\" data-link=\"https:\/\/www.abraca.cz\/home\/?attachment_id=859\" class=\"wp-image-859\"\/><\/figure><\/li><li class=\"blocks-gallery-item\"><figure><img loading=\"lazy\" width=\"300\" height=\"240\" src=\"https:\/\/www.abraca.cz\/wp-content\/uploads\/clip0267small-1.jpg\" alt=\"\" data-id=\"860\" data-full-url=\"https:\/\/www.abraca.cz\/wp-content\/uploads\/clip0267small-1.jpg\" data-link=\"https:\/\/www.abraca.cz\/home\/?attachment_id=860\" class=\"wp-image-860\"\/><\/figure><\/li><li class=\"blocks-gallery-item\"><figure><img loading=\"lazy\" width=\"300\" height=\"240\" src=\"https:\/\/www.abraca.cz\/wp-content\/uploads\/clip0268small-1.jpg\" alt=\"\" data-id=\"861\" data-full-url=\"https:\/\/www.abraca.cz\/wp-content\/uploads\/clip0268small-1.jpg\" data-link=\"https:\/\/www.abraca.cz\/home\/?attachment_id=861\" class=\"wp-image-861\"\/><\/figure><\/li><li class=\"blocks-gallery-item\"><figure><img loading=\"lazy\" width=\"300\" height=\"240\" src=\"https:\/\/www.abraca.cz\/wp-content\/uploads\/clip0269small-1.jpg\" alt=\"\" data-id=\"862\" data-full-url=\"https:\/\/www.abraca.cz\/wp-content\/uploads\/clip0269small-1.jpg\" data-link=\"https:\/\/www.abraca.cz\/home\/?attachment_id=862\" class=\"wp-image-862\"\/><\/figure><\/li><li class=\"blocks-gallery-item\"><figure><img loading=\"lazy\" width=\"300\" height=\"240\" src=\"https:\/\/www.abraca.cz\/wp-content\/uploads\/clip0270small-1.jpg\" alt=\"\" data-id=\"863\" data-full-url=\"https:\/\/www.abraca.cz\/wp-content\/uploads\/clip0270small-1.jpg\" data-link=\"https:\/\/www.abraca.cz\/home\/?attachment_id=863\" class=\"wp-image-863\"\/><\/figure><\/li><\/ul><\/figure>\n<\/div>\n\n\n\n<div class=\"wp-block-column\">\n<p><\/p>\n\n\n\n<p>KAMPANILA 2008<\/p>\n\n\n\n<p>Z\u00e1znam p\u0159ehl\u00eddkov\u00e9ho koncertu Setk\u00e1n\u00ed a z\u00e1v\u011bre\u010dn\u00e9ho koncertu Te Deum mezin\u00e1rodn\u00edho festivalu p\u011bveck\u00fdch sbor\u016f Kampanila 2008 v Mikulov\u011b.<\/p>\n\n\n\n<p>stop\u00e1\u017e:&nbsp; &nbsp;Setk\u00e1n\u00ed &nbsp;&nbsp;104 minut, Te Deum &nbsp;&nbsp;&nbsp;65 minut<\/p>\n<\/div>\n<\/div>\n","protected":false},"excerpt":{"rendered":"<p>KAMPANILA 2008 Z\u00e1znam p\u0159ehl\u00eddkov\u00e9ho koncertu Setk\u00e1n\u00ed a z\u00e1v\u011bre\u010dn\u00e9ho koncertu Te Deum mezin\u00e1rodn\u00edho festivalu p\u011bveck\u00fdch sbor\u016f Kampanila 2008 v Mikulov\u011b. stop\u00e1\u017e:&nbsp; &nbsp;Setk\u00e1n\u00ed &nbsp;&nbsp;104 minut, Te Deum &nbsp;&nbsp;&nbsp;65 minut<\/p>\n","protected":false},"author":1,"featured_media":0,"parent":0,"menu_order":0,"comment_status":"closed","ping_status":"closed","template":"","meta":[],"_links":{"self":[{"href":"https:\/\/www.abraca.cz\/home\/wp-json\/wp\/v2\/pages\/843"}],"collection":[{"href":"https:\/\/www.abraca.cz\/home\/wp-json\/wp\/v2\/pages"}],"about":[{"href":"https:\/\/www.abraca.cz\/home\/wp-json\/wp\/v2\/types\/page"}],"author":[{"embeddable":true,"href":"https:\/\/www.abraca.cz\/home\/wp-json\/wp\/v2\/users\/1"}],"replies":[{"embeddable":true,"href":"https:\/\/www.abraca.cz\/home\/wp-json\/wp\/v2\/comments?post=843"}],"version-history":[{"count":1,"href":"https:\/\/www.abraca.cz\/home\/wp-json\/wp\/v2\/pages\/843\/revisions"}],"predecessor-version":[{"id":864,"href":"https:\/\/www.abraca.cz\/home\/wp-json\/wp\/v2\/pages\/843\/revisions\/864"}],"wp:attachment":[{"href":"https:\/\/www.abraca.cz\/home\/wp-json\/wp\/v2\/media?parent=843"}],"curies":[{"name":"wp","href":"https:\/\/api.w.org\/{rel}","templated":true}]}}