{"id":821,"date":"2020-11-21T16:29:17","date_gmt":"2020-11-21T15:29:17","guid":{"rendered":"https:\/\/www.abraca.cz\/home\/?page_id=821"},"modified":"2020-11-21T16:29:17","modified_gmt":"2020-11-21T15:29:17","slug":"okolo-jezera-garda","status":"publish","type":"page","link":"https:\/\/www.abraca.cz\/home\/okolo-jezera-garda\/","title":{"rendered":"Okolo jezera Garda"},"content":{"rendered":"\n<div class=\"wp-block-columns\">\n<div class=\"wp-block-column\">\n<figure class=\"wp-block-gallery columns-3 is-cropped\"><ul class=\"blocks-gallery-grid\"><li class=\"blocks-gallery-item\"><figure><img loading=\"lazy\" width=\"300\" height=\"240\" src=\"https:\/\/www.abraca.cz\/wp-content\/uploads\/clip0252small-1.jpg\" alt=\"\" data-id=\"832\" data-full-url=\"https:\/\/www.abraca.cz\/wp-content\/uploads\/clip0252small-1.jpg\" data-link=\"https:\/\/www.abraca.cz\/home\/?attachment_id=832\" class=\"wp-image-832\"\/><\/figure><\/li><li class=\"blocks-gallery-item\"><figure><img loading=\"lazy\" width=\"300\" height=\"240\" src=\"https:\/\/www.abraca.cz\/wp-content\/uploads\/clip0253small.jpg\" alt=\"\" data-id=\"833\" data-full-url=\"https:\/\/www.abraca.cz\/wp-content\/uploads\/clip0253small.jpg\" data-link=\"https:\/\/www.abraca.cz\/home\/?attachment_id=833\" class=\"wp-image-833\"\/><\/figure><\/li><li class=\"blocks-gallery-item\"><figure><img loading=\"lazy\" width=\"300\" height=\"240\" src=\"https:\/\/www.abraca.cz\/wp-content\/uploads\/clip0254small.jpg\" alt=\"\" data-id=\"834\" data-full-url=\"https:\/\/www.abraca.cz\/wp-content\/uploads\/clip0254small.jpg\" data-link=\"https:\/\/www.abraca.cz\/home\/?attachment_id=834\" class=\"wp-image-834\"\/><\/figure><\/li><li class=\"blocks-gallery-item\"><figure><img loading=\"lazy\" width=\"300\" height=\"240\" src=\"https:\/\/www.abraca.cz\/wp-content\/uploads\/clip0255small.jpg\" alt=\"\" data-id=\"835\" data-full-url=\"https:\/\/www.abraca.cz\/wp-content\/uploads\/clip0255small.jpg\" data-link=\"https:\/\/www.abraca.cz\/home\/?attachment_id=835\" class=\"wp-image-835\"\/><\/figure><\/li><li class=\"blocks-gallery-item\"><figure><img loading=\"lazy\" width=\"300\" height=\"240\" src=\"https:\/\/www.abraca.cz\/wp-content\/uploads\/clip0256small.jpg\" alt=\"\" data-id=\"836\" data-full-url=\"https:\/\/www.abraca.cz\/wp-content\/uploads\/clip0256small.jpg\" data-link=\"https:\/\/www.abraca.cz\/home\/?attachment_id=836\" class=\"wp-image-836\"\/><\/figure><\/li><li class=\"blocks-gallery-item\"><figure><img loading=\"lazy\" width=\"300\" height=\"240\" src=\"https:\/\/www.abraca.cz\/wp-content\/uploads\/clip0257small.jpg\" alt=\"\" data-id=\"837\" data-full-url=\"https:\/\/www.abraca.cz\/wp-content\/uploads\/clip0257small.jpg\" data-link=\"https:\/\/www.abraca.cz\/home\/?attachment_id=837\" class=\"wp-image-837\"\/><\/figure><\/li><li class=\"blocks-gallery-item\"><figure><img loading=\"lazy\" width=\"300\" height=\"240\" src=\"https:\/\/www.abraca.cz\/wp-content\/uploads\/clip0258small.jpg\" alt=\"\" data-id=\"838\" data-full-url=\"https:\/\/www.abraca.cz\/wp-content\/uploads\/clip0258small.jpg\" data-link=\"https:\/\/www.abraca.cz\/home\/?attachment_id=838\" class=\"wp-image-838\"\/><\/figure><\/li><li class=\"blocks-gallery-item\"><figure><img loading=\"lazy\" width=\"300\" height=\"240\" src=\"https:\/\/www.abraca.cz\/wp-content\/uploads\/clip0259small.jpg\" alt=\"\" data-id=\"839\" data-full-url=\"https:\/\/www.abraca.cz\/wp-content\/uploads\/clip0259small.jpg\" data-link=\"https:\/\/www.abraca.cz\/home\/?attachment_id=839\" class=\"wp-image-839\"\/><\/figure><\/li><li class=\"blocks-gallery-item\"><figure><img loading=\"lazy\" width=\"300\" height=\"240\" src=\"https:\/\/www.abraca.cz\/wp-content\/uploads\/clip0260small.jpg\" alt=\"\" data-id=\"840\" data-full-url=\"https:\/\/www.abraca.cz\/wp-content\/uploads\/clip0260small.jpg\" data-link=\"https:\/\/www.abraca.cz\/home\/?attachment_id=840\" class=\"wp-image-840\"\/><\/figure><\/li><li class=\"blocks-gallery-item\"><figure><img loading=\"lazy\" width=\"300\" height=\"240\" src=\"https:\/\/www.abraca.cz\/wp-content\/uploads\/clip0261small.jpg\" alt=\"\" data-id=\"841\" data-full-url=\"https:\/\/www.abraca.cz\/wp-content\/uploads\/clip0261small.jpg\" data-link=\"https:\/\/www.abraca.cz\/home\/?attachment_id=841\" class=\"wp-image-841\"\/><\/figure><\/li><\/ul><\/figure>\n<\/div>\n\n\n\n<div class=\"wp-block-column\">\n<p><\/p>\n\n\n\n<p>OKOLO JEZERA GARDA<\/p>\n\n\n\n<p>Cyklistick\u00fd z\u00e1jezd pro odv\u00e1\u017en\u00e9 nab\u00edz\u00ed j\u00edzdu po horsk\u00fdch cest\u00e1ch obklopuj\u00edc\u00edch jezero Garda.<\/p>\n\n\n\n<p>stop\u00e1\u017e:&nbsp; &nbsp;8 minut<\/p>\n<\/div>\n<\/div>\n","protected":false},"excerpt":{"rendered":"<p>OKOLO JEZERA GARDA Cyklistick\u00fd z\u00e1jezd pro odv\u00e1\u017en\u00e9 nab\u00edz\u00ed j\u00edzdu po horsk\u00fdch cest\u00e1ch obklopuj\u00edc\u00edch jezero Garda. stop\u00e1\u017e:&nbsp; &nbsp;8 minut<\/p>\n","protected":false},"author":1,"featured_media":0,"parent":0,"menu_order":0,"comment_status":"closed","ping_status":"closed","template":"","meta":[],"_links":{"self":[{"href":"https:\/\/www.abraca.cz\/home\/wp-json\/wp\/v2\/pages\/821"}],"collection":[{"href":"https:\/\/www.abraca.cz\/home\/wp-json\/wp\/v2\/pages"}],"about":[{"href":"https:\/\/www.abraca.cz\/home\/wp-json\/wp\/v2\/types\/page"}],"author":[{"embeddable":true,"href":"https:\/\/www.abraca.cz\/home\/wp-json\/wp\/v2\/users\/1"}],"replies":[{"embeddable":true,"href":"https:\/\/www.abraca.cz\/home\/wp-json\/wp\/v2\/comments?post=821"}],"version-history":[{"count":1,"href":"https:\/\/www.abraca.cz\/home\/wp-json\/wp\/v2\/pages\/821\/revisions"}],"predecessor-version":[{"id":842,"href":"https:\/\/www.abraca.cz\/home\/wp-json\/wp\/v2\/pages\/821\/revisions\/842"}],"wp:attachment":[{"href":"https:\/\/www.abraca.cz\/home\/wp-json\/wp\/v2\/media?parent=821"}],"curies":[{"name":"wp","href":"https:\/\/api.w.org\/{rel}","templated":true}]}}