{"id":790,"date":"2020-11-21T16:23:42","date_gmt":"2020-11-21T15:23:42","guid":{"rendered":"https:\/\/www.abraca.cz\/home\/?page_id=790"},"modified":"2020-11-21T16:23:42","modified_gmt":"2020-11-21T15:23:42","slug":"v-sedle-pres-sedla-albanie","status":"publish","type":"page","link":"https:\/\/www.abraca.cz\/home\/v-sedle-pres-sedla-albanie\/","title":{"rendered":"V sedle p\u0159es sedla Alb\u00e1nie"},"content":{"rendered":"\n<div class=\"wp-block-columns\">\n<div class=\"wp-block-column\">\n<figure class=\"wp-block-gallery columns-3 is-cropped\"><ul class=\"blocks-gallery-grid\"><li class=\"blocks-gallery-item\"><figure><img loading=\"lazy\" width=\"300\" height=\"240\" src=\"https:\/\/www.abraca.cz\/wp-content\/uploads\/clip0203small-1.jpg\" alt=\"\" data-id=\"791\" data-full-url=\"https:\/\/www.abraca.cz\/wp-content\/uploads\/clip0203small-1.jpg\" data-link=\"https:\/\/www.abraca.cz\/home\/?attachment_id=791\" class=\"wp-image-791\"\/><\/figure><\/li><li class=\"blocks-gallery-item\"><figure><img loading=\"lazy\" width=\"300\" height=\"240\" src=\"https:\/\/www.abraca.cz\/wp-content\/uploads\/clip0204small-1.jpg\" alt=\"\" data-id=\"792\" data-full-url=\"https:\/\/www.abraca.cz\/wp-content\/uploads\/clip0204small-1.jpg\" data-link=\"https:\/\/www.abraca.cz\/home\/?attachment_id=792\" class=\"wp-image-792\"\/><\/figure><\/li><li class=\"blocks-gallery-item\"><figure><img loading=\"lazy\" width=\"300\" height=\"240\" src=\"https:\/\/www.abraca.cz\/wp-content\/uploads\/clip0205small-1.jpg\" alt=\"\" data-id=\"793\" data-full-url=\"https:\/\/www.abraca.cz\/wp-content\/uploads\/clip0205small-1.jpg\" data-link=\"https:\/\/www.abraca.cz\/home\/?attachment_id=793\" class=\"wp-image-793\"\/><\/figure><\/li><li class=\"blocks-gallery-item\"><figure><img loading=\"lazy\" width=\"300\" height=\"240\" src=\"https:\/\/www.abraca.cz\/wp-content\/uploads\/clip0206small-1.jpg\" alt=\"\" data-id=\"794\" data-full-url=\"https:\/\/www.abraca.cz\/wp-content\/uploads\/clip0206small-1.jpg\" data-link=\"https:\/\/www.abraca.cz\/home\/?attachment_id=794\" class=\"wp-image-794\"\/><\/figure><\/li><li class=\"blocks-gallery-item\"><figure><img loading=\"lazy\" width=\"300\" height=\"240\" src=\"https:\/\/www.abraca.cz\/wp-content\/uploads\/clip0207small-1.jpg\" alt=\"\" data-id=\"795\" data-full-url=\"https:\/\/www.abraca.cz\/wp-content\/uploads\/clip0207small-1.jpg\" data-link=\"https:\/\/www.abraca.cz\/home\/?attachment_id=795\" class=\"wp-image-795\"\/><\/figure><\/li><li class=\"blocks-gallery-item\"><figure><img loading=\"lazy\" width=\"300\" height=\"240\" src=\"https:\/\/www.abraca.cz\/wp-content\/uploads\/clip0208small-2.jpg\" alt=\"\" data-id=\"796\" data-full-url=\"https:\/\/www.abraca.cz\/wp-content\/uploads\/clip0208small-2.jpg\" data-link=\"https:\/\/www.abraca.cz\/home\/?attachment_id=796\" class=\"wp-image-796\"\/><\/figure><\/li><li class=\"blocks-gallery-item\"><figure><img loading=\"lazy\" width=\"300\" height=\"240\" src=\"https:\/\/www.abraca.cz\/wp-content\/uploads\/clip0209small-1.jpg\" alt=\"\" data-id=\"797\" data-full-url=\"https:\/\/www.abraca.cz\/wp-content\/uploads\/clip0209small-1.jpg\" data-link=\"https:\/\/www.abraca.cz\/home\/?attachment_id=797\" class=\"wp-image-797\"\/><\/figure><\/li><li class=\"blocks-gallery-item\"><figure><img loading=\"lazy\" width=\"300\" height=\"240\" src=\"https:\/\/www.abraca.cz\/wp-content\/uploads\/clip0210small-1.jpg\" alt=\"\" data-id=\"798\" data-full-url=\"https:\/\/www.abraca.cz\/wp-content\/uploads\/clip0210small-1.jpg\" data-link=\"https:\/\/www.abraca.cz\/home\/?attachment_id=798\" class=\"wp-image-798\"\/><\/figure><\/li><li class=\"blocks-gallery-item\"><figure><img loading=\"lazy\" width=\"300\" height=\"240\" src=\"https:\/\/www.abraca.cz\/wp-content\/uploads\/clip0211small-2.jpg\" alt=\"\" data-id=\"799\" data-full-url=\"https:\/\/www.abraca.cz\/wp-content\/uploads\/clip0211small-2.jpg\" data-link=\"https:\/\/www.abraca.cz\/home\/?attachment_id=799\" class=\"wp-image-799\"\/><\/figure><\/li><li class=\"blocks-gallery-item\"><figure><img loading=\"lazy\" width=\"300\" height=\"240\" src=\"https:\/\/www.abraca.cz\/wp-content\/uploads\/clip0212small.jpg\" alt=\"\" data-id=\"800\" data-full-url=\"https:\/\/www.abraca.cz\/wp-content\/uploads\/clip0212small.jpg\" data-link=\"https:\/\/www.abraca.cz\/home\/?attachment_id=800\" class=\"wp-image-800\"\/><\/figure><\/li><\/ul><\/figure>\n<\/div>\n\n\n\n<div class=\"wp-block-column\">\n<p><\/p>\n\n\n\n<p>V SEDLE P\u0158ES SEDLA\u00a0 ALB\u00c1NIE<\/p>\n\n\n\n<p>Na horsk\u00e9m kole p\u0159es hory a pob\u0159e\u017e\u00edm Alb\u00e1nie.<\/p>\n\n\n\n<p>stop\u00e1\u017e:&nbsp; &nbsp;25 minut<\/p>\n<\/div>\n<\/div>\n","protected":false},"excerpt":{"rendered":"<p>V SEDLE P\u0158ES SEDLA\u00a0 ALB\u00c1NIE Na horsk\u00e9m kole p\u0159es hory a pob\u0159e\u017e\u00edm Alb\u00e1nie. stop\u00e1\u017e:&nbsp; &nbsp;25 minut<\/p>\n","protected":false},"author":1,"featured_media":0,"parent":0,"menu_order":0,"comment_status":"closed","ping_status":"closed","template":"","meta":[],"_links":{"self":[{"href":"https:\/\/www.abraca.cz\/home\/wp-json\/wp\/v2\/pages\/790"}],"collection":[{"href":"https:\/\/www.abraca.cz\/home\/wp-json\/wp\/v2\/pages"}],"about":[{"href":"https:\/\/www.abraca.cz\/home\/wp-json\/wp\/v2\/types\/page"}],"author":[{"embeddable":true,"href":"https:\/\/www.abraca.cz\/home\/wp-json\/wp\/v2\/users\/1"}],"replies":[{"embeddable":true,"href":"https:\/\/www.abraca.cz\/home\/wp-json\/wp\/v2\/comments?post=790"}],"version-history":[{"count":1,"href":"https:\/\/www.abraca.cz\/home\/wp-json\/wp\/v2\/pages\/790\/revisions"}],"predecessor-version":[{"id":801,"href":"https:\/\/www.abraca.cz\/home\/wp-json\/wp\/v2\/pages\/790\/revisions\/801"}],"wp:attachment":[{"href":"https:\/\/www.abraca.cz\/home\/wp-json\/wp\/v2\/media?parent=790"}],"curies":[{"name":"wp","href":"https:\/\/api.w.org\/{rel}","templated":true}]}}