{"id":764,"date":"2020-11-21T16:21:24","date_gmt":"2020-11-21T15:21:24","guid":{"rendered":"https:\/\/www.abraca.cz\/home\/?page_id=764"},"modified":"2020-11-21T16:21:24","modified_gmt":"2020-11-21T15:21:24","slug":"virtuosi-di-mikulov","status":"publish","type":"page","link":"https:\/\/www.abraca.cz\/home\/virtuosi-di-mikulov\/","title":{"rendered":"Virtuosi di Mikulov"},"content":{"rendered":"\n<div class=\"wp-block-columns\">\n<div class=\"wp-block-column\">\n<figure class=\"wp-block-gallery columns-3 is-cropped\"><ul class=\"blocks-gallery-grid\"><li class=\"blocks-gallery-item\"><figure><img loading=\"lazy\" width=\"300\" height=\"240\" src=\"https:\/\/www.abraca.cz\/wp-content\/uploads\/clip0220small.jpg\" alt=\"\" data-id=\"765\" data-full-url=\"https:\/\/www.abraca.cz\/wp-content\/uploads\/clip0220small.jpg\" data-link=\"https:\/\/www.abraca.cz\/home\/?attachment_id=765\" class=\"wp-image-765\"\/><\/figure><\/li><li class=\"blocks-gallery-item\"><figure><img loading=\"lazy\" width=\"300\" height=\"240\" src=\"https:\/\/www.abraca.cz\/wp-content\/uploads\/clip0221small.jpg\" alt=\"\" data-id=\"766\" data-full-url=\"https:\/\/www.abraca.cz\/wp-content\/uploads\/clip0221small.jpg\" data-link=\"https:\/\/www.abraca.cz\/home\/?attachment_id=766\" class=\"wp-image-766\"\/><\/figure><\/li><li class=\"blocks-gallery-item\"><figure><img loading=\"lazy\" width=\"300\" height=\"240\" src=\"https:\/\/www.abraca.cz\/wp-content\/uploads\/clip0222small.jpg\" alt=\"\" data-id=\"767\" data-full-url=\"https:\/\/www.abraca.cz\/wp-content\/uploads\/clip0222small.jpg\" data-link=\"https:\/\/www.abraca.cz\/home\/?attachment_id=767\" class=\"wp-image-767\"\/><\/figure><\/li><li class=\"blocks-gallery-item\"><figure><img loading=\"lazy\" width=\"300\" height=\"240\" src=\"https:\/\/www.abraca.cz\/wp-content\/uploads\/clip0223small-1.jpg\" alt=\"\" data-id=\"768\" data-full-url=\"https:\/\/www.abraca.cz\/wp-content\/uploads\/clip0223small-1.jpg\" data-link=\"https:\/\/www.abraca.cz\/home\/?attachment_id=768\" class=\"wp-image-768\"\/><\/figure><\/li><li class=\"blocks-gallery-item\"><figure><img loading=\"lazy\" width=\"300\" height=\"240\" src=\"https:\/\/www.abraca.cz\/wp-content\/uploads\/clip0224small.jpg\" alt=\"\" data-id=\"769\" data-full-url=\"https:\/\/www.abraca.cz\/wp-content\/uploads\/clip0224small.jpg\" data-link=\"https:\/\/www.abraca.cz\/home\/?attachment_id=769\" class=\"wp-image-769\"\/><\/figure><\/li><li class=\"blocks-gallery-item\"><figure><img loading=\"lazy\" width=\"300\" height=\"240\" src=\"https:\/\/www.abraca.cz\/wp-content\/uploads\/clip0225small.jpg\" alt=\"\" data-id=\"770\" data-full-url=\"https:\/\/www.abraca.cz\/wp-content\/uploads\/clip0225small.jpg\" data-link=\"https:\/\/www.abraca.cz\/home\/?attachment_id=770\" class=\"wp-image-770\"\/><\/figure><\/li><li class=\"blocks-gallery-item\"><figure><img loading=\"lazy\" width=\"300\" height=\"240\" src=\"https:\/\/www.abraca.cz\/wp-content\/uploads\/clip0226small.jpg\" alt=\"\" data-id=\"771\" data-full-url=\"https:\/\/www.abraca.cz\/wp-content\/uploads\/clip0226small.jpg\" data-link=\"https:\/\/www.abraca.cz\/home\/?attachment_id=771\" class=\"wp-image-771\"\/><\/figure><\/li><li class=\"blocks-gallery-item\"><figure><img loading=\"lazy\" width=\"300\" height=\"240\" src=\"https:\/\/www.abraca.cz\/wp-content\/uploads\/clip0227small.jpg\" alt=\"\" data-id=\"772\" data-full-url=\"https:\/\/www.abraca.cz\/wp-content\/uploads\/clip0227small.jpg\" data-link=\"https:\/\/www.abraca.cz\/home\/?attachment_id=772\" class=\"wp-image-772\"\/><\/figure><\/li><li class=\"blocks-gallery-item\"><figure><img loading=\"lazy\" width=\"300\" height=\"240\" src=\"https:\/\/www.abraca.cz\/wp-content\/uploads\/clip0228small.jpg\" alt=\"\" data-id=\"773\" data-full-url=\"https:\/\/www.abraca.cz\/wp-content\/uploads\/clip0228small.jpg\" data-link=\"https:\/\/www.abraca.cz\/home\/?attachment_id=773\" class=\"wp-image-773\"\/><\/figure><\/li><li class=\"blocks-gallery-item\"><figure><img loading=\"lazy\" width=\"300\" height=\"240\" src=\"https:\/\/www.abraca.cz\/wp-content\/uploads\/clip0229small.jpg\" alt=\"\" data-id=\"774\" data-full-url=\"https:\/\/www.abraca.cz\/wp-content\/uploads\/clip0229small.jpg\" data-link=\"https:\/\/www.abraca.cz\/home\/?attachment_id=774\" class=\"wp-image-774\"\/><\/figure><\/li><li class=\"blocks-gallery-item\"><figure><img loading=\"lazy\" width=\"300\" height=\"240\" src=\"https:\/\/www.abraca.cz\/wp-content\/uploads\/clip0230small.jpg\" alt=\"\" data-id=\"775\" data-full-url=\"https:\/\/www.abraca.cz\/wp-content\/uploads\/clip0230small.jpg\" data-link=\"https:\/\/www.abraca.cz\/home\/?attachment_id=775\" class=\"wp-image-775\"\/><\/figure><\/li><\/ul><\/figure>\n<\/div>\n\n\n\n<div class=\"wp-block-column\">\n<p><\/p>\n\n\n\n<p>VIRTUOSI DI MIKULOV<\/p>\n\n\n\n<p>Dokument o sm\u00ed\u0161en\u00e9m p\u011bveck\u00e9m&nbsp;sboru&nbsp;Virtuosi di&nbsp; Mikulov a vyzn\u00e1n\u00ed \u010dlen\u016f souboru o zp\u011bvu, hudb\u011b a lidsk\u00e9m setk\u00e1v\u00e1n\u00ed.<\/p>\n\n\n\n<p>stop\u00e1\u017e:&nbsp; &nbsp;64 minut<\/p>\n<\/div>\n<\/div>\n","protected":false},"excerpt":{"rendered":"<p>VIRTUOSI DI MIKULOV Dokument o sm\u00ed\u0161en\u00e9m p\u011bveck\u00e9m&nbsp;sboru&nbsp;Virtuosi di&nbsp; Mikulov a vyzn\u00e1n\u00ed \u010dlen\u016f souboru o zp\u011bvu, hudb\u011b a lidsk\u00e9m setk\u00e1v\u00e1n\u00ed. stop\u00e1\u017e:&nbsp; &nbsp;64 minut<\/p>\n","protected":false},"author":1,"featured_media":0,"parent":0,"menu_order":0,"comment_status":"closed","ping_status":"closed","template":"","meta":[],"_links":{"self":[{"href":"https:\/\/www.abraca.cz\/home\/wp-json\/wp\/v2\/pages\/764"}],"collection":[{"href":"https:\/\/www.abraca.cz\/home\/wp-json\/wp\/v2\/pages"}],"about":[{"href":"https:\/\/www.abraca.cz\/home\/wp-json\/wp\/v2\/types\/page"}],"author":[{"embeddable":true,"href":"https:\/\/www.abraca.cz\/home\/wp-json\/wp\/v2\/users\/1"}],"replies":[{"embeddable":true,"href":"https:\/\/www.abraca.cz\/home\/wp-json\/wp\/v2\/comments?post=764"}],"version-history":[{"count":1,"href":"https:\/\/www.abraca.cz\/home\/wp-json\/wp\/v2\/pages\/764\/revisions"}],"predecessor-version":[{"id":776,"href":"https:\/\/www.abraca.cz\/home\/wp-json\/wp\/v2\/pages\/764\/revisions\/776"}],"wp:attachment":[{"href":"https:\/\/www.abraca.cz\/home\/wp-json\/wp\/v2\/media?parent=764"}],"curies":[{"name":"wp","href":"https:\/\/api.w.org\/{rel}","templated":true}]}}