{"id":755,"date":"2020-11-21T16:20:10","date_gmt":"2020-11-21T15:20:10","guid":{"rendered":"https:\/\/www.abraca.cz\/home\/?page_id=755"},"modified":"2020-11-21T16:20:10","modified_gmt":"2020-11-21T15:20:10","slug":"okolo-sardinie","status":"publish","type":"page","link":"https:\/\/www.abraca.cz\/home\/okolo-sardinie\/","title":{"rendered":"Okolo Sardinie"},"content":{"rendered":"\n<div class=\"wp-block-columns\">\n<div class=\"wp-block-column\">\n<figure class=\"wp-block-gallery columns-3 is-cropped\"><ul class=\"blocks-gallery-grid\"><li class=\"blocks-gallery-item\"><figure><img loading=\"lazy\" width=\"300\" height=\"240\" src=\"https:\/\/www.abraca.cz\/wp-content\/uploads\/clip0213small.jpg\" alt=\"\" data-id=\"756\" data-full-url=\"https:\/\/www.abraca.cz\/wp-content\/uploads\/clip0213small.jpg\" data-link=\"https:\/\/www.abraca.cz\/home\/?attachment_id=756\" class=\"wp-image-756\"\/><\/figure><\/li><li class=\"blocks-gallery-item\"><figure><img loading=\"lazy\" width=\"300\" height=\"240\" src=\"https:\/\/www.abraca.cz\/wp-content\/uploads\/clip0214small.jpg\" alt=\"\" data-id=\"757\" data-full-url=\"https:\/\/www.abraca.cz\/wp-content\/uploads\/clip0214small.jpg\" data-link=\"https:\/\/www.abraca.cz\/home\/?attachment_id=757\" class=\"wp-image-757\"\/><\/figure><\/li><li class=\"blocks-gallery-item\"><figure><img loading=\"lazy\" width=\"300\" height=\"240\" src=\"https:\/\/www.abraca.cz\/wp-content\/uploads\/clip0215small.jpg\" alt=\"\" data-id=\"758\" data-full-url=\"https:\/\/www.abraca.cz\/wp-content\/uploads\/clip0215small.jpg\" data-link=\"https:\/\/www.abraca.cz\/home\/?attachment_id=758\" class=\"wp-image-758\"\/><\/figure><\/li><li class=\"blocks-gallery-item\"><figure><img loading=\"lazy\" width=\"300\" height=\"240\" src=\"https:\/\/www.abraca.cz\/wp-content\/uploads\/clip0216small-1.jpg\" alt=\"\" data-id=\"759\" data-full-url=\"https:\/\/www.abraca.cz\/wp-content\/uploads\/clip0216small-1.jpg\" data-link=\"https:\/\/www.abraca.cz\/home\/?attachment_id=759\" class=\"wp-image-759\"\/><\/figure><\/li><li class=\"blocks-gallery-item\"><figure><img loading=\"lazy\" width=\"300\" height=\"240\" src=\"https:\/\/www.abraca.cz\/wp-content\/uploads\/clip0217small.jpg\" alt=\"\" data-id=\"760\" data-full-url=\"https:\/\/www.abraca.cz\/wp-content\/uploads\/clip0217small.jpg\" data-link=\"https:\/\/www.abraca.cz\/home\/?attachment_id=760\" class=\"wp-image-760\"\/><\/figure><\/li><li class=\"blocks-gallery-item\"><figure><img loading=\"lazy\" width=\"300\" height=\"240\" src=\"https:\/\/www.abraca.cz\/wp-content\/uploads\/clip0218small.jpg\" alt=\"\" data-id=\"761\" data-full-url=\"https:\/\/www.abraca.cz\/wp-content\/uploads\/clip0218small.jpg\" data-link=\"https:\/\/www.abraca.cz\/home\/?attachment_id=761\" class=\"wp-image-761\"\/><\/figure><\/li><li class=\"blocks-gallery-item\"><figure><img loading=\"lazy\" width=\"300\" height=\"240\" src=\"https:\/\/www.abraca.cz\/wp-content\/uploads\/clip0219small.jpg\" alt=\"\" data-id=\"762\" data-full-url=\"https:\/\/www.abraca.cz\/wp-content\/uploads\/clip0219small.jpg\" data-link=\"https:\/\/www.abraca.cz\/home\/?attachment_id=762\" class=\"wp-image-762\"\/><\/figure><\/li><\/ul><\/figure>\n<\/div>\n\n\n\n<div class=\"wp-block-column\">\n<p><\/p>\n\n\n\n<p>OKOLO SARDINIE<\/p>\n\n\n\n<p>Cyklistick\u00fd okruh p\u0159es poho\u0159\u00ed, m\u011bsta a pob\u0159e\u017e\u00ed Sardinie.<\/p>\n\n\n\n<p>stop\u00e1\u017e:&nbsp; 26 minut<\/p>\n<\/div>\n<\/div>\n","protected":false},"excerpt":{"rendered":"<p>OKOLO SARDINIE Cyklistick\u00fd okruh p\u0159es poho\u0159\u00ed, m\u011bsta a pob\u0159e\u017e\u00ed Sardinie. stop\u00e1\u017e:&nbsp; 26 minut<\/p>\n","protected":false},"author":1,"featured_media":0,"parent":0,"menu_order":0,"comment_status":"closed","ping_status":"closed","template":"","meta":[],"_links":{"self":[{"href":"https:\/\/www.abraca.cz\/home\/wp-json\/wp\/v2\/pages\/755"}],"collection":[{"href":"https:\/\/www.abraca.cz\/home\/wp-json\/wp\/v2\/pages"}],"about":[{"href":"https:\/\/www.abraca.cz\/home\/wp-json\/wp\/v2\/types\/page"}],"author":[{"embeddable":true,"href":"https:\/\/www.abraca.cz\/home\/wp-json\/wp\/v2\/users\/1"}],"replies":[{"embeddable":true,"href":"https:\/\/www.abraca.cz\/home\/wp-json\/wp\/v2\/comments?post=755"}],"version-history":[{"count":1,"href":"https:\/\/www.abraca.cz\/home\/wp-json\/wp\/v2\/pages\/755\/revisions"}],"predecessor-version":[{"id":763,"href":"https:\/\/www.abraca.cz\/home\/wp-json\/wp\/v2\/pages\/755\/revisions\/763"}],"wp:attachment":[{"href":"https:\/\/www.abraca.cz\/home\/wp-json\/wp\/v2\/media?parent=755"}],"curies":[{"name":"wp","href":"https:\/\/api.w.org\/{rel}","templated":true}]}}