{"id":737,"date":"2020-11-21T16:17:57","date_gmt":"2020-11-21T15:17:57","guid":{"rendered":"https:\/\/www.abraca.cz\/home\/?page_id=737"},"modified":"2020-11-21T16:17:57","modified_gmt":"2020-11-21T15:17:57","slug":"avebury","status":"publish","type":"page","link":"https:\/\/www.abraca.cz\/home\/avebury\/","title":{"rendered":"Avebury"},"content":{"rendered":"\n<div class=\"wp-block-columns\">\n<div class=\"wp-block-column\">\n<figure class=\"wp-block-gallery columns-3 is-cropped\"><ul class=\"blocks-gallery-grid\"><li class=\"blocks-gallery-item\"><figure><img loading=\"lazy\" width=\"300\" height=\"240\" src=\"https:\/\/www.abraca.cz\/wp-content\/uploads\/clip0179small.jpg\" alt=\"\" data-id=\"738\" data-full-url=\"https:\/\/www.abraca.cz\/wp-content\/uploads\/clip0179small.jpg\" data-link=\"https:\/\/www.abraca.cz\/home\/?attachment_id=738\" class=\"wp-image-738\"\/><\/figure><\/li><li class=\"blocks-gallery-item\"><figure><img loading=\"lazy\" width=\"300\" height=\"240\" src=\"https:\/\/www.abraca.cz\/wp-content\/uploads\/clip0180small.jpg\" alt=\"\" data-id=\"739\" data-full-url=\"https:\/\/www.abraca.cz\/wp-content\/uploads\/clip0180small.jpg\" data-link=\"https:\/\/www.abraca.cz\/home\/?attachment_id=739\" class=\"wp-image-739\"\/><\/figure><\/li><li class=\"blocks-gallery-item\"><figure><img loading=\"lazy\" width=\"300\" height=\"240\" src=\"https:\/\/www.abraca.cz\/wp-content\/uploads\/clip0181small.jpg\" alt=\"\" data-id=\"740\" data-full-url=\"https:\/\/www.abraca.cz\/wp-content\/uploads\/clip0181small.jpg\" data-link=\"https:\/\/www.abraca.cz\/home\/?attachment_id=740\" class=\"wp-image-740\"\/><\/figure><\/li><li class=\"blocks-gallery-item\"><figure><img loading=\"lazy\" width=\"300\" height=\"240\" src=\"https:\/\/www.abraca.cz\/wp-content\/uploads\/clip0182small.jpg\" alt=\"\" data-id=\"741\" data-full-url=\"https:\/\/www.abraca.cz\/wp-content\/uploads\/clip0182small.jpg\" data-link=\"https:\/\/www.abraca.cz\/home\/?attachment_id=741\" class=\"wp-image-741\"\/><\/figure><\/li><li class=\"blocks-gallery-item\"><figure><img loading=\"lazy\" width=\"300\" height=\"240\" src=\"https:\/\/www.abraca.cz\/wp-content\/uploads\/clip0183small-1.jpg\" alt=\"\" data-id=\"742\" data-full-url=\"https:\/\/www.abraca.cz\/wp-content\/uploads\/clip0183small-1.jpg\" data-link=\"https:\/\/www.abraca.cz\/home\/?attachment_id=742\" class=\"wp-image-742\"\/><\/figure><\/li><li class=\"blocks-gallery-item\"><figure><img loading=\"lazy\" width=\"100\" height=\"80\" src=\"https:\/\/www.abraca.cz\/wp-content\/uploads\/clip0183supersmall.jpg\" alt=\"\" data-id=\"743\" data-link=\"https:\/\/www.abraca.cz\/home\/?attachment_id=743\" class=\"wp-image-743\"\/><\/figure><\/li><li class=\"blocks-gallery-item\"><figure><img loading=\"lazy\" width=\"300\" height=\"240\" src=\"https:\/\/www.abraca.cz\/wp-content\/uploads\/clip0184small.jpg\" alt=\"\" data-id=\"744\" data-full-url=\"https:\/\/www.abraca.cz\/wp-content\/uploads\/clip0184small.jpg\" data-link=\"https:\/\/www.abraca.cz\/home\/?attachment_id=744\" class=\"wp-image-744\"\/><\/figure><\/li><li class=\"blocks-gallery-item\"><figure><img loading=\"lazy\" width=\"300\" height=\"240\" src=\"https:\/\/www.abraca.cz\/wp-content\/uploads\/clip0185small.jpg\" alt=\"\" data-id=\"745\" data-full-url=\"https:\/\/www.abraca.cz\/wp-content\/uploads\/clip0185small.jpg\" data-link=\"https:\/\/www.abraca.cz\/home\/?attachment_id=745\" class=\"wp-image-745\"\/><\/figure><\/li><\/ul><\/figure>\n<\/div>\n\n\n\n<div class=\"wp-block-column\">\n<p><\/p>\n\n\n\n<p>AVEBURY<\/p>\n\n\n\n<p>O tajemn\u00e9 s\u00edle kamen\u016f&nbsp; na m\u00edst\u011b s poz\u016fstatky nejv\u011bt\u0161\u00edho megalitick\u00e9ho kruhu kamen\u016f na sv\u011bt\u011b.<\/p>\n\n\n\n<p>stop\u00e1\u017e:&nbsp; &nbsp;5 minut<\/p>\n<\/div>\n<\/div>\n","protected":false},"excerpt":{"rendered":"<p>AVEBURY O tajemn\u00e9 s\u00edle kamen\u016f&nbsp; na m\u00edst\u011b s poz\u016fstatky nejv\u011bt\u0161\u00edho megalitick\u00e9ho kruhu kamen\u016f na sv\u011bt\u011b. stop\u00e1\u017e:&nbsp; &nbsp;5 minut<\/p>\n","protected":false},"author":1,"featured_media":0,"parent":0,"menu_order":0,"comment_status":"closed","ping_status":"closed","template":"","meta":[],"_links":{"self":[{"href":"https:\/\/www.abraca.cz\/home\/wp-json\/wp\/v2\/pages\/737"}],"collection":[{"href":"https:\/\/www.abraca.cz\/home\/wp-json\/wp\/v2\/pages"}],"about":[{"href":"https:\/\/www.abraca.cz\/home\/wp-json\/wp\/v2\/types\/page"}],"author":[{"embeddable":true,"href":"https:\/\/www.abraca.cz\/home\/wp-json\/wp\/v2\/users\/1"}],"replies":[{"embeddable":true,"href":"https:\/\/www.abraca.cz\/home\/wp-json\/wp\/v2\/comments?post=737"}],"version-history":[{"count":1,"href":"https:\/\/www.abraca.cz\/home\/wp-json\/wp\/v2\/pages\/737\/revisions"}],"predecessor-version":[{"id":746,"href":"https:\/\/www.abraca.cz\/home\/wp-json\/wp\/v2\/pages\/737\/revisions\/746"}],"wp:attachment":[{"href":"https:\/\/www.abraca.cz\/home\/wp-json\/wp\/v2\/media?parent=737"}],"curies":[{"name":"wp","href":"https:\/\/api.w.org\/{rel}","templated":true}]}}