{"id":726,"date":"2020-11-21T16:16:59","date_gmt":"2020-11-21T15:16:59","guid":{"rendered":"https:\/\/www.abraca.cz\/home\/?page_id=726"},"modified":"2020-11-21T16:16:59","modified_gmt":"2020-11-21T15:16:59","slug":"bristol-bath-wells","status":"publish","type":"page","link":"https:\/\/www.abraca.cz\/home\/bristol-bath-wells\/","title":{"rendered":"Bristol, Bath, Wells"},"content":{"rendered":"\n<div class=\"wp-block-columns\">\n<div class=\"wp-block-column\">\n<figure class=\"wp-block-gallery columns-3 is-cropped\"><ul class=\"blocks-gallery-grid\"><li class=\"blocks-gallery-item\"><figure><img loading=\"lazy\" width=\"300\" height=\"240\" src=\"https:\/\/www.abraca.cz\/wp-content\/uploads\/clip0170small-1.jpg\" alt=\"\" data-id=\"727\" data-full-url=\"https:\/\/www.abraca.cz\/wp-content\/uploads\/clip0170small-1.jpg\" data-link=\"https:\/\/www.abraca.cz\/home\/?attachment_id=727\" class=\"wp-image-727\"\/><\/figure><\/li><li class=\"blocks-gallery-item\"><figure><img loading=\"lazy\" width=\"300\" height=\"240\" src=\"https:\/\/www.abraca.cz\/wp-content\/uploads\/clip0171small.jpg\" alt=\"\" data-id=\"728\" data-full-url=\"https:\/\/www.abraca.cz\/wp-content\/uploads\/clip0171small.jpg\" data-link=\"https:\/\/www.abraca.cz\/home\/?attachment_id=728\" class=\"wp-image-728\"\/><\/figure><\/li><li class=\"blocks-gallery-item\"><figure><img loading=\"lazy\" width=\"300\" height=\"240\" src=\"https:\/\/www.abraca.cz\/wp-content\/uploads\/clip0172small.jpg\" alt=\"\" data-id=\"729\" data-full-url=\"https:\/\/www.abraca.cz\/wp-content\/uploads\/clip0172small.jpg\" data-link=\"https:\/\/www.abraca.cz\/home\/?attachment_id=729\" class=\"wp-image-729\"\/><\/figure><\/li><li class=\"blocks-gallery-item\"><figure><img loading=\"lazy\" width=\"300\" height=\"240\" src=\"https:\/\/www.abraca.cz\/wp-content\/uploads\/clip0173small.jpg\" alt=\"\" data-id=\"730\" data-full-url=\"https:\/\/www.abraca.cz\/wp-content\/uploads\/clip0173small.jpg\" data-link=\"https:\/\/www.abraca.cz\/home\/?attachment_id=730\" class=\"wp-image-730\"\/><\/figure><\/li><li class=\"blocks-gallery-item\"><figure><img loading=\"lazy\" width=\"300\" height=\"240\" src=\"https:\/\/www.abraca.cz\/wp-content\/uploads\/clip0174small.jpg\" alt=\"\" data-id=\"731\" data-full-url=\"https:\/\/www.abraca.cz\/wp-content\/uploads\/clip0174small.jpg\" data-link=\"https:\/\/www.abraca.cz\/home\/?attachment_id=731\" class=\"wp-image-731\"\/><\/figure><\/li><li class=\"blocks-gallery-item\"><figure><img loading=\"lazy\" width=\"300\" height=\"240\" src=\"https:\/\/www.abraca.cz\/wp-content\/uploads\/clip0175small.jpg\" alt=\"\" data-id=\"732\" data-full-url=\"https:\/\/www.abraca.cz\/wp-content\/uploads\/clip0175small.jpg\" data-link=\"https:\/\/www.abraca.cz\/home\/?attachment_id=732\" class=\"wp-image-732\"\/><\/figure><\/li><li class=\"blocks-gallery-item\"><figure><img loading=\"lazy\" width=\"300\" height=\"240\" src=\"https:\/\/www.abraca.cz\/wp-content\/uploads\/clip0176small.jpg\" alt=\"\" data-id=\"733\" data-full-url=\"https:\/\/www.abraca.cz\/wp-content\/uploads\/clip0176small.jpg\" data-link=\"https:\/\/www.abraca.cz\/home\/?attachment_id=733\" class=\"wp-image-733\"\/><\/figure><\/li><li class=\"blocks-gallery-item\"><figure><img loading=\"lazy\" width=\"300\" height=\"240\" src=\"https:\/\/www.abraca.cz\/wp-content\/uploads\/clip0177small.jpg\" alt=\"\" data-id=\"734\" data-full-url=\"https:\/\/www.abraca.cz\/wp-content\/uploads\/clip0177small.jpg\" data-link=\"https:\/\/www.abraca.cz\/home\/?attachment_id=734\" class=\"wp-image-734\"\/><\/figure><\/li><li class=\"blocks-gallery-item\"><figure><img loading=\"lazy\" width=\"300\" height=\"240\" src=\"https:\/\/www.abraca.cz\/wp-content\/uploads\/clip0178small.jpg\" alt=\"\" data-id=\"735\" data-full-url=\"https:\/\/www.abraca.cz\/wp-content\/uploads\/clip0178small.jpg\" data-link=\"https:\/\/www.abraca.cz\/home\/?attachment_id=735\" class=\"wp-image-735\"\/><\/figure><\/li><\/ul><\/figure>\n<\/div>\n\n\n\n<div class=\"wp-block-column\">\n<p><\/p>\n\n\n\n<p>BRISTOL, BATH, WELLS<\/p>\n\n\n\n<p>Na n\u00e1v\u0161t\u011bv\u011b anglick\u00e9ho m\u011bsta Bristol, p\u016fvodn\u00edch \u0159\u00edmsk\u00fdch l\u00e1zn\u00ed Bath a mal\u00e9ho m\u011bste\u010dka s velkou katedr\u00e1lou &#8211; Wells.<\/p>\n\n\n\n<p>stop\u00e1\u017e:&nbsp; &nbsp;16 minut<\/p>\n<\/div>\n<\/div>\n","protected":false},"excerpt":{"rendered":"<p>BRISTOL, BATH, WELLS Na n\u00e1v\u0161t\u011bv\u011b anglick\u00e9ho m\u011bsta Bristol, p\u016fvodn\u00edch \u0159\u00edmsk\u00fdch l\u00e1zn\u00ed Bath a mal\u00e9ho m\u011bste\u010dka s velkou katedr\u00e1lou &#8211; Wells. stop\u00e1\u017e:&nbsp; &nbsp;16 minut<\/p>\n","protected":false},"author":1,"featured_media":0,"parent":0,"menu_order":0,"comment_status":"closed","ping_status":"closed","template":"","meta":[],"_links":{"self":[{"href":"https:\/\/www.abraca.cz\/home\/wp-json\/wp\/v2\/pages\/726"}],"collection":[{"href":"https:\/\/www.abraca.cz\/home\/wp-json\/wp\/v2\/pages"}],"about":[{"href":"https:\/\/www.abraca.cz\/home\/wp-json\/wp\/v2\/types\/page"}],"author":[{"embeddable":true,"href":"https:\/\/www.abraca.cz\/home\/wp-json\/wp\/v2\/users\/1"}],"replies":[{"embeddable":true,"href":"https:\/\/www.abraca.cz\/home\/wp-json\/wp\/v2\/comments?post=726"}],"version-history":[{"count":1,"href":"https:\/\/www.abraca.cz\/home\/wp-json\/wp\/v2\/pages\/726\/revisions"}],"predecessor-version":[{"id":736,"href":"https:\/\/www.abraca.cz\/home\/wp-json\/wp\/v2\/pages\/726\/revisions\/736"}],"wp:attachment":[{"href":"https:\/\/www.abraca.cz\/home\/wp-json\/wp\/v2\/media?parent=726"}],"curies":[{"name":"wp","href":"https:\/\/api.w.org\/{rel}","templated":true}]}}