{"id":714,"date":"2020-11-21T16:14:52","date_gmt":"2020-11-21T15:14:52","guid":{"rendered":"https:\/\/www.abraca.cz\/home\/?page_id=714"},"modified":"2020-11-21T16:14:52","modified_gmt":"2020-11-21T15:14:52","slug":"atelier-open-2006","status":"publish","type":"page","link":"https:\/\/www.abraca.cz\/home\/atelier-open-2006\/","title":{"rendered":"Atelier open 2006"},"content":{"rendered":"\n<div class=\"wp-block-columns\">\n<div class=\"wp-block-column\">\n<figure class=\"wp-block-gallery columns-3 is-cropped\"><ul class=\"blocks-gallery-grid\"><li class=\"blocks-gallery-item\"><figure><img loading=\"lazy\" width=\"300\" height=\"240\" src=\"https:\/\/www.abraca.cz\/wp-content\/uploads\/clip0202small.jpg\" alt=\"\" data-id=\"715\" data-full-url=\"https:\/\/www.abraca.cz\/wp-content\/uploads\/clip0202small.jpg\" data-link=\"https:\/\/www.abraca.cz\/home\/?attachment_id=715\" class=\"wp-image-715\"\/><\/figure><\/li><li class=\"blocks-gallery-item\"><figure><img loading=\"lazy\" width=\"300\" height=\"240\" src=\"https:\/\/www.abraca.cz\/wp-content\/uploads\/clip0203small.jpg\" alt=\"\" data-id=\"716\" data-full-url=\"https:\/\/www.abraca.cz\/wp-content\/uploads\/clip0203small.jpg\" data-link=\"https:\/\/www.abraca.cz\/home\/?attachment_id=716\" class=\"wp-image-716\"\/><\/figure><\/li><li class=\"blocks-gallery-item\"><figure><img loading=\"lazy\" width=\"300\" height=\"240\" src=\"https:\/\/www.abraca.cz\/wp-content\/uploads\/clip0204small.jpg\" alt=\"\" data-id=\"717\" data-full-url=\"https:\/\/www.abraca.cz\/wp-content\/uploads\/clip0204small.jpg\" data-link=\"https:\/\/www.abraca.cz\/home\/?attachment_id=717\" class=\"wp-image-717\"\/><\/figure><\/li><li class=\"blocks-gallery-item\"><figure><img loading=\"lazy\" width=\"300\" height=\"240\" src=\"https:\/\/www.abraca.cz\/wp-content\/uploads\/clip0205small.jpg\" alt=\"\" data-id=\"718\" data-full-url=\"https:\/\/www.abraca.cz\/wp-content\/uploads\/clip0205small.jpg\" data-link=\"https:\/\/www.abraca.cz\/home\/?attachment_id=718\" class=\"wp-image-718\"\/><\/figure><\/li><li class=\"blocks-gallery-item\"><figure><img loading=\"lazy\" width=\"300\" height=\"240\" src=\"https:\/\/www.abraca.cz\/wp-content\/uploads\/clip0206small.jpg\" alt=\"\" data-id=\"719\" data-full-url=\"https:\/\/www.abraca.cz\/wp-content\/uploads\/clip0206small.jpg\" data-link=\"https:\/\/www.abraca.cz\/home\/?attachment_id=719\" class=\"wp-image-719\"\/><\/figure><\/li><li class=\"blocks-gallery-item\"><figure><img loading=\"lazy\" width=\"300\" height=\"240\" src=\"https:\/\/www.abraca.cz\/wp-content\/uploads\/clip0207small.jpg\" alt=\"\" data-id=\"720\" data-full-url=\"https:\/\/www.abraca.cz\/wp-content\/uploads\/clip0207small.jpg\" data-link=\"https:\/\/www.abraca.cz\/home\/?attachment_id=720\" class=\"wp-image-720\"\/><\/figure><\/li><li class=\"blocks-gallery-item\"><figure><img loading=\"lazy\" width=\"300\" height=\"240\" src=\"https:\/\/www.abraca.cz\/wp-content\/uploads\/clip0208small-1.jpg\" alt=\"\" data-id=\"721\" data-full-url=\"https:\/\/www.abraca.cz\/wp-content\/uploads\/clip0208small-1.jpg\" data-link=\"https:\/\/www.abraca.cz\/home\/?attachment_id=721\" class=\"wp-image-721\"\/><\/figure><\/li><li class=\"blocks-gallery-item\"><figure><img loading=\"lazy\" width=\"300\" height=\"240\" src=\"https:\/\/www.abraca.cz\/wp-content\/uploads\/clip0209small.jpg\" alt=\"\" data-id=\"722\" data-full-url=\"https:\/\/www.abraca.cz\/wp-content\/uploads\/clip0209small.jpg\" data-link=\"https:\/\/www.abraca.cz\/home\/?attachment_id=722\" class=\"wp-image-722\"\/><\/figure><\/li><li class=\"blocks-gallery-item\"><figure><img loading=\"lazy\" width=\"300\" height=\"240\" src=\"https:\/\/www.abraca.cz\/wp-content\/uploads\/clip0210small.jpg\" alt=\"\" data-id=\"723\" data-full-url=\"https:\/\/www.abraca.cz\/wp-content\/uploads\/clip0210small.jpg\" data-link=\"https:\/\/www.abraca.cz\/home\/?attachment_id=723\" class=\"wp-image-723\"\/><\/figure><\/li><li class=\"blocks-gallery-item\"><figure><img loading=\"lazy\" width=\"300\" height=\"240\" src=\"https:\/\/www.abraca.cz\/wp-content\/uploads\/clip0211small-1.jpg\" alt=\"\" data-id=\"724\" data-full-url=\"https:\/\/www.abraca.cz\/wp-content\/uploads\/clip0211small-1.jpg\" data-link=\"https:\/\/www.abraca.cz\/home\/?attachment_id=724\" class=\"wp-image-724\"\/><\/figure><\/li><\/ul><\/figure>\n<\/div>\n\n\n\n<div class=\"wp-block-column\">\n<p><\/p>\n\n\n\n<p>ATELIER OPEN 2006<\/p>\n\n\n\n<p>P\u00e1r nahl\u00e9dnut\u00ed do ateli\u00e9r\u016f b\u011bhem druh\u00e9ho ro\u010dn\u00edku brn\u011bnsk\u00e9ho projektu otev\u0159en\u00fdch ateli\u00e9r\u016f &#8222;Atelier Open&#8220;. V\u00fdtvarn\u00edci, kte\u0159\u00ed nemohli otev\u0159\u00edt sv\u016fj ateli\u00e9r dostali mo\u017enost prezentace v prostor\u00e1ch star\u00e9 kal\u00edrny brn\u011bnsk\u00e9 Zbrojovky.<\/p>\n\n\n\n<p>stop\u00e1\u017e:&nbsp; &nbsp;14 minut<\/p>\n<\/div>\n<\/div>\n","protected":false},"excerpt":{"rendered":"<p>ATELIER OPEN 2006 P\u00e1r nahl\u00e9dnut\u00ed do ateli\u00e9r\u016f b\u011bhem druh\u00e9ho ro\u010dn\u00edku brn\u011bnsk\u00e9ho projektu otev\u0159en\u00fdch ateli\u00e9r\u016f &#8222;Atelier Open&#8220;. V\u00fdtvarn\u00edci, kte\u0159\u00ed nemohli otev\u0159\u00edt sv\u016fj ateli\u00e9r dostali mo\u017enost prezentace v prostor\u00e1ch star\u00e9 kal\u00edrny brn\u011bnsk\u00e9 Zbrojovky. stop\u00e1\u017e:&nbsp; &nbsp;14 minut<\/p>\n","protected":false},"author":1,"featured_media":0,"parent":0,"menu_order":0,"comment_status":"closed","ping_status":"closed","template":"","meta":[],"_links":{"self":[{"href":"https:\/\/www.abraca.cz\/home\/wp-json\/wp\/v2\/pages\/714"}],"collection":[{"href":"https:\/\/www.abraca.cz\/home\/wp-json\/wp\/v2\/pages"}],"about":[{"href":"https:\/\/www.abraca.cz\/home\/wp-json\/wp\/v2\/types\/page"}],"author":[{"embeddable":true,"href":"https:\/\/www.abraca.cz\/home\/wp-json\/wp\/v2\/users\/1"}],"replies":[{"embeddable":true,"href":"https:\/\/www.abraca.cz\/home\/wp-json\/wp\/v2\/comments?post=714"}],"version-history":[{"count":1,"href":"https:\/\/www.abraca.cz\/home\/wp-json\/wp\/v2\/pages\/714\/revisions"}],"predecessor-version":[{"id":725,"href":"https:\/\/www.abraca.cz\/home\/wp-json\/wp\/v2\/pages\/714\/revisions\/725"}],"wp:attachment":[{"href":"https:\/\/www.abraca.cz\/home\/wp-json\/wp\/v2\/media?parent=714"}],"curies":[{"name":"wp","href":"https:\/\/api.w.org\/{rel}","templated":true}]}}