{"id":695,"date":"2020-11-21T16:13:00","date_gmt":"2020-11-21T15:13:00","guid":{"rendered":"https:\/\/www.abraca.cz\/home\/?page_id=695"},"modified":"2020-11-21T16:13:00","modified_gmt":"2020-11-21T15:13:00","slug":"iberica-koncert","status":"publish","type":"page","link":"https:\/\/www.abraca.cz\/home\/iberica-koncert\/","title":{"rendered":"Iberica &#8211; koncert"},"content":{"rendered":"\n<div class=\"wp-block-columns\">\n<div class=\"wp-block-column\">\n<figure class=\"wp-block-gallery columns-3 is-cropped\"><ul class=\"blocks-gallery-grid\"><li class=\"blocks-gallery-item\"><figure><img loading=\"lazy\" width=\"300\" height=\"240\" src=\"https:\/\/www.abraca.cz\/wp-content\/uploads\/clip0143small.jpg\" alt=\"\" data-id=\"696\" data-full-url=\"https:\/\/www.abraca.cz\/wp-content\/uploads\/clip0143small.jpg\" data-link=\"https:\/\/www.abraca.cz\/home\/?attachment_id=696\" class=\"wp-image-696\"\/><\/figure><\/li><li class=\"blocks-gallery-item\"><figure><img loading=\"lazy\" width=\"300\" height=\"240\" src=\"https:\/\/www.abraca.cz\/wp-content\/uploads\/clip0144small.jpg\" alt=\"\" data-id=\"697\" data-full-url=\"https:\/\/www.abraca.cz\/wp-content\/uploads\/clip0144small.jpg\" data-link=\"https:\/\/www.abraca.cz\/home\/?attachment_id=697\" class=\"wp-image-697\"\/><\/figure><\/li><li class=\"blocks-gallery-item\"><figure><img loading=\"lazy\" width=\"300\" height=\"240\" src=\"https:\/\/www.abraca.cz\/wp-content\/uploads\/clip0145small.jpg\" alt=\"\" data-id=\"698\" data-full-url=\"https:\/\/www.abraca.cz\/wp-content\/uploads\/clip0145small.jpg\" data-link=\"https:\/\/www.abraca.cz\/home\/?attachment_id=698\" class=\"wp-image-698\"\/><\/figure><\/li><li class=\"blocks-gallery-item\"><figure><img loading=\"lazy\" width=\"300\" height=\"240\" src=\"https:\/\/www.abraca.cz\/wp-content\/uploads\/clip0146small.jpg\" alt=\"\" data-id=\"699\" data-full-url=\"https:\/\/www.abraca.cz\/wp-content\/uploads\/clip0146small.jpg\" data-link=\"https:\/\/www.abraca.cz\/home\/?attachment_id=699\" class=\"wp-image-699\"\/><\/figure><\/li><li class=\"blocks-gallery-item\"><figure><img loading=\"lazy\" width=\"300\" height=\"240\" src=\"https:\/\/www.abraca.cz\/wp-content\/uploads\/clip0147small.jpg\" alt=\"\" data-id=\"700\" data-full-url=\"https:\/\/www.abraca.cz\/wp-content\/uploads\/clip0147small.jpg\" data-link=\"https:\/\/www.abraca.cz\/home\/?attachment_id=700\" class=\"wp-image-700\"\/><\/figure><\/li><li class=\"blocks-gallery-item\"><figure><img loading=\"lazy\" width=\"300\" height=\"240\" src=\"https:\/\/www.abraca.cz\/wp-content\/uploads\/clip0148small.jpg\" alt=\"\" data-id=\"701\" data-full-url=\"https:\/\/www.abraca.cz\/wp-content\/uploads\/clip0148small.jpg\" data-link=\"https:\/\/www.abraca.cz\/home\/?attachment_id=701\" class=\"wp-image-701\"\/><\/figure><\/li><li class=\"blocks-gallery-item\"><figure><img loading=\"lazy\" width=\"300\" height=\"240\" src=\"https:\/\/www.abraca.cz\/wp-content\/uploads\/clip0149small.jpg\" alt=\"\" data-id=\"702\" data-full-url=\"https:\/\/www.abraca.cz\/wp-content\/uploads\/clip0149small.jpg\" data-link=\"https:\/\/www.abraca.cz\/home\/?attachment_id=702\" class=\"wp-image-702\"\/><\/figure><\/li><li class=\"blocks-gallery-item\"><figure><img loading=\"lazy\" width=\"300\" height=\"240\" src=\"https:\/\/www.abraca.cz\/wp-content\/uploads\/clip0150small.jpg\" alt=\"\" data-id=\"703\" data-full-url=\"https:\/\/www.abraca.cz\/wp-content\/uploads\/clip0150small.jpg\" data-link=\"https:\/\/www.abraca.cz\/home\/?attachment_id=703\" class=\"wp-image-703\"\/><\/figure><\/li><li class=\"blocks-gallery-item\"><figure><img loading=\"lazy\" width=\"300\" height=\"240\" src=\"https:\/\/www.abraca.cz\/wp-content\/uploads\/clip0151small.jpg\" alt=\"\" data-id=\"704\" data-full-url=\"https:\/\/www.abraca.cz\/wp-content\/uploads\/clip0151small.jpg\" data-link=\"https:\/\/www.abraca.cz\/home\/?attachment_id=704\" class=\"wp-image-704\"\/><\/figure><\/li><li class=\"blocks-gallery-item\"><figure><img loading=\"lazy\" width=\"300\" height=\"240\" src=\"https:\/\/www.abraca.cz\/wp-content\/uploads\/clip0152small.jpg\" alt=\"\" data-id=\"705\" data-full-url=\"https:\/\/www.abraca.cz\/wp-content\/uploads\/clip0152small.jpg\" data-link=\"https:\/\/www.abraca.cz\/home\/?attachment_id=705\" class=\"wp-image-705\"\/><\/figure><\/li><li class=\"blocks-gallery-item\"><figure><img loading=\"lazy\" width=\"300\" height=\"240\" src=\"https:\/\/www.abraca.cz\/wp-content\/uploads\/clip0153small.jpg\" alt=\"\" data-id=\"706\" data-full-url=\"https:\/\/www.abraca.cz\/wp-content\/uploads\/clip0153small.jpg\" data-link=\"https:\/\/www.abraca.cz\/home\/?attachment_id=706\" class=\"wp-image-706\"\/><\/figure><\/li><li class=\"blocks-gallery-item\"><figure><img loading=\"lazy\" width=\"300\" height=\"240\" src=\"https:\/\/www.abraca.cz\/wp-content\/uploads\/clip0154small.jpg\" alt=\"\" data-id=\"707\" data-full-url=\"https:\/\/www.abraca.cz\/wp-content\/uploads\/clip0154small.jpg\" data-link=\"https:\/\/www.abraca.cz\/home\/?attachment_id=707\" class=\"wp-image-707\"\/><\/figure><\/li><li class=\"blocks-gallery-item\"><figure><img loading=\"lazy\" width=\"300\" height=\"240\" src=\"https:\/\/www.abraca.cz\/wp-content\/uploads\/clip0155small.jpg\" alt=\"\" data-id=\"708\" data-full-url=\"https:\/\/www.abraca.cz\/wp-content\/uploads\/clip0155small.jpg\" data-link=\"https:\/\/www.abraca.cz\/home\/?attachment_id=708\" class=\"wp-image-708\"\/><\/figure><\/li><li class=\"blocks-gallery-item\"><figure><img loading=\"lazy\" width=\"300\" height=\"240\" src=\"https:\/\/www.abraca.cz\/wp-content\/uploads\/clip0156small.jpg\" alt=\"\" data-id=\"709\" data-full-url=\"https:\/\/www.abraca.cz\/wp-content\/uploads\/clip0156small.jpg\" data-link=\"https:\/\/www.abraca.cz\/home\/?attachment_id=709\" class=\"wp-image-709\"\/><\/figure><\/li><li class=\"blocks-gallery-item\"><figure><img loading=\"lazy\" width=\"300\" height=\"240\" src=\"https:\/\/www.abraca.cz\/wp-content\/uploads\/clip0157small.jpg\" alt=\"\" data-id=\"710\" data-full-url=\"https:\/\/www.abraca.cz\/wp-content\/uploads\/clip0157small.jpg\" data-link=\"https:\/\/www.abraca.cz\/home\/?attachment_id=710\" class=\"wp-image-710\"\/><\/figure><\/li><li class=\"blocks-gallery-item\"><figure><img loading=\"lazy\" width=\"300\" height=\"240\" src=\"https:\/\/www.abraca.cz\/wp-content\/uploads\/clip0158small.jpg\" alt=\"\" data-id=\"711\" data-full-url=\"https:\/\/www.abraca.cz\/wp-content\/uploads\/clip0158small.jpg\" data-link=\"https:\/\/www.abraca.cz\/home\/?attachment_id=711\" class=\"wp-image-711\"\/><\/figure><\/li><li class=\"blocks-gallery-item\"><figure><img loading=\"lazy\" width=\"300\" height=\"240\" src=\"https:\/\/www.abraca.cz\/wp-content\/uploads\/clip0159small-1.jpg\" alt=\"\" data-id=\"712\" data-full-url=\"https:\/\/www.abraca.cz\/wp-content\/uploads\/clip0159small-1.jpg\" data-link=\"https:\/\/www.abraca.cz\/home\/?attachment_id=712\" class=\"wp-image-712\"\/><\/figure><\/li><\/ul><\/figure>\n<\/div>\n\n\n\n<div class=\"wp-block-column\">\n<p><\/p>\n\n\n\n<h2>IBERICA \u2013 koncert<\/h2>\n\n\n\n<p>Z\u00e1znam festivalov\u00e9ho galakoncertu, na kter\u00e9m vystoupili:<\/p>\n\n\n\n<p>Petr V\u00edt (kytara), Rafael G\u00f3mez (kytara), Jos\u00e9 Garc\u00eda Puche (perkuse), Matilde G\u00f3mez Romero (tanec), Luc\u00eda \u010cell\u00e1rov\u00e1 (tanec), Taller de Comp\u00e1s, Los Remedios.<\/p>\n\n\n\n<p>stop\u00e1\u017e:&nbsp; &nbsp;84 minut<\/p>\n<\/div>\n<\/div>\n","protected":false},"excerpt":{"rendered":"<p>IBERICA \u2013 koncert Z\u00e1znam festivalov\u00e9ho galakoncertu, na kter\u00e9m vystoupili: Petr V\u00edt (kytara), Rafael G\u00f3mez (kytara), Jos\u00e9 Garc\u00eda Puche (perkuse), Matilde G\u00f3mez Romero (tanec), Luc\u00eda \u010cell\u00e1rov\u00e1 (tanec), Taller de Comp\u00e1s, Los Remedios. stop\u00e1\u017e:&nbsp; &nbsp;84 minut<\/p>\n","protected":false},"author":1,"featured_media":0,"parent":0,"menu_order":0,"comment_status":"closed","ping_status":"closed","template":"","meta":[],"_links":{"self":[{"href":"https:\/\/www.abraca.cz\/home\/wp-json\/wp\/v2\/pages\/695"}],"collection":[{"href":"https:\/\/www.abraca.cz\/home\/wp-json\/wp\/v2\/pages"}],"about":[{"href":"https:\/\/www.abraca.cz\/home\/wp-json\/wp\/v2\/types\/page"}],"author":[{"embeddable":true,"href":"https:\/\/www.abraca.cz\/home\/wp-json\/wp\/v2\/users\/1"}],"replies":[{"embeddable":true,"href":"https:\/\/www.abraca.cz\/home\/wp-json\/wp\/v2\/comments?post=695"}],"version-history":[{"count":1,"href":"https:\/\/www.abraca.cz\/home\/wp-json\/wp\/v2\/pages\/695\/revisions"}],"predecessor-version":[{"id":713,"href":"https:\/\/www.abraca.cz\/home\/wp-json\/wp\/v2\/pages\/695\/revisions\/713"}],"wp:attachment":[{"href":"https:\/\/www.abraca.cz\/home\/wp-json\/wp\/v2\/media?parent=695"}],"curies":[{"name":"wp","href":"https:\/\/api.w.org\/{rel}","templated":true}]}}