{"id":671,"date":"2020-11-21T16:10:05","date_gmt":"2020-11-21T15:10:05","guid":{"rendered":"https:\/\/www.abraca.cz\/home\/?page_id=671"},"modified":"2020-11-21T16:10:05","modified_gmt":"2020-11-21T15:10:05","slug":"marajo-odchov-mladat","status":"publish","type":"page","link":"https:\/\/www.abraca.cz\/home\/marajo-odchov-mladat\/","title":{"rendered":"Marajo &#8211; odchov ml\u00e1\u010fat"},"content":{"rendered":"\n<div class=\"wp-block-columns\">\n<div class=\"wp-block-column\">\n<figure class=\"wp-block-gallery columns-3 is-cropped\"><ul class=\"blocks-gallery-grid\"><li class=\"blocks-gallery-item\"><figure><img loading=\"lazy\" width=\"300\" height=\"240\" src=\"https:\/\/www.abraca.cz\/wp-content\/uploads\/clip0192small.jpg\" alt=\"\" data-id=\"672\" data-full-url=\"https:\/\/www.abraca.cz\/wp-content\/uploads\/clip0192small.jpg\" data-link=\"https:\/\/www.abraca.cz\/home\/?attachment_id=672\" class=\"wp-image-672\"\/><\/figure><\/li><li class=\"blocks-gallery-item\"><figure><img loading=\"lazy\" width=\"300\" height=\"240\" src=\"https:\/\/www.abraca.cz\/wp-content\/uploads\/clip0193small.jpg\" alt=\"\" data-id=\"673\" data-full-url=\"https:\/\/www.abraca.cz\/wp-content\/uploads\/clip0193small.jpg\" data-link=\"https:\/\/www.abraca.cz\/home\/?attachment_id=673\" class=\"wp-image-673\"\/><\/figure><\/li><li class=\"blocks-gallery-item\"><figure><img loading=\"lazy\" width=\"300\" height=\"240\" src=\"https:\/\/www.abraca.cz\/wp-content\/uploads\/clip0194small.jpg\" alt=\"\" data-id=\"674\" data-full-url=\"https:\/\/www.abraca.cz\/wp-content\/uploads\/clip0194small.jpg\" data-link=\"https:\/\/www.abraca.cz\/home\/?attachment_id=674\" class=\"wp-image-674\"\/><\/figure><\/li><li class=\"blocks-gallery-item\"><figure><img loading=\"lazy\" width=\"300\" height=\"240\" src=\"https:\/\/www.abraca.cz\/wp-content\/uploads\/clip0195small.jpg\" alt=\"\" data-id=\"675\" data-full-url=\"https:\/\/www.abraca.cz\/wp-content\/uploads\/clip0195small.jpg\" data-link=\"https:\/\/www.abraca.cz\/home\/?attachment_id=675\" class=\"wp-image-675\"\/><\/figure><\/li><li class=\"blocks-gallery-item\"><figure><img loading=\"lazy\" width=\"300\" height=\"240\" src=\"https:\/\/www.abraca.cz\/wp-content\/uploads\/clip0196small.jpg\" alt=\"\" data-id=\"676\" data-full-url=\"https:\/\/www.abraca.cz\/wp-content\/uploads\/clip0196small.jpg\" data-link=\"https:\/\/www.abraca.cz\/home\/?attachment_id=676\" class=\"wp-image-676\"\/><\/figure><\/li><li class=\"blocks-gallery-item\"><figure><img loading=\"lazy\" width=\"300\" height=\"240\" src=\"https:\/\/www.abraca.cz\/wp-content\/uploads\/clip0197small.jpg\" alt=\"\" data-id=\"677\" data-full-url=\"https:\/\/www.abraca.cz\/wp-content\/uploads\/clip0197small.jpg\" data-link=\"https:\/\/www.abraca.cz\/home\/?attachment_id=677\" class=\"wp-image-677\"\/><\/figure><\/li><li class=\"blocks-gallery-item\"><figure><img loading=\"lazy\" width=\"300\" height=\"240\" src=\"https:\/\/www.abraca.cz\/wp-content\/uploads\/clip0198small.jpg\" alt=\"\" data-id=\"678\" data-full-url=\"https:\/\/www.abraca.cz\/wp-content\/uploads\/clip0198small.jpg\" data-link=\"https:\/\/www.abraca.cz\/home\/?attachment_id=678\" class=\"wp-image-678\"\/><\/figure><\/li><li class=\"blocks-gallery-item\"><figure><img loading=\"lazy\" width=\"300\" height=\"240\" src=\"https:\/\/www.abraca.cz\/wp-content\/uploads\/clip0199small.jpg\" alt=\"\" data-id=\"679\" data-full-url=\"https:\/\/www.abraca.cz\/wp-content\/uploads\/clip0199small.jpg\" data-link=\"https:\/\/www.abraca.cz\/home\/?attachment_id=679\" class=\"wp-image-679\"\/><\/figure><\/li><li class=\"blocks-gallery-item\"><figure><img loading=\"lazy\" width=\"300\" height=\"240\" src=\"https:\/\/www.abraca.cz\/wp-content\/uploads\/clip0200small.jpg\" alt=\"\" data-id=\"680\" data-full-url=\"https:\/\/www.abraca.cz\/wp-content\/uploads\/clip0200small.jpg\" data-link=\"https:\/\/www.abraca.cz\/home\/?attachment_id=680\" class=\"wp-image-680\"\/><\/figure><\/li><li class=\"blocks-gallery-item\"><figure><img loading=\"lazy\" width=\"300\" height=\"240\" src=\"https:\/\/www.abraca.cz\/wp-content\/uploads\/clip0201small-1.jpg\" alt=\"\" data-id=\"681\" data-full-url=\"https:\/\/www.abraca.cz\/wp-content\/uploads\/clip0201small-1.jpg\" data-link=\"https:\/\/www.abraca.cz\/home\/?attachment_id=681\" class=\"wp-image-681\"\/><\/figure><\/li><\/ul><\/figure>\n<\/div>\n\n\n\n<div class=\"wp-block-column\">\n<p><\/p>\n\n\n\n<h1>MARAJO \u2013 ODCHOV ML\u00c1\u010eAT<\/h1>\n\n\n\n<p>Prvn\u00ed \u010d\u00e1st dvoud\u00edln\u00e9ho dokumentu n\u00e1s seznamuje s&nbsp;odchovem ml\u00e1\u010fat papou\u0161k\u016f na farm\u011b Marajo.<\/p>\n\n\n\n<p>Druh\u00e1 \u010d\u00e1st obsahuje rady chovatel\u016fm o strav\u011b a p\u00e9\u010di papou\u0161k\u016f.<\/p>\n\n\n\n<p>stop\u00e1\u017e:&nbsp; &nbsp;28 minut<\/p>\n<\/div>\n<\/div>\n","protected":false},"excerpt":{"rendered":"<p>MARAJO \u2013 ODCHOV ML\u00c1\u010eAT Prvn\u00ed \u010d\u00e1st dvoud\u00edln\u00e9ho dokumentu n\u00e1s seznamuje s&nbsp;odchovem ml\u00e1\u010fat papou\u0161k\u016f na farm\u011b Marajo. Druh\u00e1 \u010d\u00e1st obsahuje rady chovatel\u016fm o strav\u011b a p\u00e9\u010di papou\u0161k\u016f. stop\u00e1\u017e:&nbsp; &nbsp;28 minut<\/p>\n","protected":false},"author":1,"featured_media":0,"parent":0,"menu_order":0,"comment_status":"closed","ping_status":"closed","template":"","meta":[],"_links":{"self":[{"href":"https:\/\/www.abraca.cz\/home\/wp-json\/wp\/v2\/pages\/671"}],"collection":[{"href":"https:\/\/www.abraca.cz\/home\/wp-json\/wp\/v2\/pages"}],"about":[{"href":"https:\/\/www.abraca.cz\/home\/wp-json\/wp\/v2\/types\/page"}],"author":[{"embeddable":true,"href":"https:\/\/www.abraca.cz\/home\/wp-json\/wp\/v2\/users\/1"}],"replies":[{"embeddable":true,"href":"https:\/\/www.abraca.cz\/home\/wp-json\/wp\/v2\/comments?post=671"}],"version-history":[{"count":1,"href":"https:\/\/www.abraca.cz\/home\/wp-json\/wp\/v2\/pages\/671\/revisions"}],"predecessor-version":[{"id":682,"href":"https:\/\/www.abraca.cz\/home\/wp-json\/wp\/v2\/pages\/671\/revisions\/682"}],"wp:attachment":[{"href":"https:\/\/www.abraca.cz\/home\/wp-json\/wp\/v2\/media?parent=671"}],"curies":[{"name":"wp","href":"https:\/\/api.w.org\/{rel}","templated":true}]}}