{"id":617,"date":"2020-11-21T11:01:47","date_gmt":"2020-11-21T10:01:47","guid":{"rendered":"https:\/\/www.abraca.cz\/home\/?page_id=617"},"modified":"2020-11-21T11:01:47","modified_gmt":"2020-11-21T10:01:47","slug":"psittaciformes","status":"publish","type":"page","link":"https:\/\/www.abraca.cz\/home\/psittaciformes\/","title":{"rendered":"Psittaciformes"},"content":{"rendered":"\n<div class=\"wp-block-columns\">\n<div class=\"wp-block-column\">\n<figure class=\"wp-block-gallery columns-3 is-cropped\"><ul class=\"blocks-gallery-grid\"><li class=\"blocks-gallery-item\"><figure><img loading=\"lazy\" width=\"300\" height=\"240\" src=\"https:\/\/www.abraca.cz\/wp-content\/uploads\/clip0128small-1.jpg\" alt=\"\" data-id=\"618\" data-full-url=\"https:\/\/www.abraca.cz\/wp-content\/uploads\/clip0128small-1.jpg\" data-link=\"https:\/\/www.abraca.cz\/home\/?attachment_id=618\" class=\"wp-image-618\"\/><\/figure><\/li><li class=\"blocks-gallery-item\"><figure><img loading=\"lazy\" width=\"300\" height=\"240\" src=\"https:\/\/www.abraca.cz\/wp-content\/uploads\/clip0129small.jpg\" alt=\"\" data-id=\"619\" data-full-url=\"https:\/\/www.abraca.cz\/wp-content\/uploads\/clip0129small.jpg\" data-link=\"https:\/\/www.abraca.cz\/home\/?attachment_id=619\" class=\"wp-image-619\"\/><\/figure><\/li><li class=\"blocks-gallery-item\"><figure><img loading=\"lazy\" width=\"300\" height=\"240\" src=\"https:\/\/www.abraca.cz\/wp-content\/uploads\/clip0130small.jpg\" alt=\"\" data-id=\"620\" data-full-url=\"https:\/\/www.abraca.cz\/wp-content\/uploads\/clip0130small.jpg\" data-link=\"https:\/\/www.abraca.cz\/home\/?attachment_id=620\" class=\"wp-image-620\"\/><\/figure><\/li><li class=\"blocks-gallery-item\"><figure><img loading=\"lazy\" width=\"300\" height=\"240\" src=\"https:\/\/www.abraca.cz\/wp-content\/uploads\/clip0131small.jpg\" alt=\"\" data-id=\"621\" data-full-url=\"https:\/\/www.abraca.cz\/wp-content\/uploads\/clip0131small.jpg\" data-link=\"https:\/\/www.abraca.cz\/home\/?attachment_id=621\" class=\"wp-image-621\"\/><\/figure><\/li><li class=\"blocks-gallery-item\"><figure><img loading=\"lazy\" width=\"300\" height=\"240\" src=\"https:\/\/www.abraca.cz\/wp-content\/uploads\/clip0132small.jpg\" alt=\"\" data-id=\"622\" data-full-url=\"https:\/\/www.abraca.cz\/wp-content\/uploads\/clip0132small.jpg\" data-link=\"https:\/\/www.abraca.cz\/home\/?attachment_id=622\" class=\"wp-image-622\"\/><\/figure><\/li><li class=\"blocks-gallery-item\"><figure><img loading=\"lazy\" width=\"300\" height=\"240\" src=\"https:\/\/www.abraca.cz\/wp-content\/uploads\/clip0133small.jpg\" alt=\"\" data-id=\"623\" data-full-url=\"https:\/\/www.abraca.cz\/wp-content\/uploads\/clip0133small.jpg\" data-link=\"https:\/\/www.abraca.cz\/home\/?attachment_id=623\" class=\"wp-image-623\"\/><\/figure><\/li><li class=\"blocks-gallery-item\"><figure><img loading=\"lazy\" width=\"300\" height=\"240\" src=\"https:\/\/www.abraca.cz\/wp-content\/uploads\/clip0134small.jpg\" alt=\"\" data-id=\"624\" data-full-url=\"https:\/\/www.abraca.cz\/wp-content\/uploads\/clip0134small.jpg\" data-link=\"https:\/\/www.abraca.cz\/home\/?attachment_id=624\" class=\"wp-image-624\"\/><\/figure><\/li><\/ul><\/figure>\n<\/div>\n\n\n\n<div class=\"wp-block-column\">\n<p><\/p>\n\n\n\n<p>PSITTACIFORMES<\/p>\n\n\n\n<p><br>Papou\u0161ci<br><br><\/p>\n\n\n\n<p>stop\u00e1\u017e: &nbsp;&nbsp;3 minuty<\/p>\n<\/div>\n<\/div>\n","protected":false},"excerpt":{"rendered":"<p>PSITTACIFORMES Papou\u0161ci stop\u00e1\u017e: &nbsp;&nbsp;3 minuty<\/p>\n","protected":false},"author":1,"featured_media":0,"parent":0,"menu_order":0,"comment_status":"closed","ping_status":"closed","template":"","meta":[],"_links":{"self":[{"href":"https:\/\/www.abraca.cz\/home\/wp-json\/wp\/v2\/pages\/617"}],"collection":[{"href":"https:\/\/www.abraca.cz\/home\/wp-json\/wp\/v2\/pages"}],"about":[{"href":"https:\/\/www.abraca.cz\/home\/wp-json\/wp\/v2\/types\/page"}],"author":[{"embeddable":true,"href":"https:\/\/www.abraca.cz\/home\/wp-json\/wp\/v2\/users\/1"}],"replies":[{"embeddable":true,"href":"https:\/\/www.abraca.cz\/home\/wp-json\/wp\/v2\/comments?post=617"}],"version-history":[{"count":1,"href":"https:\/\/www.abraca.cz\/home\/wp-json\/wp\/v2\/pages\/617\/revisions"}],"predecessor-version":[{"id":625,"href":"https:\/\/www.abraca.cz\/home\/wp-json\/wp\/v2\/pages\/617\/revisions\/625"}],"wp:attachment":[{"href":"https:\/\/www.abraca.cz\/home\/wp-json\/wp\/v2\/media?parent=617"}],"curies":[{"name":"wp","href":"https:\/\/api.w.org\/{rel}","templated":true}]}}