{"id":550,"date":"2020-11-21T10:51:53","date_gmt":"2020-11-21T09:51:53","guid":{"rendered":"https:\/\/www.abraca.cz\/home\/?page_id=550"},"modified":"2020-11-21T10:53:16","modified_gmt":"2020-11-21T09:53:16","slug":"bohuna-olesova","status":"publish","type":"page","link":"https:\/\/www.abraca.cz\/home\/bohuna-olesova\/","title":{"rendered":"Bohuna Ole\u0161ov\u00e1"},"content":{"rendered":"\n<div class=\"wp-block-columns\">\n<div class=\"wp-block-column\">\n<figure class=\"wp-block-gallery columns-3 is-cropped\"><ul class=\"blocks-gallery-grid\"><li class=\"blocks-gallery-item\"><figure><img loading=\"lazy\" width=\"300\" height=\"240\" src=\"https:\/\/www.abraca.cz\/wp-content\/uploads\/clip0092small.jpg\" alt=\"\" data-id=\"551\" data-full-url=\"https:\/\/www.abraca.cz\/wp-content\/uploads\/clip0092small.jpg\" data-link=\"https:\/\/www.abraca.cz\/home\/?attachment_id=551\" class=\"wp-image-551\"\/><\/figure><\/li><li class=\"blocks-gallery-item\"><figure><img loading=\"lazy\" width=\"300\" height=\"240\" src=\"https:\/\/www.abraca.cz\/wp-content\/uploads\/clip0093small.jpg\" alt=\"\" data-id=\"552\" data-full-url=\"https:\/\/www.abraca.cz\/wp-content\/uploads\/clip0093small.jpg\" data-link=\"https:\/\/www.abraca.cz\/home\/?attachment_id=552\" class=\"wp-image-552\"\/><\/figure><\/li><li class=\"blocks-gallery-item\"><figure><img loading=\"lazy\" width=\"300\" height=\"240\" src=\"https:\/\/www.abraca.cz\/wp-content\/uploads\/clip0094small.jpg\" alt=\"\" data-id=\"553\" data-full-url=\"https:\/\/www.abraca.cz\/wp-content\/uploads\/clip0094small.jpg\" data-link=\"https:\/\/www.abraca.cz\/home\/?attachment_id=553\" class=\"wp-image-553\"\/><\/figure><\/li><li class=\"blocks-gallery-item\"><figure><img loading=\"lazy\" width=\"300\" height=\"240\" src=\"https:\/\/www.abraca.cz\/wp-content\/uploads\/clip0095small-1.jpg\" alt=\"\" data-id=\"554\" data-full-url=\"https:\/\/www.abraca.cz\/wp-content\/uploads\/clip0095small-1.jpg\" data-link=\"https:\/\/www.abraca.cz\/home\/?attachment_id=554\" class=\"wp-image-554\"\/><\/figure><\/li><li class=\"blocks-gallery-item\"><figure><img loading=\"lazy\" width=\"300\" height=\"240\" src=\"https:\/\/www.abraca.cz\/wp-content\/uploads\/clip0096small.jpg\" alt=\"\" data-id=\"555\" data-full-url=\"https:\/\/www.abraca.cz\/wp-content\/uploads\/clip0096small.jpg\" data-link=\"https:\/\/www.abraca.cz\/home\/?attachment_id=555\" class=\"wp-image-555\"\/><\/figure><\/li><\/ul><\/figure>\n<\/div>\n\n\n\n<div class=\"wp-block-column\">\n<p><\/p>\n\n\n\n<h2>BOHUNA OLE\u0160OV\u00c1<\/h2>\n\n\n\n<p>Dvoud\u00edln\u00e9 profilov\u00e9 CD v\u00fdtvarnice slo\u017een\u00e9 z filmov\u00e9ho dokumentu a katalogu obraz\u016f.<\/p>\n\n\n\n<p>stop\u00e1\u017e:\u00a0 \u00a08 minut<\/p>\n<\/div>\n<\/div>\n","protected":false},"excerpt":{"rendered":"<p>BOHUNA OLE\u0160OV\u00c1 Dvoud\u00edln\u00e9 profilov\u00e9 CD v\u00fdtvarnice slo\u017een\u00e9 z filmov\u00e9ho dokumentu a katalogu obraz\u016f. stop\u00e1\u017e:\u00a0 \u00a08 minut<\/p>\n","protected":false},"author":1,"featured_media":0,"parent":0,"menu_order":0,"comment_status":"closed","ping_status":"closed","template":"","meta":[],"_links":{"self":[{"href":"https:\/\/www.abraca.cz\/home\/wp-json\/wp\/v2\/pages\/550"}],"collection":[{"href":"https:\/\/www.abraca.cz\/home\/wp-json\/wp\/v2\/pages"}],"about":[{"href":"https:\/\/www.abraca.cz\/home\/wp-json\/wp\/v2\/types\/page"}],"author":[{"embeddable":true,"href":"https:\/\/www.abraca.cz\/home\/wp-json\/wp\/v2\/users\/1"}],"replies":[{"embeddable":true,"href":"https:\/\/www.abraca.cz\/home\/wp-json\/wp\/v2\/comments?post=550"}],"version-history":[{"count":2,"href":"https:\/\/www.abraca.cz\/home\/wp-json\/wp\/v2\/pages\/550\/revisions"}],"predecessor-version":[{"id":564,"href":"https:\/\/www.abraca.cz\/home\/wp-json\/wp\/v2\/pages\/550\/revisions\/564"}],"wp:attachment":[{"href":"https:\/\/www.abraca.cz\/home\/wp-json\/wp\/v2\/media?parent=550"}],"curies":[{"name":"wp","href":"https:\/\/api.w.org\/{rel}","templated":true}]}}