{"id":402,"date":"2020-11-19T16:29:27","date_gmt":"2020-11-19T15:29:27","guid":{"rendered":"https:\/\/www.abraca.cz\/home\/?page_id=402"},"modified":"2020-11-21T08:45:57","modified_gmt":"2020-11-21T07:45:57","slug":"ftn","status":"publish","type":"page","link":"https:\/\/www.abraca.cz\/home\/ftn\/","title":{"rendered":"FTN Energo"},"content":{"rendered":"\n<div class=\"wp-block-columns\">\n<div class=\"wp-block-column\">\n<figure class=\"wp-block-gallery columns-3 is-cropped\"><ul class=\"blocks-gallery-grid\"><li class=\"blocks-gallery-item\"><figure><img loading=\"lazy\" width=\"300\" height=\"240\" src=\"https:\/\/www.abraca.cz\/wp-content\/uploads\/clip0030small-2.jpg\" alt=\"\" data-id=\"403\" data-full-url=\"https:\/\/www.abraca.cz\/wp-content\/uploads\/clip0030small-2.jpg\" data-link=\"https:\/\/www.abraca.cz\/home\/?attachment_id=403\" class=\"wp-image-403\"\/><\/figure><\/li><li class=\"blocks-gallery-item\"><figure><img loading=\"lazy\" width=\"300\" height=\"240\" src=\"https:\/\/www.abraca.cz\/wp-content\/uploads\/clip0031small.jpg\" alt=\"\" data-id=\"404\" data-full-url=\"https:\/\/www.abraca.cz\/wp-content\/uploads\/clip0031small.jpg\" data-link=\"https:\/\/www.abraca.cz\/home\/?attachment_id=404\" class=\"wp-image-404\"\/><\/figure><\/li><li class=\"blocks-gallery-item\"><figure><img loading=\"lazy\" width=\"300\" height=\"240\" src=\"https:\/\/www.abraca.cz\/wp-content\/uploads\/clip0032small.jpg\" alt=\"\" data-id=\"405\" data-full-url=\"https:\/\/www.abraca.cz\/wp-content\/uploads\/clip0032small.jpg\" data-link=\"https:\/\/www.abraca.cz\/home\/?attachment_id=405\" class=\"wp-image-405\"\/><\/figure><\/li><li class=\"blocks-gallery-item\"><figure><img loading=\"lazy\" width=\"300\" height=\"240\" src=\"https:\/\/www.abraca.cz\/wp-content\/uploads\/clip0033small.jpg\" alt=\"\" data-id=\"406\" data-full-url=\"https:\/\/www.abraca.cz\/wp-content\/uploads\/clip0033small.jpg\" data-link=\"https:\/\/www.abraca.cz\/home\/?attachment_id=406\" class=\"wp-image-406\"\/><\/figure><\/li><\/ul><\/figure>\n<\/div>\n\n\n\n<div class=\"wp-block-column\">\n<p><\/p>\n\n\n\n<p>FTN  Energo<\/p>\n\n\n\n<p>Profilov\u00fd propaga\u010dn\u00ed dokument prezentuje firmu FTN Energo, kter\u00e1 je dce\u0159inou spole\u010dnost\u00ed Fakultn\u00ed Thomayerovy nemocnice, jako jednoho z&nbsp;odborn\u00edk\u016f ve v\u00fdrob\u011b, rozvodu a hospoda\u0159en\u00ed s&nbsp;energiemi.<\/p>\n\n\n\n<p>stop\u00e1\u017e:\u00a0  8 minut<\/p>\n<\/div>\n<\/div>\n","protected":false},"excerpt":{"rendered":"<p>FTN Energo Profilov\u00fd propaga\u010dn\u00ed dokument prezentuje firmu FTN Energo, kter\u00e1 je dce\u0159inou spole\u010dnost\u00ed Fakultn\u00ed Thomayerovy nemocnice, jako jednoho z&nbsp;odborn\u00edk\u016f ve v\u00fdrob\u011b, rozvodu a hospoda\u0159en\u00ed s&nbsp;energiemi. stop\u00e1\u017e:\u00a0 8 minut<\/p>\n","protected":false},"author":1,"featured_media":0,"parent":0,"menu_order":0,"comment_status":"closed","ping_status":"closed","template":"","meta":[],"_links":{"self":[{"href":"https:\/\/www.abraca.cz\/home\/wp-json\/wp\/v2\/pages\/402"}],"collection":[{"href":"https:\/\/www.abraca.cz\/home\/wp-json\/wp\/v2\/pages"}],"about":[{"href":"https:\/\/www.abraca.cz\/home\/wp-json\/wp\/v2\/types\/page"}],"author":[{"embeddable":true,"href":"https:\/\/www.abraca.cz\/home\/wp-json\/wp\/v2\/users\/1"}],"replies":[{"embeddable":true,"href":"https:\/\/www.abraca.cz\/home\/wp-json\/wp\/v2\/comments?post=402"}],"version-history":[{"count":3,"href":"https:\/\/www.abraca.cz\/home\/wp-json\/wp\/v2\/pages\/402\/revisions"}],"predecessor-version":[{"id":432,"href":"https:\/\/www.abraca.cz\/home\/wp-json\/wp\/v2\/pages\/402\/revisions\/432"}],"wp:attachment":[{"href":"https:\/\/www.abraca.cz\/home\/wp-json\/wp\/v2\/media?parent=402"}],"curies":[{"name":"wp","href":"https:\/\/api.w.org\/{rel}","templated":true}]}}