{"id":254,"date":"2020-11-17T16:55:51","date_gmt":"2020-11-17T15:55:51","guid":{"rendered":"https:\/\/www.abraca.cz\/home\/?page_id=254"},"modified":"2020-11-21T08:44:29","modified_gmt":"2020-11-21T07:44:29","slug":"monument","status":"publish","type":"page","link":"https:\/\/www.abraca.cz\/home\/monument\/","title":{"rendered":"Monument"},"content":{"rendered":"\n<div class=\"wp-block-columns\">\n<div class=\"wp-block-column\">\n<figure class=\"wp-block-gallery columns-3 is-cropped\"><ul class=\"blocks-gallery-grid\"><li class=\"blocks-gallery-item\"><figure><img loading=\"lazy\" width=\"300\" height=\"240\" src=\"https:\/\/www.abraca.cz\/wp-content\/uploads\/clip0013small.jpg\" alt=\"\" data-id=\"308\" data-link=\"https:\/\/www.abraca.cz\/home\/utrecht\/attachment\/clip0013small\/\" class=\"wp-image-308\"\/><\/figure><\/li><li class=\"blocks-gallery-item\"><figure><img loading=\"lazy\" width=\"300\" height=\"240\" src=\"https:\/\/www.abraca.cz\/wp-content\/uploads\/clip0014small.jpg\" alt=\"\" data-id=\"309\" data-link=\"https:\/\/www.abraca.cz\/home\/utrecht\/attachment\/clip0014small\/\" class=\"wp-image-309\"\/><\/figure><\/li><li class=\"blocks-gallery-item\"><figure><img loading=\"lazy\" width=\"300\" height=\"240\" src=\"https:\/\/www.abraca.cz\/wp-content\/uploads\/clip0015small.jpg\" alt=\"\" data-id=\"310\" data-link=\"https:\/\/www.abraca.cz\/home\/utrecht\/attachment\/clip0015small\/\" class=\"wp-image-310\"\/><\/figure><\/li><li class=\"blocks-gallery-item\"><figure><img loading=\"lazy\" width=\"300\" height=\"240\" src=\"https:\/\/www.abraca.cz\/wp-content\/uploads\/clip0016small.jpg\" alt=\"\" data-id=\"311\" data-link=\"https:\/\/www.abraca.cz\/home\/utrecht\/attachment\/clip0016small\/\" class=\"wp-image-311\"\/><\/figure><\/li><li class=\"blocks-gallery-item\"><figure><img loading=\"lazy\" width=\"300\" height=\"240\" src=\"https:\/\/www.abraca.cz\/wp-content\/uploads\/clip0017small.jpg\" alt=\"\" data-id=\"312\" data-link=\"https:\/\/www.abraca.cz\/home\/utrecht\/attachment\/clip0017small\/\" class=\"wp-image-312\"\/><\/figure><\/li><li class=\"blocks-gallery-item\"><figure><img loading=\"lazy\" width=\"300\" height=\"240\" src=\"https:\/\/www.abraca.cz\/wp-content\/uploads\/clip0018small.jpg\" alt=\"\" data-id=\"313\" data-link=\"https:\/\/www.abraca.cz\/home\/utrecht\/attachment\/clip0018small\/\" class=\"wp-image-313\"\/><\/figure><\/li><li class=\"blocks-gallery-item\"><figure><img loading=\"lazy\" width=\"300\" height=\"240\" src=\"https:\/\/www.abraca.cz\/wp-content\/uploads\/clip0019small.jpg\" alt=\"\" data-id=\"314\" data-link=\"https:\/\/www.abraca.cz\/home\/utrecht\/attachment\/clip0019small\/\" class=\"wp-image-314\"\/><\/figure><\/li><li class=\"blocks-gallery-item\"><figure><img loading=\"lazy\" width=\"300\" height=\"240\" src=\"https:\/\/www.abraca.cz\/wp-content\/uploads\/clip0020small.jpg\" alt=\"\" data-id=\"315\" data-link=\"https:\/\/www.abraca.cz\/home\/utrecht\/attachment\/clip0020small\/\" class=\"wp-image-315\"\/><\/figure><\/li><li class=\"blocks-gallery-item\"><figure><img loading=\"lazy\" width=\"300\" height=\"240\" src=\"https:\/\/www.abraca.cz\/wp-content\/uploads\/clip0010small.jpg\" alt=\"\" data-id=\"380\" data-full-url=\"https:\/\/www.abraca.cz\/wp-content\/uploads\/clip0010small.jpg\" data-link=\"https:\/\/www.abraca.cz\/home\/utrecht\/attachment\/clip0010small\/\" class=\"wp-image-380\"\/><\/figure><\/li><li class=\"blocks-gallery-item\"><figure><img loading=\"lazy\" width=\"300\" height=\"240\" src=\"https:\/\/www.abraca.cz\/wp-content\/uploads\/clip0011small.jpg\" alt=\"\" data-id=\"381\" data-full-url=\"https:\/\/www.abraca.cz\/wp-content\/uploads\/clip0011small.jpg\" data-link=\"https:\/\/www.abraca.cz\/home\/utrecht\/attachment\/clip0011small\/\" class=\"wp-image-381\"\/><\/figure><\/li><li class=\"blocks-gallery-item\"><figure><img loading=\"lazy\" width=\"300\" height=\"240\" src=\"https:\/\/www.abraca.cz\/wp-content\/uploads\/clip0012small.jpg\" alt=\"\" data-id=\"382\" data-full-url=\"https:\/\/www.abraca.cz\/wp-content\/uploads\/clip0012small.jpg\" data-link=\"https:\/\/www.abraca.cz\/home\/utrecht\/attachment\/clip0012small\/\" class=\"wp-image-382\"\/><\/figure><\/li><\/ul><\/figure>\n\n\n\n<p><\/p>\n<\/div>\n\n\n\n<div class=\"wp-block-column is-vertically-aligned-center\">\n<h1>MONUMENT<\/h1>\n\n\n\n<p>Dokument je sou\u010d\u00e1st\u00ed a prezentac\u00ed v\u00fdtvarn\u00e9ho projektu Monument, v r\u00e1mci kulturn\u00edho festivalu Setk\u00e1n\u00ed, kter\u00fd je jednou z&nbsp;partnersk\u00fdch aktivit&nbsp; Brna a Utrechtu. Dynamickou formou p\u0159edstavuje zn\u00e1m\u00e9 v\u00fdtvarn\u00edky, v\u00fdstavy i happening p\u0159ed radnic\u00ed v&nbsp;holandsk\u00e9m Utrechtu. V&nbsp;roce 1999 byla projektu Monument ud\u011blena cena Evropsk\u00e9 unie Golden Star. <\/p>\n\n\n\n<p>stop\u00e1\u017e:\u00a0  15 minut<\/p>\n<\/div>\n<\/div>\n\n\n\n<p><\/p>\n","protected":false},"excerpt":{"rendered":"<p>MONUMENT Dokument je sou\u010d\u00e1st\u00ed a prezentac\u00ed v\u00fdtvarn\u00e9ho projektu Monument, v r\u00e1mci kulturn\u00edho festivalu Setk\u00e1n\u00ed, kter\u00fd je jednou z&nbsp;partnersk\u00fdch aktivit&nbsp; Brna a Utrechtu. Dynamickou formou p\u0159edstavuje zn\u00e1m\u00e9 v\u00fdtvarn\u00edky, v\u00fdstavy i happening p\u0159ed radnic\u00ed v&nbsp;holandsk\u00e9m Utrechtu. V&nbsp;roce 1999 byla projektu Monument ud\u011blena cena Evropsk\u00e9 unie Golden Star. stop\u00e1\u017e:\u00a0 15 minut<\/p>\n","protected":false},"author":1,"featured_media":0,"parent":0,"menu_order":0,"comment_status":"closed","ping_status":"closed","template":"","meta":[],"_links":{"self":[{"href":"https:\/\/www.abraca.cz\/home\/wp-json\/wp\/v2\/pages\/254"}],"collection":[{"href":"https:\/\/www.abraca.cz\/home\/wp-json\/wp\/v2\/pages"}],"about":[{"href":"https:\/\/www.abraca.cz\/home\/wp-json\/wp\/v2\/types\/page"}],"author":[{"embeddable":true,"href":"https:\/\/www.abraca.cz\/home\/wp-json\/wp\/v2\/users\/1"}],"replies":[{"embeddable":true,"href":"https:\/\/www.abraca.cz\/home\/wp-json\/wp\/v2\/comments?post=254"}],"version-history":[{"count":9,"href":"https:\/\/www.abraca.cz\/home\/wp-json\/wp\/v2\/pages\/254\/revisions"}],"predecessor-version":[{"id":429,"href":"https:\/\/www.abraca.cz\/home\/wp-json\/wp\/v2\/pages\/254\/revisions\/429"}],"wp:attachment":[{"href":"https:\/\/www.abraca.cz\/home\/wp-json\/wp\/v2\/media?parent=254"}],"curies":[{"name":"wp","href":"https:\/\/api.w.org\/{rel}","templated":true}]}}