{"id":247,"date":"2020-11-16T19:01:30","date_gmt":"2020-11-16T18:01:30","guid":{"rendered":"https:\/\/www.abraca.cz\/?page_id=247"},"modified":"2020-11-28T14:58:24","modified_gmt":"2020-11-28T13:58:24","slug":"home","status":"publish","type":"page","link":"https:\/\/www.abraca.cz\/home\/","title":{"rendered":"DOMOVSK\u00c1 STR\u00c1NKA"},"content":{"rendered":"\n<p><\/p>\n\n\n\n<div class=\"wp-block-media-text alignwide is-stacked-on-mobile\" style=\"grid-template-columns:66% auto\"><figure class=\"wp-block-media-text__media\"><img loading=\"lazy\" width=\"300\" height=\"240\" src=\"https:\/\/www.abraca.cz\/wp-content\/uploads\/dom_str7.gif\" alt=\"\" class=\"wp-image-1501\"\/><\/figure><div class=\"wp-block-media-text__content\">\n<p class=\"has-text-align-center\">po\u0159ady dokument\u00e1rn\u00ed<\/p>\n\n\n\n<p class=\"has-text-align-center\">propaga\u010dn\u00ed<\/p>\n\n\n\n<p class=\"has-text-align-center\">hudebn\u00ed<\/p>\n\n\n\n<p class=\"has-text-align-center\">profilov\u00e9<\/p>\n\n\n\n<p class=\"has-text-align-center\">zaj\u00edmavosti<\/p>\n\n\n\n<p class=\"has-text-align-center\">turistick\u00e9<\/p>\n\n\n\n<p class=\"has-text-align-center\">p\u0159\u00edrodn\u00ed<\/p>\n\n\n\n<p class=\"has-text-align-center\">profesion\u00e1ln\u00ed zpracov\u00e1n\u00ed<\/p>\n\n\n\n<p class=\"has-text-align-center\">HD  nebo 4 K<\/p>\n<\/div><\/div>\n","protected":false},"excerpt":{"rendered":"<p>po\u0159ady dokument\u00e1rn\u00ed propaga\u010dn\u00ed hudebn\u00ed profilov\u00e9 zaj\u00edmavosti turistick\u00e9 p\u0159\u00edrodn\u00ed profesion\u00e1ln\u00ed zpracov\u00e1n\u00ed HD nebo 4 K<\/p>\n","protected":false},"author":2,"featured_media":0,"parent":0,"menu_order":0,"comment_status":"closed","ping_status":"closed","template":"","meta":[],"_links":{"self":[{"href":"https:\/\/www.abraca.cz\/home\/wp-json\/wp\/v2\/pages\/247"}],"collection":[{"href":"https:\/\/www.abraca.cz\/home\/wp-json\/wp\/v2\/pages"}],"about":[{"href":"https:\/\/www.abraca.cz\/home\/wp-json\/wp\/v2\/types\/page"}],"author":[{"embeddable":true,"href":"https:\/\/www.abraca.cz\/home\/wp-json\/wp\/v2\/users\/2"}],"replies":[{"embeddable":true,"href":"https:\/\/www.abraca.cz\/home\/wp-json\/wp\/v2\/comments?post=247"}],"version-history":[{"count":20,"href":"https:\/\/www.abraca.cz\/home\/wp-json\/wp\/v2\/pages\/247\/revisions"}],"predecessor-version":[{"id":1589,"href":"https:\/\/www.abraca.cz\/home\/wp-json\/wp\/v2\/pages\/247\/revisions\/1589"}],"wp:attachment":[{"href":"https:\/\/www.abraca.cz\/home\/wp-json\/wp\/v2\/media?parent=247"}],"curies":[{"name":"wp","href":"https:\/\/api.w.org\/{rel}","templated":true}]}}