{"id":1517,"date":"2020-11-28T10:49:44","date_gmt":"2020-11-28T09:49:44","guid":{"rendered":"https:\/\/www.abraca.cz\/home\/?page_id=1517"},"modified":"2020-12-08T16:02:11","modified_gmt":"2020-12-08T15:02:11","slug":"video","status":"publish","type":"page","link":"https:\/\/www.abraca.cz\/home\/video\/","title":{"rendered":"VIDEO"},"content":{"rendered":"\n<p class=\"has-text-align-center\">Nab\u00edz\u00edme v\u00e1m kr\u00e1tk\u00e9 uk\u00e1zky z n\u011bkter\u00fdch na\u0161ich po\u0159ad\u016f:<\/p>\n\n\n\n<div class=\"wp-block-columns\">\n<div class=\"wp-block-column\">\n<figure class=\"wp-block-image size-large\"><a href=\"https:\/\/youtu.be\/1E1kOIZ1pbs\"><img loading=\"lazy\" width=\"300\" height=\"240\" src=\"https:\/\/www.abraca.cz\/wp-content\/uploads\/benatky-4.jpg\" alt=\"\" class=\"wp-image-509\"\/><\/a><figcaption><a href=\"https:\/\/youtu.be\/pdHKk6heicY\">Ben\u00e1tky<\/a><\/figcaption><\/figure>\n\n\n\n<figure class=\"wp-block-image size-large\"><a href=\"https:\/\/youtu.be\/zIZWvwkb1YQ\"><img loading=\"lazy\" width=\"300\" height=\"240\" src=\"https:\/\/www.abraca.cz\/wp-content\/uploads\/marajo-4.jpg\" alt=\"\" class=\"wp-image-1528\"\/><\/a><figcaption><a href=\"https:\/\/youtu.be\/zIZWvwkb1YQ\">Marajo<\/a><\/figcaption><\/figure>\n\n\n\n<figure class=\"wp-block-image size-large\"><a href=\"https:\/\/youtu.be\/ig9mdx41Jmk\"><img loading=\"lazy\" width=\"300\" height=\"240\" src=\"https:\/\/www.abraca.cz\/wp-content\/uploads\/veveri-4.jpg\" alt=\"\" class=\"wp-image-1532\"\/><\/a><figcaption><a href=\"https:\/\/youtu.be\/ig9mdx41Jmk\">Galerie Veve\u0159\u00ed<\/a><\/figcaption><\/figure>\n\n\n\n<figure class=\"wp-block-image size-large\"><a href=\"https:\/\/youtu.be\/0aB4aN2q01o\"><img loading=\"lazy\" width=\"300\" height=\"240\" src=\"https:\/\/www.abraca.cz\/wp-content\/uploads\/iberica-dok-4.jpg\" alt=\"\" class=\"wp-image-1536\"\/><\/a><figcaption><a href=\"https:\/\/youtu.be\/0aB4aN2q01o\">Iberica<\/a><\/figcaption><\/figure>\n\n\n\n<figure class=\"wp-block-image size-large\"><a href=\"https:\/\/youtu.be\/tLoViH5Se8M\"><img loading=\"lazy\" width=\"300\" height=\"240\" src=\"https:\/\/www.abraca.cz\/wp-content\/uploads\/anglie-gla-4.jpg\" alt=\"\" class=\"wp-image-1539\"\/><\/a><figcaption><a href=\"https:\/\/youtu.be\/tLoViH5Se8M\">Glastonbury<\/a><\/figcaption><\/figure>\n\n\n\n<figure class=\"wp-block-image size-large\"><a href=\"https:\/\/youtu.be\/D2WCLHaURj0\"><img loading=\"lazy\" width=\"300\" height=\"240\" src=\"https:\/\/www.abraca.cz\/wp-content\/uploads\/sardinie-4.jpg\" alt=\"\" class=\"wp-image-1544\"\/><\/a><figcaption><a href=\"https:\/\/youtu.be\/D2WCLHaURj0\">Okolo Sardinie<\/a><\/figcaption><\/figure>\n\n\n\n<figure class=\"wp-block-image size-large\"><a href=\"https:\/\/youtu.be\/xUmfkBm6RbY\"><img loading=\"lazy\" width=\"300\" height=\"240\" src=\"https:\/\/www.abraca.cz\/wp-content\/uploads\/garda4.jpg\" alt=\"\" class=\"wp-image-1547\"\/><\/a><figcaption><a href=\"https:\/\/youtu.be\/xUmfkBm6RbY\">Okolo jezera Garda<\/a><\/figcaption><\/figure>\n\n\n\n<figure class=\"wp-block-image size-large\"><a href=\"https:\/\/youtu.be\/BuhelhNzlA0\"><img loading=\"lazy\" width=\"300\" height=\"240\" src=\"https:\/\/www.abraca.cz\/wp-content\/uploads\/whistler-4-2.jpg\" alt=\"\" class=\"wp-image-1550\"\/><\/a><figcaption><a href=\"https:\/\/youtu.be\/BuhelhNzlA0\">Whistler<\/a><\/figcaption><\/figure>\n\n\n\n<figure class=\"wp-block-image size-large\"><a href=\"https:\/\/youtu.be\/21gLKNBEwc4\"><img loading=\"lazy\" width=\"300\" height=\"240\" src=\"https:\/\/www.abraca.cz\/wp-content\/uploads\/kelowna-4.jpg\" alt=\"\" class=\"wp-image-1556\"\/><\/a><figcaption><a href=\"https:\/\/youtu.be\/21gLKNBEwc4\">Kelowna<\/a><\/figcaption><\/figure>\n\n\n\n<figure class=\"wp-block-image size-large\"><a href=\"https:\/\/youtu.be\/B2qR483shIg\"><img loading=\"lazy\" width=\"300\" height=\"240\" src=\"https:\/\/www.abraca.cz\/wp-content\/uploads\/vak_soty-4.jpg\" alt=\"\" class=\"wp-image-1559\"\/><\/a><figcaption><a href=\"https:\/\/youtu.be\/B2qR483shIg\">B\u0159eclavsko &#8211; TV spoty<\/a><\/figcaption><\/figure>\n\n\n\n<figure class=\"wp-block-image size-large\"><a href=\"https:\/\/youtu.be\/Pfk-oirq4U4\"><img loading=\"lazy\" width=\"300\" height=\"240\" src=\"https:\/\/www.abraca.cz\/wp-content\/uploads\/apeniny-4-1.jpg\" alt=\"\" class=\"wp-image-1562\"\/><\/a><figcaption><a href=\"https:\/\/youtu.be\/Pfk-oirq4U4\">Apeniny MTB<\/a><\/figcaption><\/figure>\n\n\n\n<figure class=\"wp-block-image size-large\"><a href=\"https:\/\/youtu.be\/v6rtTnyicsE\"><img loading=\"lazy\" width=\"300\" height=\"240\" src=\"https:\/\/www.abraca.cz\/wp-content\/uploads\/uina-4.jpg\" alt=\"\" class=\"wp-image-1565\"\/><\/a><figcaption><a href=\"https:\/\/youtu.be\/v6rtTnyicsE\">Val d\u00b4 Uina<\/a><\/figcaption><\/figure>\n\n\n\n<figure class=\"wp-block-image size-large\"><a href=\"https:\/\/youtu.be\/gSdBQmA19Lg\"><img loading=\"lazy\" width=\"300\" height=\"240\" src=\"https:\/\/www.abraca.cz\/wp-content\/uploads\/morti-4.jpg\" alt=\"\" class=\"wp-image-1568\"\/><\/a><figcaption><a href=\"https:\/\/youtu.be\/gSdBQmA19Lg\">Colle dei Morti<\/a><\/figcaption><\/figure>\n\n\n\n<figure class=\"wp-block-image size-large\"><a href=\"https:\/\/youtu.be\/bqZl0QgJ-yM\"><img loading=\"lazy\" width=\"300\" height=\"240\" src=\"https:\/\/www.abraca.cz\/wp-content\/uploads\/0655.jpg\" alt=\"\" class=\"wp-image-1448\"\/><\/a><figcaption><a href=\"https:\/\/youtu.be\/bqZl0QgJ-yM\">Col Galibier<\/a><\/figcaption><\/figure>\n\n\n\n<figure class=\"wp-block-image size-large\"><a href=\"https:\/\/youtu.be\/ClFLFoAxtXA\"><img loading=\"lazy\" width=\"300\" height=\"240\" src=\"https:\/\/www.abraca.cz\/wp-content\/uploads\/0672.jpg\" alt=\"\" class=\"wp-image-1451\"\/><\/a><figcaption><a href=\"https:\/\/youtu.be\/ClFLFoAxtXA\">Alpe de Huez<\/a><\/figcaption><\/figure>\n<\/div>\n\n\n\n<div class=\"wp-block-column\">\n<figure class=\"wp-block-image size-large\"><a href=\"https:\/\/youtu.be\/PlTAFEFhuN4\"><img loading=\"lazy\" width=\"300\" height=\"240\" src=\"https:\/\/www.abraca.cz\/wp-content\/uploads\/cesta-ohnem-4.jpg\" alt=\"\" class=\"wp-image-510\"\/><\/a><figcaption><a href=\"https:\/\/youtu.be\/6Q32pu9FyUc\">Cesta ohn\u011bm<\/a><\/figcaption><\/figure>\n\n\n\n<figure class=\"wp-block-image size-large\"><a href=\"https:\/\/youtu.be\/gaXmr9C_WC4\"><img loading=\"lazy\" width=\"300\" height=\"240\" src=\"https:\/\/www.abraca.cz\/wp-content\/uploads\/bohuna-4.jpg\" alt=\"\" class=\"wp-image-1530\"\/><\/a><figcaption><a href=\"https:\/\/youtu.be\/xU4_sYZDJ2M\">Bohuna Ole\u0161ov\u00e1<\/a><\/figcaption><\/figure>\n\n\n\n<figure class=\"wp-block-image size-large\"><a href=\"https:\/\/youtu.be\/tTjzkmLlQG8\"><img loading=\"lazy\" width=\"300\" height=\"240\" src=\"https:\/\/www.abraca.cz\/wp-content\/uploads\/certoryje-4.jpg\" alt=\"\" class=\"wp-image-1533\"\/><\/a><figcaption><a href=\"https:\/\/youtu.be\/tTjzkmLlQG8\">\u010certoryje<\/a><\/figcaption><\/figure>\n\n\n\n<figure class=\"wp-block-image size-large\"><a href=\"https:\/\/youtu.be\/N0TwfdEnzIw\"><img loading=\"lazy\" width=\"300\" height=\"240\" src=\"https:\/\/www.abraca.cz\/wp-content\/uploads\/iberica-kon-4.jpg\" alt=\"\" class=\"wp-image-1537\"\/><\/a><figcaption><a href=\"https:\/\/youtu.be\/N0TwfdEnzIw\">Iberica &#8211; koncert<\/a><\/figcaption><\/figure>\n\n\n\n<figure class=\"wp-block-image size-large\"><a href=\"https:\/\/youtu.be\/chqwr4Ufsuc\"><img loading=\"lazy\" width=\"300\" height=\"240\" src=\"https:\/\/www.abraca.cz\/wp-content\/uploads\/atelier-2006-4.jpg\" alt=\"\" class=\"wp-image-1542\"\/><\/a><figcaption><a href=\"https:\/\/youtu.be\/chqwr4Ufsuc\">Atelier open 2006<\/a><\/figcaption><\/figure>\n\n\n\n<figure class=\"wp-block-image size-large\"><a href=\"https:\/\/youtu.be\/loIuH6D626Y\"><img loading=\"lazy\" width=\"300\" height=\"240\" src=\"https:\/\/www.abraca.cz\/wp-content\/uploads\/virtuosi-4.jpg\" alt=\"\" class=\"wp-image-1545\"\/><\/a><figcaption><a href=\"https:\/\/youtu.be\/loIuH6D626Y\">Virtuosi di Mikulov<\/a><\/figcaption><\/figure>\n\n\n\n<figure class=\"wp-block-image size-large\"><a href=\"https:\/\/youtu.be\/R9nfyjLfCS8\"><img loading=\"lazy\" width=\"300\" height=\"240\" src=\"https:\/\/www.abraca.cz\/wp-content\/uploads\/kampanila-2008-4.jpg\" alt=\"\" class=\"wp-image-1548\"\/><\/a><figcaption><a href=\"https:\/\/youtu.be\/R9nfyjLfCS8\">Kampanila 2008<\/a><\/figcaption><\/figure>\n\n\n\n<figure class=\"wp-block-image size-large\"><a href=\"https:\/\/youtu.be\/_lx0h6UUl4w\"><img loading=\"lazy\" width=\"300\" height=\"240\" src=\"https:\/\/www.abraca.cz\/wp-content\/uploads\/vancouver-4-1.jpg\" alt=\"\" class=\"wp-image-1553\"\/><\/a><figcaption><a href=\"https:\/\/youtu.be\/_lx0h6UUl4w\">Vancouver<\/a><\/figcaption><\/figure>\n\n\n\n<figure class=\"wp-block-image size-large\"><a href=\"https:\/\/youtu.be\/iuLeLci9goY\"><img loading=\"lazy\" width=\"300\" height=\"240\" src=\"https:\/\/www.abraca.cz\/wp-content\/uploads\/sklo-4.jpg\" alt=\"\" class=\"wp-image-1557\"\/><\/a><figcaption><a href=\"https:\/\/youtu.be\/iuLeLci9goY\">Moravsk\u00e9 skl\u00e1\u0159stv\u00ed<\/a><\/figcaption><\/figure>\n\n\n\n<figure class=\"wp-block-image size-large\"><a href=\"https:\/\/youtu.be\/lpCKxuXpEn8\"><img loading=\"lazy\" width=\"300\" height=\"240\" src=\"https:\/\/www.abraca.cz\/wp-content\/uploads\/maroko-4.jpg\" alt=\"\" class=\"wp-image-1560\"\/><\/a><figcaption><a href=\"https:\/\/youtu.be\/lpCKxuXpEn8\">Marokem na kole<\/a><\/figcaption><\/figure>\n\n\n\n<figure class=\"wp-block-image size-large\"><a href=\"https:\/\/youtu.be\/Zhp81qxe76k\"><img loading=\"lazy\" width=\"300\" height=\"240\" src=\"https:\/\/www.abraca.cz\/wp-content\/uploads\/mont-ventoux-4.jpg\" alt=\"\" class=\"wp-image-1563\"\/><\/a><figcaption><a href=\"https:\/\/youtu.be\/Zhp81qxe76k\">Mont Ventoux<\/a><\/figcaption><\/figure>\n\n\n\n<figure class=\"wp-block-image size-large\"><a href=\"https:\/\/youtu.be\/kJ0tn6D9QWs\"><img loading=\"lazy\" width=\"300\" height=\"240\" src=\"https:\/\/www.abraca.cz\/wp-content\/uploads\/tende-4.jpg\" alt=\"\" class=\"wp-image-1566\"\/><\/a><figcaption><a href=\"https:\/\/youtu.be\/vHpiC9Ey4Hg\">Col Tende<\/a><\/figcaption><\/figure>\n\n\n\n<figure class=\"wp-block-image size-large\"><a href=\"https:\/\/youtu.be\/gi730va2yZw\"><img loading=\"lazy\" width=\"300\" height=\"240\" src=\"https:\/\/www.abraca.cz\/wp-content\/uploads\/route-alpe-4.jpg\" alt=\"\" class=\"wp-image-1569\"\/><\/a><figcaption><a href=\"https:\/\/youtu.be\/gi730va2yZw\">Route des grandes Alpes<\/a><\/figcaption><\/figure>\n\n\n\n<figure class=\"wp-block-image size-large\"><a href=\"https:\/\/youtu.be\/J_glEMG0ggE\"><img loading=\"lazy\" width=\"300\" height=\"240\" src=\"https:\/\/www.abraca.cz\/wp-content\/uploads\/0689.jpg\" alt=\"\" class=\"wp-image-1449\"\/><\/a><figcaption><a href=\"https:\/\/youtu.be\/J_glEMG0ggE\">Col Iseran<\/a><\/figcaption><\/figure>\n<\/div>\n\n\n\n<div class=\"wp-block-column\">\n<figure class=\"wp-block-image size-large\"><a href=\"https:\/\/youtu.be\/Q3DLJHU4j-k\"><img loading=\"lazy\" width=\"300\" height=\"240\" src=\"https:\/\/www.abraca.cz\/wp-content\/uploads\/utrecht-4.jpg\" alt=\"\" class=\"wp-image-512\"\/><\/a><figcaption><a href=\"https:\/\/youtu.be\/_guCubQ7xbM\">Utrecht<\/a><\/figcaption><\/figure>\n\n\n\n<figure class=\"wp-block-image size-large\"><a href=\"https:\/\/youtu.be\/oQIuV99PwoI\"><img loading=\"lazy\" width=\"300\" height=\"240\" src=\"https:\/\/www.abraca.cz\/wp-content\/uploads\/rok-vina-4.jpg\" alt=\"\" class=\"wp-image-1531\"\/><\/a><figcaption><a href=\"https:\/\/youtu.be\/93AVkMnx3pk\">Rok v\u00edna<\/a><\/figcaption><\/figure>\n\n\n\n<figure class=\"wp-block-image size-large\"><a href=\"https:\/\/youtu.be\/mTTuRiaZR2I\"><img loading=\"lazy\" width=\"300\" height=\"240\" src=\"https:\/\/www.abraca.cz\/wp-content\/uploads\/papa-4.jpg\" alt=\"\" class=\"wp-image-1534\"\/><\/a><figcaption><a href=\"https:\/\/youtu.be\/mTTuRiaZR2I\">Psittaciformes<\/a><\/figcaption><\/figure>\n\n\n\n<figure class=\"wp-block-image size-large\"><a href=\"https:\/\/youtu.be\/N-bZrbecVy4\"><img loading=\"lazy\" width=\"300\" height=\"240\" src=\"https:\/\/www.abraca.cz\/wp-content\/uploads\/anglie-ave-4.jpg\" alt=\"\" class=\"wp-image-1538\"\/><\/a><figcaption><a href=\"https:\/\/youtu.be\/N-bZrbecVy4\">Avebury<\/a><\/figcaption><\/figure>\n\n\n\n<figure class=\"wp-block-image size-large\"><a href=\"https:\/\/youtu.be\/bjXxtsWj-hk\"><img loading=\"lazy\" width=\"300\" height=\"240\" src=\"https:\/\/www.abraca.cz\/wp-content\/uploads\/albanie-4.jpg\" alt=\"\" class=\"wp-image-1543\"\/><\/a><figcaption><a href=\"https:\/\/youtu.be\/bjXxtsWj-hk\">V sedle p\u0159es sedla Alb\u00e1nie<\/a><\/figcaption><\/figure>\n\n\n\n<figure class=\"wp-block-image size-large\"><a href=\"https:\/\/youtu.be\/-Pl3QfDzyhg\"><img loading=\"lazy\" width=\"300\" height=\"240\" src=\"https:\/\/www.abraca.cz\/wp-content\/uploads\/korsika-4.jpg\" alt=\"\" class=\"wp-image-1546\"\/><\/a><figcaption><a href=\"https:\/\/youtu.be\/-Pl3QfDzyhg\">Korsikou na kole<\/a><\/figcaption><\/figure>\n\n\n\n<figure class=\"wp-block-image size-large\"><a href=\"https:\/\/youtu.be\/J6v-tFAHY_g\"><img loading=\"lazy\" width=\"300\" height=\"240\" src=\"https:\/\/www.abraca.cz\/wp-content\/uploads\/kouleni-4.jpg\" alt=\"\" class=\"wp-image-1549\"\/><\/a><figcaption><a href=\"https:\/\/youtu.be\/J6v-tFAHY_g\">Koulen\u00ed kola 2008<\/a><\/figcaption><\/figure>\n\n\n\n<figure class=\"wp-block-image size-large\"><a href=\"https:\/\/youtu.be\/qqkdneAFGfg\"><img loading=\"lazy\" width=\"300\" height=\"240\" src=\"https:\/\/www.abraca.cz\/wp-content\/uploads\/island-4.jpg\" alt=\"\" class=\"wp-image-1554\"\/><\/a><figcaption><a href=\"https:\/\/youtu.be\/qqkdneAFGfg\">Vancouver Island<\/a><\/figcaption><\/figure>\n\n\n\n<figure class=\"wp-block-image size-large\"><a href=\"https:\/\/youtu.be\/FQHfBmFWLTY\"><img loading=\"lazy\" width=\"300\" height=\"240\" src=\"https:\/\/www.abraca.cz\/wp-content\/uploads\/vak-4.jpg\" alt=\"\" class=\"wp-image-1558\"\/><\/a><figcaption><a href=\"https:\/\/youtu.be\/FQHfBmFWLTY\">B\u0159eclavsko &#8211; dokument<\/a><\/figcaption><\/figure>\n\n\n\n<figure class=\"wp-block-image size-large\"><a href=\"https:\/\/youtu.be\/CeWWejQ7nmc\"><img loading=\"lazy\" width=\"300\" height=\"240\" src=\"https:\/\/www.abraca.cz\/wp-content\/uploads\/atelier-2012-4.jpg\" alt=\"\" class=\"wp-image-1561\"\/><\/a><figcaption><a href=\"https:\/\/youtu.be\/CeWWejQ7nmc\">Atelier open 2012<\/a><\/figcaption><\/figure>\n\n\n\n<figure class=\"wp-block-image size-large\"><a href=\"https:\/\/youtu.be\/9LS_vXJzduA\"><img loading=\"lazy\" width=\"300\" height=\"240\" src=\"https:\/\/www.abraca.cz\/wp-content\/uploads\/verdon-4.jpg\" alt=\"\" class=\"wp-image-1564\"\/><\/a><figcaption><a href=\"https:\/\/youtu.be\/9LS_vXJzduA\">Ka\u0148on Verdon<\/a><\/figcaption><\/figure>\n\n\n\n<figure class=\"wp-block-image size-large\"><a href=\"https:\/\/youtu.be\/JJ4MM4cVDzw\"><img loading=\"lazy\" width=\"300\" height=\"240\" src=\"https:\/\/www.abraca.cz\/wp-content\/uploads\/IB-4.jpg\" alt=\"\" class=\"wp-image-1567\"\/><\/a><figcaption><a href=\"https:\/\/youtu.be\/JJ4MM4cVDzw\">Iron bike 2014<\/a><\/figcaption><\/figure>\n\n\n\n<figure class=\"wp-block-image size-large\"><a href=\"https:\/\/youtu.be\/f4eYIRrIK8I\"><img loading=\"lazy\" width=\"300\" height=\"240\" src=\"https:\/\/www.abraca.cz\/wp-content\/uploads\/sella-rondo-4.jpg\" alt=\"\" class=\"wp-image-1570\"\/><\/a><figcaption><a href=\"https:\/\/youtu.be\/f4eYIRrIK8I\">Sella Ronda<\/a><\/figcaption><\/figure>\n\n\n\n<figure class=\"wp-block-image size-large\"><a href=\"https:\/\/youtu.be\/-EXqgpPrwu0\"><img loading=\"lazy\" width=\"300\" height=\"240\" src=\"https:\/\/www.abraca.cz\/wp-content\/uploads\/0665.jpg\" alt=\"\" class=\"wp-image-1450\"\/><\/a><figcaption><a href=\"https:\/\/youtu.be\/-EXqgpPrwu0\">Col Glandon &#8211; Col Croix<\/a><\/figcaption><\/figure>\n<\/div>\n<\/div>\n\n\n\n<p><\/p>\n","protected":false},"excerpt":{"rendered":"<p>Nab\u00edz\u00edme v\u00e1m kr\u00e1tk\u00e9 uk\u00e1zky z n\u011bkter\u00fdch na\u0161ich po\u0159ad\u016f:<\/p>\n","protected":false},"author":1,"featured_media":0,"parent":0,"menu_order":0,"comment_status":"closed","ping_status":"closed","template":"","meta":[],"_links":{"self":[{"href":"https:\/\/www.abraca.cz\/home\/wp-json\/wp\/v2\/pages\/1517"}],"collection":[{"href":"https:\/\/www.abraca.cz\/home\/wp-json\/wp\/v2\/pages"}],"about":[{"href":"https:\/\/www.abraca.cz\/home\/wp-json\/wp\/v2\/types\/page"}],"author":[{"embeddable":true,"href":"https:\/\/www.abraca.cz\/home\/wp-json\/wp\/v2\/users\/1"}],"replies":[{"embeddable":true,"href":"https:\/\/www.abraca.cz\/home\/wp-json\/wp\/v2\/comments?post=1517"}],"version-history":[{"count":32,"href":"https:\/\/www.abraca.cz\/home\/wp-json\/wp\/v2\/pages\/1517\/revisions"}],"predecessor-version":[{"id":1607,"href":"https:\/\/www.abraca.cz\/home\/wp-json\/wp\/v2\/pages\/1517\/revisions\/1607"}],"wp:attachment":[{"href":"https:\/\/www.abraca.cz\/home\/wp-json\/wp\/v2\/media?parent=1517"}],"curies":[{"name":"wp","href":"https:\/\/api.w.org\/{rel}","templated":true}]}}