{"id":1374,"date":"2020-11-21T17:36:43","date_gmt":"2020-11-21T16:36:43","guid":{"rendered":"https:\/\/www.abraca.cz\/home\/?page_id=1374"},"modified":"2020-11-21T17:37:19","modified_gmt":"2020-11-21T16:37:19","slug":"alpe-de-huez","status":"publish","type":"page","link":"https:\/\/www.abraca.cz\/home\/alpe-de-huez\/","title":{"rendered":"Alpe de Huez"},"content":{"rendered":"\n<div class=\"wp-block-columns\">\n<div class=\"wp-block-column\">\n<figure class=\"wp-block-gallery columns-3 is-cropped\"><ul class=\"blocks-gallery-grid\"><li class=\"blocks-gallery-item\"><figure><img loading=\"lazy\" width=\"300\" height=\"169\" src=\"https:\/\/www.abraca.cz\/wp-content\/uploads\/clip0671small.jpg\" alt=\"\" data-id=\"1375\" data-full-url=\"https:\/\/www.abraca.cz\/wp-content\/uploads\/clip0671small.jpg\" data-link=\"https:\/\/www.abraca.cz\/home\/?attachment_id=1375\" class=\"wp-image-1375\"\/><\/figure><\/li><li class=\"blocks-gallery-item\"><figure><img loading=\"lazy\" width=\"300\" height=\"169\" src=\"https:\/\/www.abraca.cz\/wp-content\/uploads\/clip0672small-1.jpg\" alt=\"\" data-id=\"1376\" data-full-url=\"https:\/\/www.abraca.cz\/wp-content\/uploads\/clip0672small-1.jpg\" data-link=\"https:\/\/www.abraca.cz\/home\/?attachment_id=1376\" class=\"wp-image-1376\"\/><\/figure><\/li><li class=\"blocks-gallery-item\"><figure><img loading=\"lazy\" width=\"300\" height=\"169\" src=\"https:\/\/www.abraca.cz\/wp-content\/uploads\/clip0673small.jpg\" alt=\"\" data-id=\"1377\" data-full-url=\"https:\/\/www.abraca.cz\/wp-content\/uploads\/clip0673small.jpg\" data-link=\"https:\/\/www.abraca.cz\/home\/?attachment_id=1377\" class=\"wp-image-1377\"\/><\/figure><\/li><li class=\"blocks-gallery-item\"><figure><img loading=\"lazy\" width=\"300\" height=\"169\" src=\"https:\/\/www.abraca.cz\/wp-content\/uploads\/clip0674small.jpg\" alt=\"\" data-id=\"1378\" data-full-url=\"https:\/\/www.abraca.cz\/wp-content\/uploads\/clip0674small.jpg\" data-link=\"https:\/\/www.abraca.cz\/home\/?attachment_id=1378\" class=\"wp-image-1378\"\/><\/figure><\/li><li class=\"blocks-gallery-item\"><figure><img loading=\"lazy\" width=\"300\" height=\"169\" src=\"https:\/\/www.abraca.cz\/wp-content\/uploads\/clip0675small.jpg\" alt=\"\" data-id=\"1379\" data-full-url=\"https:\/\/www.abraca.cz\/wp-content\/uploads\/clip0675small.jpg\" data-link=\"https:\/\/www.abraca.cz\/home\/?attachment_id=1379\" class=\"wp-image-1379\"\/><\/figure><\/li><li class=\"blocks-gallery-item\"><figure><img loading=\"lazy\" width=\"300\" height=\"169\" src=\"https:\/\/www.abraca.cz\/wp-content\/uploads\/clip0676small.jpg\" alt=\"\" data-id=\"1380\" data-full-url=\"https:\/\/www.abraca.cz\/wp-content\/uploads\/clip0676small.jpg\" data-link=\"https:\/\/www.abraca.cz\/home\/?attachment_id=1380\" class=\"wp-image-1380\"\/><\/figure><\/li><li class=\"blocks-gallery-item\"><figure><img loading=\"lazy\" width=\"300\" height=\"169\" src=\"https:\/\/www.abraca.cz\/wp-content\/uploads\/clip0677small.jpg\" alt=\"\" data-id=\"1381\" data-full-url=\"https:\/\/www.abraca.cz\/wp-content\/uploads\/clip0677small.jpg\" data-link=\"https:\/\/www.abraca.cz\/home\/?attachment_id=1381\" class=\"wp-image-1381\"\/><\/figure><\/li><li class=\"blocks-gallery-item\"><figure><img loading=\"lazy\" width=\"300\" height=\"169\" src=\"https:\/\/www.abraca.cz\/wp-content\/uploads\/clip0678small.jpg\" alt=\"\" data-id=\"1382\" data-full-url=\"https:\/\/www.abraca.cz\/wp-content\/uploads\/clip0678small.jpg\" data-link=\"https:\/\/www.abraca.cz\/home\/?attachment_id=1382\" class=\"wp-image-1382\"\/><\/figure><\/li><li class=\"blocks-gallery-item\"><figure><img loading=\"lazy\" width=\"300\" height=\"169\" src=\"https:\/\/www.abraca.cz\/wp-content\/uploads\/clip0679small.jpg\" alt=\"\" data-id=\"1383\" data-full-url=\"https:\/\/www.abraca.cz\/wp-content\/uploads\/clip0679small.jpg\" data-link=\"https:\/\/www.abraca.cz\/home\/?attachment_id=1383\" class=\"wp-image-1383\"\/><\/figure><\/li><li class=\"blocks-gallery-item\"><figure><img loading=\"lazy\" width=\"300\" height=\"169\" src=\"https:\/\/www.abraca.cz\/wp-content\/uploads\/clip0680small.jpg\" alt=\"\" data-id=\"1384\" data-full-url=\"https:\/\/www.abraca.cz\/wp-content\/uploads\/clip0680small.jpg\" data-link=\"https:\/\/www.abraca.cz\/home\/?attachment_id=1384\" class=\"wp-image-1384\"\/><\/figure><\/li><\/ul><\/figure>\n<\/div>\n\n\n\n<div class=\"wp-block-column\">\n<p><\/p>\n\n\n\n<p>ALPE DE HUEZ<\/p>\n\n\n\n<p>Po stop\u00e1ch Tour de France na legend\u00e1rn\u00ed Alpe de Huez.<\/p>\n\n\n\n<p>stop\u00e1\u017e:&nbsp; &nbsp;&nbsp;18 minut<\/p>\n<\/div>\n<\/div>\n","protected":false},"excerpt":{"rendered":"<p>ALPE DE HUEZ Po stop\u00e1ch Tour de France na legend\u00e1rn\u00ed Alpe de Huez. stop\u00e1\u017e:&nbsp; &nbsp;&nbsp;18 minut<\/p>\n","protected":false},"author":1,"featured_media":0,"parent":0,"menu_order":0,"comment_status":"closed","ping_status":"closed","template":"","meta":[],"_links":{"self":[{"href":"https:\/\/www.abraca.cz\/home\/wp-json\/wp\/v2\/pages\/1374"}],"collection":[{"href":"https:\/\/www.abraca.cz\/home\/wp-json\/wp\/v2\/pages"}],"about":[{"href":"https:\/\/www.abraca.cz\/home\/wp-json\/wp\/v2\/types\/page"}],"author":[{"embeddable":true,"href":"https:\/\/www.abraca.cz\/home\/wp-json\/wp\/v2\/users\/1"}],"replies":[{"embeddable":true,"href":"https:\/\/www.abraca.cz\/home\/wp-json\/wp\/v2\/comments?post=1374"}],"version-history":[{"count":3,"href":"https:\/\/www.abraca.cz\/home\/wp-json\/wp\/v2\/pages\/1374\/revisions"}],"predecessor-version":[{"id":1691,"href":"https:\/\/www.abraca.cz\/home\/wp-json\/wp\/v2\/pages\/1374\/revisions\/1691"}],"wp:attachment":[{"href":"https:\/\/www.abraca.cz\/home\/wp-json\/wp\/v2\/media?parent=1374"}],"curies":[{"name":"wp","href":"https:\/\/api.w.org\/{rel}","templated":true}]}}