{"id":1345,"date":"2020-11-21T17:32:48","date_gmt":"2020-11-21T16:32:48","guid":{"rendered":"https:\/\/www.abraca.cz\/home\/?page_id=1345"},"modified":"2020-11-21T17:32:48","modified_gmt":"2020-11-21T16:32:48","slug":"col-iseran","status":"publish","type":"page","link":"https:\/\/www.abraca.cz\/home\/col-iseran\/","title":{"rendered":"Col Iseran"},"content":{"rendered":"\n<div class=\"wp-block-columns\">\n<div class=\"wp-block-column\">\n<figure class=\"wp-block-gallery columns-3 is-cropped\"><ul class=\"blocks-gallery-grid\"><li class=\"blocks-gallery-item\"><figure><img loading=\"lazy\" width=\"300\" height=\"169\" src=\"https:\/\/www.abraca.cz\/wp-content\/uploads\/clip0681small.jpg\" alt=\"\" data-id=\"1346\" data-full-url=\"https:\/\/www.abraca.cz\/wp-content\/uploads\/clip0681small.jpg\" data-link=\"https:\/\/www.abraca.cz\/home\/?attachment_id=1346\" class=\"wp-image-1346\"\/><\/figure><\/li><li class=\"blocks-gallery-item\"><figure><img loading=\"lazy\" width=\"300\" height=\"169\" src=\"https:\/\/www.abraca.cz\/wp-content\/uploads\/clip0682small.jpg\" alt=\"\" data-id=\"1347\" data-full-url=\"https:\/\/www.abraca.cz\/wp-content\/uploads\/clip0682small.jpg\" data-link=\"https:\/\/www.abraca.cz\/home\/?attachment_id=1347\" class=\"wp-image-1347\"\/><\/figure><\/li><li class=\"blocks-gallery-item\"><figure><img loading=\"lazy\" width=\"300\" height=\"169\" src=\"https:\/\/www.abraca.cz\/wp-content\/uploads\/clip0683small.jpg\" alt=\"\" data-id=\"1348\" data-full-url=\"https:\/\/www.abraca.cz\/wp-content\/uploads\/clip0683small.jpg\" data-link=\"https:\/\/www.abraca.cz\/home\/?attachment_id=1348\" class=\"wp-image-1348\"\/><\/figure><\/li><li class=\"blocks-gallery-item\"><figure><img loading=\"lazy\" width=\"300\" height=\"169\" src=\"https:\/\/www.abraca.cz\/wp-content\/uploads\/clip0684small.jpg\" alt=\"\" data-id=\"1349\" data-full-url=\"https:\/\/www.abraca.cz\/wp-content\/uploads\/clip0684small.jpg\" data-link=\"https:\/\/www.abraca.cz\/home\/?attachment_id=1349\" class=\"wp-image-1349\"\/><\/figure><\/li><li class=\"blocks-gallery-item\"><figure><img loading=\"lazy\" width=\"300\" height=\"169\" src=\"https:\/\/www.abraca.cz\/wp-content\/uploads\/clip0685small.jpg\" alt=\"\" data-id=\"1350\" data-full-url=\"https:\/\/www.abraca.cz\/wp-content\/uploads\/clip0685small.jpg\" data-link=\"https:\/\/www.abraca.cz\/home\/?attachment_id=1350\" class=\"wp-image-1350\"\/><\/figure><\/li><li class=\"blocks-gallery-item\"><figure><img loading=\"lazy\" width=\"300\" height=\"169\" src=\"https:\/\/www.abraca.cz\/wp-content\/uploads\/clip0686small.jpg\" alt=\"\" data-id=\"1351\" data-full-url=\"https:\/\/www.abraca.cz\/wp-content\/uploads\/clip0686small.jpg\" data-link=\"https:\/\/www.abraca.cz\/home\/?attachment_id=1351\" class=\"wp-image-1351\"\/><\/figure><\/li><li class=\"blocks-gallery-item\"><figure><img loading=\"lazy\" width=\"300\" height=\"169\" src=\"https:\/\/www.abraca.cz\/wp-content\/uploads\/clip0687small.jpg\" alt=\"\" data-id=\"1352\" data-full-url=\"https:\/\/www.abraca.cz\/wp-content\/uploads\/clip0687small.jpg\" data-link=\"https:\/\/www.abraca.cz\/home\/?attachment_id=1352\" class=\"wp-image-1352\"\/><\/figure><\/li><li class=\"blocks-gallery-item\"><figure><img loading=\"lazy\" width=\"300\" height=\"169\" src=\"https:\/\/www.abraca.cz\/wp-content\/uploads\/clip0688small.jpg\" alt=\"\" data-id=\"1353\" data-full-url=\"https:\/\/www.abraca.cz\/wp-content\/uploads\/clip0688small.jpg\" data-link=\"https:\/\/www.abraca.cz\/home\/?attachment_id=1353\" class=\"wp-image-1353\"\/><\/figure><\/li><li class=\"blocks-gallery-item\"><figure><img loading=\"lazy\" width=\"300\" height=\"169\" src=\"https:\/\/www.abraca.cz\/wp-content\/uploads\/clip0689small-1.jpg\" alt=\"\" data-id=\"1354\" data-full-url=\"https:\/\/www.abraca.cz\/wp-content\/uploads\/clip0689small-1.jpg\" data-link=\"https:\/\/www.abraca.cz\/home\/?attachment_id=1354\" class=\"wp-image-1354\"\/><\/figure><\/li><li class=\"blocks-gallery-item\"><figure><img loading=\"lazy\" width=\"300\" height=\"169\" src=\"https:\/\/www.abraca.cz\/wp-content\/uploads\/clip0690small.jpg\" alt=\"\" data-id=\"1355\" data-full-url=\"https:\/\/www.abraca.cz\/wp-content\/uploads\/clip0690small.jpg\" data-link=\"https:\/\/www.abraca.cz\/home\/?attachment_id=1355\" class=\"wp-image-1355\"\/><\/figure><\/li><li class=\"blocks-gallery-item\"><figure><img loading=\"lazy\" width=\"300\" height=\"169\" src=\"https:\/\/www.abraca.cz\/wp-content\/uploads\/clip0691small.jpg\" alt=\"\" data-id=\"1356\" data-full-url=\"https:\/\/www.abraca.cz\/wp-content\/uploads\/clip0691small.jpg\" data-link=\"https:\/\/www.abraca.cz\/home\/?attachment_id=1356\" class=\"wp-image-1356\"\/><\/figure><\/li><li class=\"blocks-gallery-item\"><figure><img loading=\"lazy\" width=\"300\" height=\"169\" src=\"https:\/\/www.abraca.cz\/wp-content\/uploads\/clip0692small.jpg\" alt=\"\" data-id=\"1357\" data-full-url=\"https:\/\/www.abraca.cz\/wp-content\/uploads\/clip0692small.jpg\" data-link=\"https:\/\/www.abraca.cz\/home\/?attachment_id=1357\" class=\"wp-image-1357\"\/><\/figure><\/li><li class=\"blocks-gallery-item\"><figure><img loading=\"lazy\" width=\"300\" height=\"169\" src=\"https:\/\/www.abraca.cz\/wp-content\/uploads\/clip0693small.jpg\" alt=\"\" data-id=\"1358\" data-full-url=\"https:\/\/www.abraca.cz\/wp-content\/uploads\/clip0693small.jpg\" data-link=\"https:\/\/www.abraca.cz\/home\/?attachment_id=1358\" class=\"wp-image-1358\"\/><\/figure><\/li><li class=\"blocks-gallery-item\"><figure><img loading=\"lazy\" width=\"300\" height=\"169\" src=\"https:\/\/www.abraca.cz\/wp-content\/uploads\/clip0694small.jpg\" alt=\"\" data-id=\"1359\" data-full-url=\"https:\/\/www.abraca.cz\/wp-content\/uploads\/clip0694small.jpg\" data-link=\"https:\/\/www.abraca.cz\/home\/?attachment_id=1359\" class=\"wp-image-1359\"\/><\/figure><\/li><\/ul><\/figure>\n<\/div>\n\n\n\n<div class=\"wp-block-column\">\n<p><\/p>\n\n\n\n<p>COL Iseran<\/p>\n\n\n\n<p>Na nejvy\u0161\u0161\u00ed pr\u016fsmyk v&nbsp;Alp\u00e1ch Col Iseran \u2013 v\u00fdjezd a sjezd z&nbsp;obou stran, na ji\u017en\u00ed stran\u011b nav\u00edc na Col Cenis.<\/p>\n\n\n\n<p>stop\u00e1\u017e:&nbsp; &nbsp;&nbsp;52 minut<\/p>\n<\/div>\n<\/div>\n","protected":false},"excerpt":{"rendered":"<p>COL Iseran Na nejvy\u0161\u0161\u00ed pr\u016fsmyk v&nbsp;Alp\u00e1ch Col Iseran \u2013 v\u00fdjezd a sjezd z&nbsp;obou stran, na ji\u017en\u00ed stran\u011b nav\u00edc na Col Cenis. stop\u00e1\u017e:&nbsp; &nbsp;&nbsp;52 minut<\/p>\n","protected":false},"author":1,"featured_media":0,"parent":0,"menu_order":0,"comment_status":"closed","ping_status":"closed","template":"","meta":[],"_links":{"self":[{"href":"https:\/\/www.abraca.cz\/home\/wp-json\/wp\/v2\/pages\/1345"}],"collection":[{"href":"https:\/\/www.abraca.cz\/home\/wp-json\/wp\/v2\/pages"}],"about":[{"href":"https:\/\/www.abraca.cz\/home\/wp-json\/wp\/v2\/types\/page"}],"author":[{"embeddable":true,"href":"https:\/\/www.abraca.cz\/home\/wp-json\/wp\/v2\/users\/1"}],"replies":[{"embeddable":true,"href":"https:\/\/www.abraca.cz\/home\/wp-json\/wp\/v2\/comments?post=1345"}],"version-history":[{"count":1,"href":"https:\/\/www.abraca.cz\/home\/wp-json\/wp\/v2\/pages\/1345\/revisions"}],"predecessor-version":[{"id":1360,"href":"https:\/\/www.abraca.cz\/home\/wp-json\/wp\/v2\/pages\/1345\/revisions\/1360"}],"wp:attachment":[{"href":"https:\/\/www.abraca.cz\/home\/wp-json\/wp\/v2\/media?parent=1345"}],"curies":[{"name":"wp","href":"https:\/\/api.w.org\/{rel}","templated":true}]}}