{"id":1299,"date":"2020-11-21T17:27:36","date_gmt":"2020-11-21T16:27:36","guid":{"rendered":"https:\/\/www.abraca.cz\/home\/?page_id=1299"},"modified":"2020-11-21T17:27:36","modified_gmt":"2020-11-21T16:27:36","slug":"zdenek-hamza","status":"publish","type":"page","link":"https:\/\/www.abraca.cz\/home\/zdenek-hamza\/","title":{"rendered":"Zden\u011bk Ham\u017ea"},"content":{"rendered":"\n<div class=\"wp-block-columns\">\n<div class=\"wp-block-column\">\n<figure class=\"wp-block-gallery columns-3 is-cropped\"><ul class=\"blocks-gallery-grid\"><li class=\"blocks-gallery-item\"><figure><img loading=\"lazy\" width=\"300\" height=\"169\" src=\"https:\/\/www.abraca.cz\/wp-content\/uploads\/small0620-1.jpg\" alt=\"\" data-id=\"1300\" data-full-url=\"https:\/\/www.abraca.cz\/wp-content\/uploads\/small0620-1.jpg\" data-link=\"https:\/\/www.abraca.cz\/home\/?attachment_id=1300\" class=\"wp-image-1300\"\/><\/figure><\/li><li class=\"blocks-gallery-item\"><figure><img loading=\"lazy\" width=\"300\" height=\"169\" src=\"https:\/\/www.abraca.cz\/wp-content\/uploads\/small0621.jpg\" alt=\"\" data-id=\"1301\" data-full-url=\"https:\/\/www.abraca.cz\/wp-content\/uploads\/small0621.jpg\" data-link=\"https:\/\/www.abraca.cz\/home\/?attachment_id=1301\" class=\"wp-image-1301\"\/><\/figure><\/li><li class=\"blocks-gallery-item\"><figure><img loading=\"lazy\" width=\"300\" height=\"169\" src=\"https:\/\/www.abraca.cz\/wp-content\/uploads\/small0622.jpg\" alt=\"\" data-id=\"1302\" data-full-url=\"https:\/\/www.abraca.cz\/wp-content\/uploads\/small0622.jpg\" data-link=\"https:\/\/www.abraca.cz\/home\/?attachment_id=1302\" class=\"wp-image-1302\"\/><\/figure><\/li><li class=\"blocks-gallery-item\"><figure><img loading=\"lazy\" width=\"300\" height=\"169\" src=\"https:\/\/www.abraca.cz\/wp-content\/uploads\/small0623.jpg\" alt=\"\" data-id=\"1303\" data-full-url=\"https:\/\/www.abraca.cz\/wp-content\/uploads\/small0623.jpg\" data-link=\"https:\/\/www.abraca.cz\/home\/?attachment_id=1303\" class=\"wp-image-1303\"\/><\/figure><\/li><li class=\"blocks-gallery-item\"><figure><img loading=\"lazy\" width=\"300\" height=\"169\" src=\"https:\/\/www.abraca.cz\/wp-content\/uploads\/small0624.jpg\" alt=\"\" data-id=\"1304\" data-full-url=\"https:\/\/www.abraca.cz\/wp-content\/uploads\/small0624.jpg\" data-link=\"https:\/\/www.abraca.cz\/home\/?attachment_id=1304\" class=\"wp-image-1304\"\/><\/figure><\/li><li class=\"blocks-gallery-item\"><figure><img loading=\"lazy\" width=\"300\" height=\"169\" src=\"https:\/\/www.abraca.cz\/wp-content\/uploads\/small0625.jpg\" alt=\"\" data-id=\"1305\" data-full-url=\"https:\/\/www.abraca.cz\/wp-content\/uploads\/small0625.jpg\" data-link=\"https:\/\/www.abraca.cz\/home\/?attachment_id=1305\" class=\"wp-image-1305\"\/><\/figure><\/li><li class=\"blocks-gallery-item\"><figure><img loading=\"lazy\" width=\"300\" height=\"169\" src=\"https:\/\/www.abraca.cz\/wp-content\/uploads\/small0626.jpg\" alt=\"\" data-id=\"1306\" data-full-url=\"https:\/\/www.abraca.cz\/wp-content\/uploads\/small0626.jpg\" data-link=\"https:\/\/www.abraca.cz\/home\/?attachment_id=1306\" class=\"wp-image-1306\"\/><\/figure><\/li><li class=\"blocks-gallery-item\"><figure><img loading=\"lazy\" width=\"300\" height=\"169\" src=\"https:\/\/www.abraca.cz\/wp-content\/uploads\/small0627.jpg\" alt=\"\" data-id=\"1307\" data-full-url=\"https:\/\/www.abraca.cz\/wp-content\/uploads\/small0627.jpg\" data-link=\"https:\/\/www.abraca.cz\/home\/?attachment_id=1307\" class=\"wp-image-1307\"\/><\/figure><\/li><li class=\"blocks-gallery-item\"><figure><img loading=\"lazy\" width=\"300\" height=\"169\" src=\"https:\/\/www.abraca.cz\/wp-content\/uploads\/small0628.jpg\" alt=\"\" data-id=\"1308\" data-full-url=\"https:\/\/www.abraca.cz\/wp-content\/uploads\/small0628.jpg\" data-link=\"https:\/\/www.abraca.cz\/home\/?attachment_id=1308\" class=\"wp-image-1308\"\/><\/figure><\/li><li class=\"blocks-gallery-item\"><figure><img loading=\"lazy\" width=\"300\" height=\"169\" src=\"https:\/\/www.abraca.cz\/wp-content\/uploads\/small0629.jpg\" alt=\"\" data-id=\"1309\" data-full-url=\"https:\/\/www.abraca.cz\/wp-content\/uploads\/small0629.jpg\" data-link=\"https:\/\/www.abraca.cz\/home\/?attachment_id=1309\" class=\"wp-image-1309\"\/><\/figure><\/li><li class=\"blocks-gallery-item\"><figure><img loading=\"lazy\" width=\"300\" height=\"169\" src=\"https:\/\/www.abraca.cz\/wp-content\/uploads\/small0630.jpg\" alt=\"\" data-id=\"1310\" data-full-url=\"https:\/\/www.abraca.cz\/wp-content\/uploads\/small0630.jpg\" data-link=\"https:\/\/www.abraca.cz\/home\/?attachment_id=1310\" class=\"wp-image-1310\"\/><\/figure><\/li><\/ul><\/figure>\n<\/div>\n\n\n\n<div class=\"wp-block-column\">\n<p><\/p>\n\n\n\n<p>ZDEN\u011aK HAM\u017dA<\/p>\n\n\n\n<p>Profilov\u00fd dokument v\u00fdtvarn\u00edka Zde\u0148ka Ham\u017ei.<\/p>\n\n\n\n<p>stop\u00e1\u017e:&nbsp; &nbsp;13 minut<\/p>\n<\/div>\n<\/div>\n","protected":false},"excerpt":{"rendered":"<p>ZDEN\u011aK HAM\u017dA Profilov\u00fd dokument v\u00fdtvarn\u00edka Zde\u0148ka Ham\u017ei. stop\u00e1\u017e:&nbsp; &nbsp;13 minut<\/p>\n","protected":false},"author":1,"featured_media":0,"parent":0,"menu_order":0,"comment_status":"closed","ping_status":"closed","template":"","meta":[],"_links":{"self":[{"href":"https:\/\/www.abraca.cz\/home\/wp-json\/wp\/v2\/pages\/1299"}],"collection":[{"href":"https:\/\/www.abraca.cz\/home\/wp-json\/wp\/v2\/pages"}],"about":[{"href":"https:\/\/www.abraca.cz\/home\/wp-json\/wp\/v2\/types\/page"}],"author":[{"embeddable":true,"href":"https:\/\/www.abraca.cz\/home\/wp-json\/wp\/v2\/users\/1"}],"replies":[{"embeddable":true,"href":"https:\/\/www.abraca.cz\/home\/wp-json\/wp\/v2\/comments?post=1299"}],"version-history":[{"count":1,"href":"https:\/\/www.abraca.cz\/home\/wp-json\/wp\/v2\/pages\/1299\/revisions"}],"predecessor-version":[{"id":1311,"href":"https:\/\/www.abraca.cz\/home\/wp-json\/wp\/v2\/pages\/1299\/revisions\/1311"}],"wp:attachment":[{"href":"https:\/\/www.abraca.cz\/home\/wp-json\/wp\/v2\/media?parent=1299"}],"curies":[{"name":"wp","href":"https:\/\/api.w.org\/{rel}","templated":true}]}}