{"id":1260,"date":"2020-11-21T17:24:27","date_gmt":"2020-11-21T16:24:27","guid":{"rendered":"https:\/\/www.abraca.cz\/home\/?page_id=1260"},"modified":"2020-11-21T17:24:27","modified_gmt":"2020-11-21T16:24:27","slug":"projekt-b-h-h","status":"publish","type":"page","link":"https:\/\/www.abraca.cz\/home\/projekt-b-h-h\/","title":{"rendered":"Projekt B + H + H"},"content":{"rendered":"\n<div class=\"wp-block-columns\">\n<div class=\"wp-block-column\">\n<figure class=\"wp-block-gallery columns-3 is-cropped\"><ul class=\"blocks-gallery-grid\"><li class=\"blocks-gallery-item\"><figure><img loading=\"lazy\" width=\"300\" height=\"169\" src=\"https:\/\/www.abraca.cz\/wp-content\/uploads\/small0587.jpg\" alt=\"\" data-id=\"1261\" data-full-url=\"https:\/\/www.abraca.cz\/wp-content\/uploads\/small0587.jpg\" data-link=\"https:\/\/www.abraca.cz\/home\/?attachment_id=1261\" class=\"wp-image-1261\"\/><\/figure><\/li><li class=\"blocks-gallery-item\"><figure><img loading=\"lazy\" width=\"300\" height=\"169\" src=\"https:\/\/www.abraca.cz\/wp-content\/uploads\/small0588-1.jpg\" alt=\"\" data-id=\"1262\" data-full-url=\"https:\/\/www.abraca.cz\/wp-content\/uploads\/small0588-1.jpg\" data-link=\"https:\/\/www.abraca.cz\/home\/?attachment_id=1262\" class=\"wp-image-1262\"\/><\/figure><\/li><li class=\"blocks-gallery-item\"><figure><img loading=\"lazy\" width=\"300\" height=\"169\" src=\"https:\/\/www.abraca.cz\/wp-content\/uploads\/small0589.jpg\" alt=\"\" data-id=\"1263\" data-full-url=\"https:\/\/www.abraca.cz\/wp-content\/uploads\/small0589.jpg\" data-link=\"https:\/\/www.abraca.cz\/home\/?attachment_id=1263\" class=\"wp-image-1263\"\/><\/figure><\/li><li class=\"blocks-gallery-item\"><figure><img loading=\"lazy\" width=\"300\" height=\"169\" src=\"https:\/\/www.abraca.cz\/wp-content\/uploads\/small0590.jpg\" alt=\"\" data-id=\"1264\" data-full-url=\"https:\/\/www.abraca.cz\/wp-content\/uploads\/small0590.jpg\" data-link=\"https:\/\/www.abraca.cz\/home\/?attachment_id=1264\" class=\"wp-image-1264\"\/><\/figure><\/li><li class=\"blocks-gallery-item\"><figure><img loading=\"lazy\" width=\"300\" height=\"169\" src=\"https:\/\/www.abraca.cz\/wp-content\/uploads\/small0591.jpg\" alt=\"\" data-id=\"1265\" data-full-url=\"https:\/\/www.abraca.cz\/wp-content\/uploads\/small0591.jpg\" data-link=\"https:\/\/www.abraca.cz\/home\/?attachment_id=1265\" class=\"wp-image-1265\"\/><\/figure><\/li><li class=\"blocks-gallery-item\"><figure><img loading=\"lazy\" width=\"300\" height=\"169\" src=\"https:\/\/www.abraca.cz\/wp-content\/uploads\/small0592.jpg\" alt=\"\" data-id=\"1266\" data-full-url=\"https:\/\/www.abraca.cz\/wp-content\/uploads\/small0592.jpg\" data-link=\"https:\/\/www.abraca.cz\/home\/?attachment_id=1266\" class=\"wp-image-1266\"\/><\/figure><\/li><li class=\"blocks-gallery-item\"><figure><img loading=\"lazy\" width=\"300\" height=\"169\" src=\"https:\/\/www.abraca.cz\/wp-content\/uploads\/small0593.jpg\" alt=\"\" data-id=\"1267\" data-full-url=\"https:\/\/www.abraca.cz\/wp-content\/uploads\/small0593.jpg\" data-link=\"https:\/\/www.abraca.cz\/home\/?attachment_id=1267\" class=\"wp-image-1267\"\/><\/figure><\/li><li class=\"blocks-gallery-item\"><figure><img loading=\"lazy\" width=\"300\" height=\"169\" src=\"https:\/\/www.abraca.cz\/wp-content\/uploads\/small0594.jpg\" alt=\"\" data-id=\"1268\" data-full-url=\"https:\/\/www.abraca.cz\/wp-content\/uploads\/small0594.jpg\" data-link=\"https:\/\/www.abraca.cz\/home\/?attachment_id=1268\" class=\"wp-image-1268\"\/><\/figure><\/li><li class=\"blocks-gallery-item\"><figure><img loading=\"lazy\" width=\"300\" height=\"169\" src=\"https:\/\/www.abraca.cz\/wp-content\/uploads\/small0595.jpg\" alt=\"\" data-id=\"1269\" data-full-url=\"https:\/\/www.abraca.cz\/wp-content\/uploads\/small0595.jpg\" data-link=\"https:\/\/www.abraca.cz\/home\/?attachment_id=1269\" class=\"wp-image-1269\"\/><\/figure><\/li><li class=\"blocks-gallery-item\"><figure><img loading=\"lazy\" width=\"300\" height=\"169\" src=\"https:\/\/www.abraca.cz\/wp-content\/uploads\/small0596.jpg\" alt=\"\" data-id=\"1270\" data-full-url=\"https:\/\/www.abraca.cz\/wp-content\/uploads\/small0596.jpg\" data-link=\"https:\/\/www.abraca.cz\/home\/?attachment_id=1270\" class=\"wp-image-1270\"\/><\/figure><\/li><li class=\"blocks-gallery-item\"><figure><img loading=\"lazy\" width=\"300\" height=\"169\" src=\"https:\/\/www.abraca.cz\/wp-content\/uploads\/small0597.jpg\" alt=\"\" data-id=\"1271\" data-full-url=\"https:\/\/www.abraca.cz\/wp-content\/uploads\/small0597.jpg\" data-link=\"https:\/\/www.abraca.cz\/home\/?attachment_id=1271\" class=\"wp-image-1271\"\/><\/figure><\/li><li class=\"blocks-gallery-item\"><figure><img loading=\"lazy\" width=\"300\" height=\"169\" src=\"https:\/\/www.abraca.cz\/wp-content\/uploads\/small0598.jpg\" alt=\"\" data-id=\"1272\" data-full-url=\"https:\/\/www.abraca.cz\/wp-content\/uploads\/small0598.jpg\" data-link=\"https:\/\/www.abraca.cz\/home\/?attachment_id=1272\" class=\"wp-image-1272\"\/><\/figure><\/li><\/ul><\/figure>\n<\/div>\n\n\n\n<div class=\"wp-block-column\">\n<p>PROJEKT B + H + H<\/p>\n\n\n\n<p>\u00davodn\u00ed \u010d\u00e1st projektu B+H+H brn\u011bnsk\u00fdch v\u00fdtvarn\u00edk\u016f Bohunky Ole\u0161ov\u00e9 a Zde\u0148ka a Jardy Ham\u017eov\u00fdch, p\u0159ipom\u00ednaj\u00edc\u00ed historii sdru\u017een\u00ed MAGMA, v\u00fdstavu sou\u010dasn\u00e9 MAGMA NOW a debatu u kulat\u00e9ho stolu na t\u00e9ma posl\u00e1n\u00ed um\u011blce v sou\u010dasn\u00e9 spole\u010dnosti.<\/p>\n\n\n\n<p>stop\u00e1\u017e:&nbsp; &nbsp;21 minut<\/p>\n<\/div>\n<\/div>\n","protected":false},"excerpt":{"rendered":"<p>PROJEKT B + H + H \u00davodn\u00ed \u010d\u00e1st projektu B+H+H brn\u011bnsk\u00fdch v\u00fdtvarn\u00edk\u016f Bohunky Ole\u0161ov\u00e9 a Zde\u0148ka a Jardy Ham\u017eov\u00fdch, p\u0159ipom\u00ednaj\u00edc\u00ed historii sdru\u017een\u00ed MAGMA, v\u00fdstavu sou\u010dasn\u00e9 MAGMA NOW a debatu u kulat\u00e9ho stolu na t\u00e9ma posl\u00e1n\u00ed um\u011blce v sou\u010dasn\u00e9 spole\u010dnosti. stop\u00e1\u017e:&nbsp; &nbsp;21 minut<\/p>\n","protected":false},"author":1,"featured_media":0,"parent":0,"menu_order":0,"comment_status":"closed","ping_status":"closed","template":"","meta":[],"_links":{"self":[{"href":"https:\/\/www.abraca.cz\/home\/wp-json\/wp\/v2\/pages\/1260"}],"collection":[{"href":"https:\/\/www.abraca.cz\/home\/wp-json\/wp\/v2\/pages"}],"about":[{"href":"https:\/\/www.abraca.cz\/home\/wp-json\/wp\/v2\/types\/page"}],"author":[{"embeddable":true,"href":"https:\/\/www.abraca.cz\/home\/wp-json\/wp\/v2\/users\/1"}],"replies":[{"embeddable":true,"href":"https:\/\/www.abraca.cz\/home\/wp-json\/wp\/v2\/comments?post=1260"}],"version-history":[{"count":1,"href":"https:\/\/www.abraca.cz\/home\/wp-json\/wp\/v2\/pages\/1260\/revisions"}],"predecessor-version":[{"id":1273,"href":"https:\/\/www.abraca.cz\/home\/wp-json\/wp\/v2\/pages\/1260\/revisions\/1273"}],"wp:attachment":[{"href":"https:\/\/www.abraca.cz\/home\/wp-json\/wp\/v2\/media?parent=1260"}],"curies":[{"name":"wp","href":"https:\/\/api.w.org\/{rel}","templated":true}]}}