{"id":1240,"date":"2020-11-21T17:22:09","date_gmt":"2020-11-21T16:22:09","guid":{"rendered":"https:\/\/www.abraca.cz\/home\/?page_id=1240"},"modified":"2020-11-21T17:22:09","modified_gmt":"2020-11-21T16:22:09","slug":"sella-ronda","status":"publish","type":"page","link":"https:\/\/www.abraca.cz\/home\/sella-ronda\/","title":{"rendered":"Sella Ronda"},"content":{"rendered":"\n<div class=\"wp-block-columns\">\n<div class=\"wp-block-column\">\n<figure class=\"wp-block-gallery columns-3 is-cropped\"><ul class=\"blocks-gallery-grid\"><li class=\"blocks-gallery-item\"><figure><img loading=\"lazy\" width=\"300\" height=\"240\" src=\"https:\/\/www.abraca.cz\/wp-content\/uploads\/clip0569small.jpg\" alt=\"\" data-id=\"1241\" data-full-url=\"https:\/\/www.abraca.cz\/wp-content\/uploads\/clip0569small.jpg\" data-link=\"https:\/\/www.abraca.cz\/home\/?attachment_id=1241\" class=\"wp-image-1241\"\/><\/figure><\/li><li class=\"blocks-gallery-item\"><figure><img loading=\"lazy\" width=\"300\" height=\"240\" src=\"https:\/\/www.abraca.cz\/wp-content\/uploads\/clip0570small.jpg\" alt=\"\" data-id=\"1242\" data-full-url=\"https:\/\/www.abraca.cz\/wp-content\/uploads\/clip0570small.jpg\" data-link=\"https:\/\/www.abraca.cz\/home\/?attachment_id=1242\" class=\"wp-image-1242\"\/><\/figure><\/li><li class=\"blocks-gallery-item\"><figure><img loading=\"lazy\" width=\"300\" height=\"240\" src=\"https:\/\/www.abraca.cz\/wp-content\/uploads\/clip0571small.jpg\" alt=\"\" data-id=\"1243\" data-full-url=\"https:\/\/www.abraca.cz\/wp-content\/uploads\/clip0571small.jpg\" data-link=\"https:\/\/www.abraca.cz\/home\/?attachment_id=1243\" class=\"wp-image-1243\"\/><\/figure><\/li><li class=\"blocks-gallery-item\"><figure><img loading=\"lazy\" width=\"300\" height=\"240\" src=\"https:\/\/www.abraca.cz\/wp-content\/uploads\/clip0572small.jpg\" alt=\"\" data-id=\"1244\" data-full-url=\"https:\/\/www.abraca.cz\/wp-content\/uploads\/clip0572small.jpg\" data-link=\"https:\/\/www.abraca.cz\/home\/?attachment_id=1244\" class=\"wp-image-1244\"\/><\/figure><\/li><li class=\"blocks-gallery-item\"><figure><img loading=\"lazy\" width=\"300\" height=\"240\" src=\"https:\/\/www.abraca.cz\/wp-content\/uploads\/clip0573small.jpg\" alt=\"\" data-id=\"1245\" data-full-url=\"https:\/\/www.abraca.cz\/wp-content\/uploads\/clip0573small.jpg\" data-link=\"https:\/\/www.abraca.cz\/home\/?attachment_id=1245\" class=\"wp-image-1245\"\/><\/figure><\/li><li class=\"blocks-gallery-item\"><figure><img loading=\"lazy\" width=\"300\" height=\"240\" src=\"https:\/\/www.abraca.cz\/wp-content\/uploads\/clip0574small.jpg\" alt=\"\" data-id=\"1246\" data-full-url=\"https:\/\/www.abraca.cz\/wp-content\/uploads\/clip0574small.jpg\" data-link=\"https:\/\/www.abraca.cz\/home\/?attachment_id=1246\" class=\"wp-image-1246\"\/><\/figure><\/li><li class=\"blocks-gallery-item\"><figure><img loading=\"lazy\" width=\"300\" height=\"240\" src=\"https:\/\/www.abraca.cz\/wp-content\/uploads\/clip0575small.jpg\" alt=\"\" data-id=\"1247\" data-full-url=\"https:\/\/www.abraca.cz\/wp-content\/uploads\/clip0575small.jpg\" data-link=\"https:\/\/www.abraca.cz\/home\/?attachment_id=1247\" class=\"wp-image-1247\"\/><\/figure><\/li><li class=\"blocks-gallery-item\"><figure><img loading=\"lazy\" width=\"300\" height=\"240\" src=\"https:\/\/www.abraca.cz\/wp-content\/uploads\/clip0576small.jpg\" alt=\"\" data-id=\"1248\" data-full-url=\"https:\/\/www.abraca.cz\/wp-content\/uploads\/clip0576small.jpg\" data-link=\"https:\/\/www.abraca.cz\/home\/?attachment_id=1248\" class=\"wp-image-1248\"\/><\/figure><\/li><li class=\"blocks-gallery-item\"><figure><img loading=\"lazy\" width=\"300\" height=\"240\" src=\"https:\/\/www.abraca.cz\/wp-content\/uploads\/clip0577small.jpg\" alt=\"\" data-id=\"1249\" data-full-url=\"https:\/\/www.abraca.cz\/wp-content\/uploads\/clip0577small.jpg\" data-link=\"https:\/\/www.abraca.cz\/home\/?attachment_id=1249\" class=\"wp-image-1249\"\/><\/figure><\/li><li class=\"blocks-gallery-item\"><figure><img loading=\"lazy\" width=\"300\" height=\"240\" src=\"https:\/\/www.abraca.cz\/wp-content\/uploads\/clip0578small.jpg\" alt=\"\" data-id=\"1250\" data-full-url=\"https:\/\/www.abraca.cz\/wp-content\/uploads\/clip0578small.jpg\" data-link=\"https:\/\/www.abraca.cz\/home\/?attachment_id=1250\" class=\"wp-image-1250\"\/><\/figure><\/li><li class=\"blocks-gallery-item\"><figure><img loading=\"lazy\" width=\"300\" height=\"240\" src=\"https:\/\/www.abraca.cz\/wp-content\/uploads\/clip0579small.jpg\" alt=\"\" data-id=\"1251\" data-full-url=\"https:\/\/www.abraca.cz\/wp-content\/uploads\/clip0579small.jpg\" data-link=\"https:\/\/www.abraca.cz\/home\/?attachment_id=1251\" class=\"wp-image-1251\"\/><\/figure><\/li><li class=\"blocks-gallery-item\"><figure><img loading=\"lazy\" width=\"300\" height=\"240\" src=\"https:\/\/www.abraca.cz\/wp-content\/uploads\/clip0580small-1.jpg\" alt=\"\" data-id=\"1252\" data-full-url=\"https:\/\/www.abraca.cz\/wp-content\/uploads\/clip0580small-1.jpg\" data-link=\"https:\/\/www.abraca.cz\/home\/?attachment_id=1252\" class=\"wp-image-1252\"\/><\/figure><\/li><li class=\"blocks-gallery-item\"><figure><img loading=\"lazy\" width=\"300\" height=\"240\" src=\"https:\/\/www.abraca.cz\/wp-content\/uploads\/clip0581small.jpg\" alt=\"\" data-id=\"1253\" data-full-url=\"https:\/\/www.abraca.cz\/wp-content\/uploads\/clip0581small.jpg\" data-link=\"https:\/\/www.abraca.cz\/home\/?attachment_id=1253\" class=\"wp-image-1253\"\/><\/figure><\/li><li class=\"blocks-gallery-item\"><figure><img loading=\"lazy\" width=\"300\" height=\"240\" src=\"https:\/\/www.abraca.cz\/wp-content\/uploads\/clip0582small.jpg\" alt=\"\" data-id=\"1254\" data-full-url=\"https:\/\/www.abraca.cz\/wp-content\/uploads\/clip0582small.jpg\" data-link=\"https:\/\/www.abraca.cz\/home\/?attachment_id=1254\" class=\"wp-image-1254\"\/><\/figure><\/li><li class=\"blocks-gallery-item\"><figure><img loading=\"lazy\" width=\"300\" height=\"240\" src=\"https:\/\/www.abraca.cz\/wp-content\/uploads\/clip0583small.jpg\" alt=\"\" data-id=\"1255\" data-full-url=\"https:\/\/www.abraca.cz\/wp-content\/uploads\/clip0583small.jpg\" data-link=\"https:\/\/www.abraca.cz\/home\/?attachment_id=1255\" class=\"wp-image-1255\"\/><\/figure><\/li><li class=\"blocks-gallery-item\"><figure><img loading=\"lazy\" width=\"300\" height=\"240\" src=\"https:\/\/www.abraca.cz\/wp-content\/uploads\/clip0584small.jpg\" alt=\"\" data-id=\"1256\" data-full-url=\"https:\/\/www.abraca.cz\/wp-content\/uploads\/clip0584small.jpg\" data-link=\"https:\/\/www.abraca.cz\/home\/?attachment_id=1256\" class=\"wp-image-1256\"\/><\/figure><\/li><li class=\"blocks-gallery-item\"><figure><img loading=\"lazy\" width=\"300\" height=\"240\" src=\"https:\/\/www.abraca.cz\/wp-content\/uploads\/clip0585small.jpg\" alt=\"\" data-id=\"1257\" data-full-url=\"https:\/\/www.abraca.cz\/wp-content\/uploads\/clip0585small.jpg\" data-link=\"https:\/\/www.abraca.cz\/home\/?attachment_id=1257\" class=\"wp-image-1257\"\/><\/figure><\/li><li class=\"blocks-gallery-item\"><figure><img loading=\"lazy\" width=\"300\" height=\"240\" src=\"https:\/\/www.abraca.cz\/wp-content\/uploads\/clip0586small.jpg\" alt=\"\" data-id=\"1258\" data-full-url=\"https:\/\/www.abraca.cz\/wp-content\/uploads\/clip0586small.jpg\" data-link=\"https:\/\/www.abraca.cz\/home\/?attachment_id=1258\" class=\"wp-image-1258\"\/><\/figure><\/li><\/ul><\/figure>\n<\/div>\n\n\n\n<div class=\"wp-block-column\">\n<p><\/p>\n\n\n\n<p>SELLA RONDA<\/p>\n\n\n\n<p>MTB okruh Sella Ronda okolo masivu Gruppo Sella v jihotyrolsk\u00fdch Alp\u00e1ch.<\/p>\n\n\n\n<p>stop\u00e1\u017e:&nbsp; &nbsp;19 minut<\/p>\n<\/div>\n<\/div>\n","protected":false},"excerpt":{"rendered":"<p>SELLA RONDA MTB okruh Sella Ronda okolo masivu Gruppo Sella v jihotyrolsk\u00fdch Alp\u00e1ch. stop\u00e1\u017e:&nbsp; &nbsp;19 minut<\/p>\n","protected":false},"author":1,"featured_media":0,"parent":0,"menu_order":0,"comment_status":"closed","ping_status":"closed","template":"","meta":[],"_links":{"self":[{"href":"https:\/\/www.abraca.cz\/home\/wp-json\/wp\/v2\/pages\/1240"}],"collection":[{"href":"https:\/\/www.abraca.cz\/home\/wp-json\/wp\/v2\/pages"}],"about":[{"href":"https:\/\/www.abraca.cz\/home\/wp-json\/wp\/v2\/types\/page"}],"author":[{"embeddable":true,"href":"https:\/\/www.abraca.cz\/home\/wp-json\/wp\/v2\/users\/1"}],"replies":[{"embeddable":true,"href":"https:\/\/www.abraca.cz\/home\/wp-json\/wp\/v2\/comments?post=1240"}],"version-history":[{"count":1,"href":"https:\/\/www.abraca.cz\/home\/wp-json\/wp\/v2\/pages\/1240\/revisions"}],"predecessor-version":[{"id":1259,"href":"https:\/\/www.abraca.cz\/home\/wp-json\/wp\/v2\/pages\/1240\/revisions\/1259"}],"wp:attachment":[{"href":"https:\/\/www.abraca.cz\/home\/wp-json\/wp\/v2\/media?parent=1240"}],"curies":[{"name":"wp","href":"https:\/\/api.w.org\/{rel}","templated":true}]}}