{"id":1195,"date":"2020-11-21T17:18:33","date_gmt":"2020-11-21T16:18:33","guid":{"rendered":"https:\/\/www.abraca.cz\/home\/?page_id=1195"},"modified":"2020-11-21T17:18:33","modified_gmt":"2020-11-21T16:18:33","slug":"colle-dei-morti","status":"publish","type":"page","link":"https:\/\/www.abraca.cz\/home\/colle-dei-morti\/","title":{"rendered":"Colle dei Morti"},"content":{"rendered":"\n<div class=\"wp-block-columns\">\n<div class=\"wp-block-column\">\n<figure class=\"wp-block-gallery columns-3 is-cropped\"><ul class=\"blocks-gallery-grid\"><li class=\"blocks-gallery-item\"><figure><img loading=\"lazy\" width=\"300\" height=\"240\" src=\"https:\/\/www.abraca.cz\/wp-content\/uploads\/clip0530small.jpg\" alt=\"\" data-id=\"1196\" data-full-url=\"https:\/\/www.abraca.cz\/wp-content\/uploads\/clip0530small.jpg\" data-link=\"https:\/\/www.abraca.cz\/home\/?attachment_id=1196\" class=\"wp-image-1196\"\/><\/figure><\/li><li class=\"blocks-gallery-item\"><figure><img loading=\"lazy\" width=\"300\" height=\"240\" src=\"https:\/\/www.abraca.cz\/wp-content\/uploads\/clip0531small.jpg\" alt=\"\" data-id=\"1197\" data-full-url=\"https:\/\/www.abraca.cz\/wp-content\/uploads\/clip0531small.jpg\" data-link=\"https:\/\/www.abraca.cz\/home\/?attachment_id=1197\" class=\"wp-image-1197\"\/><\/figure><\/li><li class=\"blocks-gallery-item\"><figure><img loading=\"lazy\" width=\"300\" height=\"240\" src=\"https:\/\/www.abraca.cz\/wp-content\/uploads\/clip0532small.jpg\" alt=\"\" data-id=\"1198\" data-full-url=\"https:\/\/www.abraca.cz\/wp-content\/uploads\/clip0532small.jpg\" data-link=\"https:\/\/www.abraca.cz\/home\/?attachment_id=1198\" class=\"wp-image-1198\"\/><\/figure><\/li><li class=\"blocks-gallery-item\"><figure><img loading=\"lazy\" width=\"300\" height=\"240\" src=\"https:\/\/www.abraca.cz\/wp-content\/uploads\/clip0533small.jpg\" alt=\"\" data-id=\"1199\" data-full-url=\"https:\/\/www.abraca.cz\/wp-content\/uploads\/clip0533small.jpg\" data-link=\"https:\/\/www.abraca.cz\/home\/?attachment_id=1199\" class=\"wp-image-1199\"\/><\/figure><\/li><li class=\"blocks-gallery-item\"><figure><img loading=\"lazy\" width=\"300\" height=\"240\" src=\"https:\/\/www.abraca.cz\/wp-content\/uploads\/clip0534small.jpg\" alt=\"\" data-id=\"1200\" data-full-url=\"https:\/\/www.abraca.cz\/wp-content\/uploads\/clip0534small.jpg\" data-link=\"https:\/\/www.abraca.cz\/home\/?attachment_id=1200\" class=\"wp-image-1200\"\/><\/figure><\/li><li class=\"blocks-gallery-item\"><figure><img loading=\"lazy\" width=\"300\" height=\"240\" src=\"https:\/\/www.abraca.cz\/wp-content\/uploads\/clip0535small.jpg\" alt=\"\" data-id=\"1201\" data-full-url=\"https:\/\/www.abraca.cz\/wp-content\/uploads\/clip0535small.jpg\" data-link=\"https:\/\/www.abraca.cz\/home\/?attachment_id=1201\" class=\"wp-image-1201\"\/><\/figure><\/li><li class=\"blocks-gallery-item\"><figure><img loading=\"lazy\" width=\"300\" height=\"240\" src=\"https:\/\/www.abraca.cz\/wp-content\/uploads\/clip0536small-1.jpg\" alt=\"\" data-id=\"1202\" data-full-url=\"https:\/\/www.abraca.cz\/wp-content\/uploads\/clip0536small-1.jpg\" data-link=\"https:\/\/www.abraca.cz\/home\/?attachment_id=1202\" class=\"wp-image-1202\"\/><\/figure><\/li><li class=\"blocks-gallery-item\"><figure><img loading=\"lazy\" width=\"300\" height=\"240\" src=\"https:\/\/www.abraca.cz\/wp-content\/uploads\/clip0537small.jpg\" alt=\"\" data-id=\"1203\" data-full-url=\"https:\/\/www.abraca.cz\/wp-content\/uploads\/clip0537small.jpg\" data-link=\"https:\/\/www.abraca.cz\/home\/?attachment_id=1203\" class=\"wp-image-1203\"\/><\/figure><\/li><li class=\"blocks-gallery-item\"><figure><img loading=\"lazy\" width=\"300\" height=\"240\" src=\"https:\/\/www.abraca.cz\/wp-content\/uploads\/clip0538small.jpg\" alt=\"\" data-id=\"1204\" data-full-url=\"https:\/\/www.abraca.cz\/wp-content\/uploads\/clip0538small.jpg\" data-link=\"https:\/\/www.abraca.cz\/home\/?attachment_id=1204\" class=\"wp-image-1204\"\/><\/figure><\/li><li class=\"blocks-gallery-item\"><figure><img loading=\"lazy\" width=\"300\" height=\"240\" src=\"https:\/\/www.abraca.cz\/wp-content\/uploads\/clip0539small.jpg\" alt=\"\" data-id=\"1205\" data-full-url=\"https:\/\/www.abraca.cz\/wp-content\/uploads\/clip0539small.jpg\" data-link=\"https:\/\/www.abraca.cz\/home\/?attachment_id=1205\" class=\"wp-image-1205\"\/><\/figure><\/li><li class=\"blocks-gallery-item\"><figure><img loading=\"lazy\" width=\"300\" height=\"240\" src=\"https:\/\/www.abraca.cz\/wp-content\/uploads\/clip0540small.jpg\" alt=\"\" data-id=\"1206\" data-full-url=\"https:\/\/www.abraca.cz\/wp-content\/uploads\/clip0540small.jpg\" data-link=\"https:\/\/www.abraca.cz\/home\/?attachment_id=1206\" class=\"wp-image-1206\"\/><\/figure><\/li><li class=\"blocks-gallery-item\"><figure><img loading=\"lazy\" width=\"300\" height=\"240\" src=\"https:\/\/www.abraca.cz\/wp-content\/uploads\/clip0541small.jpg\" alt=\"\" data-id=\"1207\" data-full-url=\"https:\/\/www.abraca.cz\/wp-content\/uploads\/clip0541small.jpg\" data-link=\"https:\/\/www.abraca.cz\/home\/?attachment_id=1207\" class=\"wp-image-1207\"\/><\/figure><\/li><\/ul><\/figure>\n<\/div>\n\n\n\n<div class=\"wp-block-column\">\n<p><\/p>\n\n\n\n<p>COLLE DEI MORTI<\/p>\n\n\n\n<p>Po trase Giro di Italia p\u0159es pr\u016fsmyk Colle dei Morti.<\/p>\n\n\n\n<p>stop\u00e1\u017e:&nbsp; &nbsp;10 minut<\/p>\n<\/div>\n<\/div>\n","protected":false},"excerpt":{"rendered":"<p>COLLE DEI MORTI Po trase Giro di Italia p\u0159es pr\u016fsmyk Colle dei Morti. stop\u00e1\u017e:&nbsp; &nbsp;10 minut<\/p>\n","protected":false},"author":1,"featured_media":0,"parent":0,"menu_order":0,"comment_status":"closed","ping_status":"closed","template":"","meta":[],"_links":{"self":[{"href":"https:\/\/www.abraca.cz\/home\/wp-json\/wp\/v2\/pages\/1195"}],"collection":[{"href":"https:\/\/www.abraca.cz\/home\/wp-json\/wp\/v2\/pages"}],"about":[{"href":"https:\/\/www.abraca.cz\/home\/wp-json\/wp\/v2\/types\/page"}],"author":[{"embeddable":true,"href":"https:\/\/www.abraca.cz\/home\/wp-json\/wp\/v2\/users\/1"}],"replies":[{"embeddable":true,"href":"https:\/\/www.abraca.cz\/home\/wp-json\/wp\/v2\/comments?post=1195"}],"version-history":[{"count":1,"href":"https:\/\/www.abraca.cz\/home\/wp-json\/wp\/v2\/pages\/1195\/revisions"}],"predecessor-version":[{"id":1208,"href":"https:\/\/www.abraca.cz\/home\/wp-json\/wp\/v2\/pages\/1195\/revisions\/1208"}],"wp:attachment":[{"href":"https:\/\/www.abraca.cz\/home\/wp-json\/wp\/v2\/media?parent=1195"}],"curies":[{"name":"wp","href":"https:\/\/api.w.org\/{rel}","templated":true}]}}