{"id":1180,"date":"2020-11-21T17:17:30","date_gmt":"2020-11-21T16:17:30","guid":{"rendered":"https:\/\/www.abraca.cz\/home\/?page_id=1180"},"modified":"2020-11-21T17:17:30","modified_gmt":"2020-11-21T16:17:30","slug":"iron-bike-2014","status":"publish","type":"page","link":"https:\/\/www.abraca.cz\/home\/iron-bike-2014\/","title":{"rendered":"Iron bike 2014"},"content":{"rendered":"\n<div class=\"wp-block-columns\">\n<div class=\"wp-block-column\">\n<figure class=\"wp-block-gallery columns-3 is-cropped\"><ul class=\"blocks-gallery-grid\"><li class=\"blocks-gallery-item\"><figure><img loading=\"lazy\" width=\"300\" height=\"240\" src=\"https:\/\/www.abraca.cz\/wp-content\/uploads\/clip0517small.jpg\" alt=\"\" data-id=\"1181\" data-full-url=\"https:\/\/www.abraca.cz\/wp-content\/uploads\/clip0517small.jpg\" data-link=\"https:\/\/www.abraca.cz\/home\/?attachment_id=1181\" class=\"wp-image-1181\"\/><\/figure><\/li><li class=\"blocks-gallery-item\"><figure><img loading=\"lazy\" width=\"300\" height=\"240\" src=\"https:\/\/www.abraca.cz\/wp-content\/uploads\/clip0518small.jpg\" alt=\"\" data-id=\"1182\" data-full-url=\"https:\/\/www.abraca.cz\/wp-content\/uploads\/clip0518small.jpg\" data-link=\"https:\/\/www.abraca.cz\/home\/?attachment_id=1182\" class=\"wp-image-1182\"\/><\/figure><\/li><li class=\"blocks-gallery-item\"><figure><img loading=\"lazy\" width=\"300\" height=\"240\" src=\"https:\/\/www.abraca.cz\/wp-content\/uploads\/clip0519small.jpg\" alt=\"\" data-id=\"1183\" data-full-url=\"https:\/\/www.abraca.cz\/wp-content\/uploads\/clip0519small.jpg\" data-link=\"https:\/\/www.abraca.cz\/home\/?attachment_id=1183\" class=\"wp-image-1183\"\/><\/figure><\/li><li class=\"blocks-gallery-item\"><figure><img loading=\"lazy\" width=\"300\" height=\"240\" src=\"https:\/\/www.abraca.cz\/wp-content\/uploads\/clip0520small.jpg\" alt=\"\" data-id=\"1184\" data-full-url=\"https:\/\/www.abraca.cz\/wp-content\/uploads\/clip0520small.jpg\" data-link=\"https:\/\/www.abraca.cz\/home\/?attachment_id=1184\" class=\"wp-image-1184\"\/><\/figure><\/li><li class=\"blocks-gallery-item\"><figure><img loading=\"lazy\" width=\"300\" height=\"240\" src=\"https:\/\/www.abraca.cz\/wp-content\/uploads\/clip0521small.jpg\" alt=\"\" data-id=\"1185\" data-full-url=\"https:\/\/www.abraca.cz\/wp-content\/uploads\/clip0521small.jpg\" data-link=\"https:\/\/www.abraca.cz\/home\/?attachment_id=1185\" class=\"wp-image-1185\"\/><\/figure><\/li><li class=\"blocks-gallery-item\"><figure><img loading=\"lazy\" width=\"300\" height=\"240\" src=\"https:\/\/www.abraca.cz\/wp-content\/uploads\/clip0522small.jpg\" alt=\"\" data-id=\"1186\" data-full-url=\"https:\/\/www.abraca.cz\/wp-content\/uploads\/clip0522small.jpg\" data-link=\"https:\/\/www.abraca.cz\/home\/?attachment_id=1186\" class=\"wp-image-1186\"\/><\/figure><\/li><li class=\"blocks-gallery-item\"><figure><img loading=\"lazy\" width=\"300\" height=\"240\" src=\"https:\/\/www.abraca.cz\/wp-content\/uploads\/clip0523small.jpg\" alt=\"\" data-id=\"1187\" data-full-url=\"https:\/\/www.abraca.cz\/wp-content\/uploads\/clip0523small.jpg\" data-link=\"https:\/\/www.abraca.cz\/home\/?attachment_id=1187\" class=\"wp-image-1187\"\/><\/figure><\/li><li class=\"blocks-gallery-item\"><figure><img loading=\"lazy\" width=\"300\" height=\"240\" src=\"https:\/\/www.abraca.cz\/wp-content\/uploads\/clip0524small.jpg\" alt=\"\" data-id=\"1188\" data-full-url=\"https:\/\/www.abraca.cz\/wp-content\/uploads\/clip0524small.jpg\" data-link=\"https:\/\/www.abraca.cz\/home\/?attachment_id=1188\" class=\"wp-image-1188\"\/><\/figure><\/li><li class=\"blocks-gallery-item\"><figure><img loading=\"lazy\" width=\"300\" height=\"240\" src=\"https:\/\/www.abraca.cz\/wp-content\/uploads\/clip0525small.jpg\" alt=\"\" data-id=\"1189\" data-full-url=\"https:\/\/www.abraca.cz\/wp-content\/uploads\/clip0525small.jpg\" data-link=\"https:\/\/www.abraca.cz\/home\/?attachment_id=1189\" class=\"wp-image-1189\"\/><\/figure><\/li><li class=\"blocks-gallery-item\"><figure><img loading=\"lazy\" width=\"300\" height=\"240\" src=\"https:\/\/www.abraca.cz\/wp-content\/uploads\/clip0526small.jpg\" alt=\"\" data-id=\"1190\" data-full-url=\"https:\/\/www.abraca.cz\/wp-content\/uploads\/clip0526small.jpg\" data-link=\"https:\/\/www.abraca.cz\/home\/?attachment_id=1190\" class=\"wp-image-1190\"\/><\/figure><\/li><li class=\"blocks-gallery-item\"><figure><img loading=\"lazy\" width=\"300\" height=\"240\" src=\"https:\/\/www.abraca.cz\/wp-content\/uploads\/clip0527small.jpg\" alt=\"\" data-id=\"1191\" data-full-url=\"https:\/\/www.abraca.cz\/wp-content\/uploads\/clip0527small.jpg\" data-link=\"https:\/\/www.abraca.cz\/home\/?attachment_id=1191\" class=\"wp-image-1191\"\/><\/figure><\/li><li class=\"blocks-gallery-item\"><figure><img loading=\"lazy\" width=\"300\" height=\"240\" src=\"https:\/\/www.abraca.cz\/wp-content\/uploads\/clip0528small.jpg\" alt=\"\" data-id=\"1192\" data-full-url=\"https:\/\/www.abraca.cz\/wp-content\/uploads\/clip0528small.jpg\" data-link=\"https:\/\/www.abraca.cz\/home\/?attachment_id=1192\" class=\"wp-image-1192\"\/><\/figure><\/li><li class=\"blocks-gallery-item\"><figure><img loading=\"lazy\" width=\"300\" height=\"240\" src=\"https:\/\/www.abraca.cz\/wp-content\/uploads\/clip0529small-1.jpg\" alt=\"\" data-id=\"1193\" data-full-url=\"https:\/\/www.abraca.cz\/wp-content\/uploads\/clip0529small-1.jpg\" data-link=\"https:\/\/www.abraca.cz\/home\/?attachment_id=1193\" class=\"wp-image-1193\"\/><\/figure><\/li><\/ul><\/figure>\n<\/div>\n\n\n\n<div class=\"wp-block-column\">\n<p><\/p>\n\n\n\n<p>IRON BIKE 2014<\/p>\n\n\n\n<p>Po tras\u00e1ch&nbsp; legend\u00e1rn\u00edho MTB z\u00e1vodu IRON BIKE v It\u00e1lii.<\/p>\n\n\n\n<p>stop\u00e1\u017e:&nbsp; &nbsp;31 minut<\/p>\n<\/div>\n<\/div>\n","protected":false},"excerpt":{"rendered":"<p>IRON BIKE 2014 Po tras\u00e1ch&nbsp; legend\u00e1rn\u00edho MTB z\u00e1vodu IRON BIKE v It\u00e1lii. stop\u00e1\u017e:&nbsp; &nbsp;31 minut<\/p>\n","protected":false},"author":1,"featured_media":0,"parent":0,"menu_order":0,"comment_status":"closed","ping_status":"closed","template":"","meta":[],"_links":{"self":[{"href":"https:\/\/www.abraca.cz\/home\/wp-json\/wp\/v2\/pages\/1180"}],"collection":[{"href":"https:\/\/www.abraca.cz\/home\/wp-json\/wp\/v2\/pages"}],"about":[{"href":"https:\/\/www.abraca.cz\/home\/wp-json\/wp\/v2\/types\/page"}],"author":[{"embeddable":true,"href":"https:\/\/www.abraca.cz\/home\/wp-json\/wp\/v2\/users\/1"}],"replies":[{"embeddable":true,"href":"https:\/\/www.abraca.cz\/home\/wp-json\/wp\/v2\/comments?post=1180"}],"version-history":[{"count":1,"href":"https:\/\/www.abraca.cz\/home\/wp-json\/wp\/v2\/pages\/1180\/revisions"}],"predecessor-version":[{"id":1194,"href":"https:\/\/www.abraca.cz\/home\/wp-json\/wp\/v2\/pages\/1180\/revisions\/1194"}],"wp:attachment":[{"href":"https:\/\/www.abraca.cz\/home\/wp-json\/wp\/v2\/media?parent=1180"}],"curies":[{"name":"wp","href":"https:\/\/api.w.org\/{rel}","templated":true}]}}