{"id":1153,"date":"2020-11-21T17:14:30","date_gmt":"2020-11-21T16:14:30","guid":{"rendered":"https:\/\/www.abraca.cz\/home\/?page_id=1153"},"modified":"2020-11-21T17:14:30","modified_gmt":"2020-11-21T16:14:30","slug":"alpy-rakousko-italie-slovinsko","status":"publish","type":"page","link":"https:\/\/www.abraca.cz\/home\/alpy-rakousko-italie-slovinsko\/","title":{"rendered":"Alpy Rakousko &#8211; It\u00e1lie &#8211; Slovinsko"},"content":{"rendered":"\n<div class=\"wp-block-columns\">\n<div class=\"wp-block-column\">\n<figure class=\"wp-block-gallery columns-3 is-cropped\"><ul class=\"blocks-gallery-grid\"><li class=\"blocks-gallery-item\"><figure><img loading=\"lazy\" width=\"300\" height=\"240\" src=\"https:\/\/www.abraca.cz\/wp-content\/uploads\/clip0494small.jpg\" alt=\"\" data-id=\"1154\" data-full-url=\"https:\/\/www.abraca.cz\/wp-content\/uploads\/clip0494small.jpg\" data-link=\"https:\/\/www.abraca.cz\/home\/?attachment_id=1154\" class=\"wp-image-1154\"\/><\/figure><\/li><li class=\"blocks-gallery-item\"><figure><img loading=\"lazy\" width=\"300\" height=\"240\" src=\"https:\/\/www.abraca.cz\/wp-content\/uploads\/clip0495small.jpg\" alt=\"\" data-id=\"1155\" data-full-url=\"https:\/\/www.abraca.cz\/wp-content\/uploads\/clip0495small.jpg\" data-link=\"https:\/\/www.abraca.cz\/home\/?attachment_id=1155\" class=\"wp-image-1155\"\/><\/figure><\/li><li class=\"blocks-gallery-item\"><figure><img loading=\"lazy\" width=\"300\" height=\"240\" src=\"https:\/\/www.abraca.cz\/wp-content\/uploads\/clip0496small.jpg\" alt=\"\" data-id=\"1156\" data-full-url=\"https:\/\/www.abraca.cz\/wp-content\/uploads\/clip0496small.jpg\" data-link=\"https:\/\/www.abraca.cz\/home\/?attachment_id=1156\" class=\"wp-image-1156\"\/><\/figure><\/li><li class=\"blocks-gallery-item\"><figure><img loading=\"lazy\" width=\"300\" height=\"240\" src=\"https:\/\/www.abraca.cz\/wp-content\/uploads\/clip0497small.jpg\" alt=\"\" data-id=\"1157\" data-full-url=\"https:\/\/www.abraca.cz\/wp-content\/uploads\/clip0497small.jpg\" data-link=\"https:\/\/www.abraca.cz\/home\/?attachment_id=1157\" class=\"wp-image-1157\"\/><\/figure><\/li><li class=\"blocks-gallery-item\"><figure><img loading=\"lazy\" width=\"300\" height=\"240\" src=\"https:\/\/www.abraca.cz\/wp-content\/uploads\/clip0498small.jpg\" alt=\"\" data-id=\"1158\" data-full-url=\"https:\/\/www.abraca.cz\/wp-content\/uploads\/clip0498small.jpg\" data-link=\"https:\/\/www.abraca.cz\/home\/?attachment_id=1158\" class=\"wp-image-1158\"\/><\/figure><\/li><li class=\"blocks-gallery-item\"><figure><img loading=\"lazy\" width=\"300\" height=\"240\" src=\"https:\/\/www.abraca.cz\/wp-content\/uploads\/clip0499small-1.jpg\" alt=\"\" data-id=\"1159\" data-full-url=\"https:\/\/www.abraca.cz\/wp-content\/uploads\/clip0499small-1.jpg\" data-link=\"https:\/\/www.abraca.cz\/home\/?attachment_id=1159\" class=\"wp-image-1159\"\/><\/figure><\/li><li class=\"blocks-gallery-item\"><figure><img loading=\"lazy\" width=\"300\" height=\"240\" src=\"https:\/\/www.abraca.cz\/wp-content\/uploads\/clip0500small.jpg\" alt=\"\" data-id=\"1160\" data-full-url=\"https:\/\/www.abraca.cz\/wp-content\/uploads\/clip0500small.jpg\" data-link=\"https:\/\/www.abraca.cz\/home\/?attachment_id=1160\" class=\"wp-image-1160\"\/><\/figure><\/li><li class=\"blocks-gallery-item\"><figure><img loading=\"lazy\" width=\"300\" height=\"240\" src=\"https:\/\/www.abraca.cz\/wp-content\/uploads\/clip0501small.jpg\" alt=\"\" data-id=\"1161\" data-full-url=\"https:\/\/www.abraca.cz\/wp-content\/uploads\/clip0501small.jpg\" data-link=\"https:\/\/www.abraca.cz\/home\/?attachment_id=1161\" class=\"wp-image-1161\"\/><\/figure><\/li><li class=\"blocks-gallery-item\"><figure><img loading=\"lazy\" width=\"300\" height=\"240\" src=\"https:\/\/www.abraca.cz\/wp-content\/uploads\/clip0502small.jpg\" alt=\"\" data-id=\"1162\" data-full-url=\"https:\/\/www.abraca.cz\/wp-content\/uploads\/clip0502small.jpg\" data-link=\"https:\/\/www.abraca.cz\/home\/?attachment_id=1162\" class=\"wp-image-1162\"\/><\/figure><\/li><li class=\"blocks-gallery-item\"><figure><img loading=\"lazy\" width=\"300\" height=\"240\" src=\"https:\/\/www.abraca.cz\/wp-content\/uploads\/clip0503small.jpg\" alt=\"\" data-id=\"1163\" data-full-url=\"https:\/\/www.abraca.cz\/wp-content\/uploads\/clip0503small.jpg\" data-link=\"https:\/\/www.abraca.cz\/home\/?attachment_id=1163\" class=\"wp-image-1163\"\/><\/figure><\/li><li class=\"blocks-gallery-item\"><figure><img loading=\"lazy\" width=\"300\" height=\"240\" src=\"https:\/\/www.abraca.cz\/wp-content\/uploads\/clip0504small.jpg\" alt=\"\" data-id=\"1164\" data-full-url=\"https:\/\/www.abraca.cz\/wp-content\/uploads\/clip0504small.jpg\" data-link=\"https:\/\/www.abraca.cz\/home\/?attachment_id=1164\" class=\"wp-image-1164\"\/><\/figure><\/li><\/ul><\/figure>\n<\/div>\n\n\n\n<div class=\"wp-block-column\">\n<p><\/p>\n\n\n\n<p>ALPY RAKOUSKO &#8211; IT\u00c1LIE \u00a0&#8211; SLOVINSKO<\/p>\n\n\n\n<p>MTB trasami Alpami na pomez\u00ed Rakouska, It\u00e1lie a Slovinska.<\/p>\n\n\n\n<p>stop\u00e1\u017e:&nbsp; 7 minut<\/p>\n<\/div>\n<\/div>\n","protected":false},"excerpt":{"rendered":"<p>ALPY RAKOUSKO &#8211; IT\u00c1LIE \u00a0&#8211; SLOVINSKO MTB trasami Alpami na pomez\u00ed Rakouska, It\u00e1lie a Slovinska. stop\u00e1\u017e:&nbsp; 7 minut<\/p>\n","protected":false},"author":1,"featured_media":0,"parent":0,"menu_order":0,"comment_status":"closed","ping_status":"closed","template":"","meta":[],"_links":{"self":[{"href":"https:\/\/www.abraca.cz\/home\/wp-json\/wp\/v2\/pages\/1153"}],"collection":[{"href":"https:\/\/www.abraca.cz\/home\/wp-json\/wp\/v2\/pages"}],"about":[{"href":"https:\/\/www.abraca.cz\/home\/wp-json\/wp\/v2\/types\/page"}],"author":[{"embeddable":true,"href":"https:\/\/www.abraca.cz\/home\/wp-json\/wp\/v2\/users\/1"}],"replies":[{"embeddable":true,"href":"https:\/\/www.abraca.cz\/home\/wp-json\/wp\/v2\/comments?post=1153"}],"version-history":[{"count":1,"href":"https:\/\/www.abraca.cz\/home\/wp-json\/wp\/v2\/pages\/1153\/revisions"}],"predecessor-version":[{"id":1165,"href":"https:\/\/www.abraca.cz\/home\/wp-json\/wp\/v2\/pages\/1153\/revisions\/1165"}],"wp:attachment":[{"href":"https:\/\/www.abraca.cz\/home\/wp-json\/wp\/v2\/media?parent=1153"}],"curies":[{"name":"wp","href":"https:\/\/api.w.org\/{rel}","templated":true}]}}