{"id":1142,"date":"2020-11-21T17:12:24","date_gmt":"2020-11-21T16:12:24","guid":{"rendered":"https:\/\/www.abraca.cz\/home\/?page_id=1142"},"modified":"2020-11-21T17:12:24","modified_gmt":"2020-11-21T16:12:24","slug":"val-d-uina","status":"publish","type":"page","link":"https:\/\/www.abraca.cz\/home\/val-d-uina\/","title":{"rendered":"Val d\u00b4 Uina"},"content":{"rendered":"\n<div class=\"wp-block-columns\">\n<div class=\"wp-block-column\">\n<figure class=\"wp-block-gallery columns-3 is-cropped\"><ul class=\"blocks-gallery-grid\"><li class=\"blocks-gallery-item\"><figure><img loading=\"lazy\" width=\"300\" height=\"240\" src=\"https:\/\/www.abraca.cz\/wp-content\/uploads\/clip0485small-1.jpg\" alt=\"\" data-id=\"1143\" data-full-url=\"https:\/\/www.abraca.cz\/wp-content\/uploads\/clip0485small-1.jpg\" data-link=\"https:\/\/www.abraca.cz\/home\/?attachment_id=1143\" class=\"wp-image-1143\"\/><\/figure><\/li><li class=\"blocks-gallery-item\"><figure><img loading=\"lazy\" width=\"300\" height=\"240\" src=\"https:\/\/www.abraca.cz\/wp-content\/uploads\/clip0486small.jpg\" alt=\"\" data-id=\"1144\" data-full-url=\"https:\/\/www.abraca.cz\/wp-content\/uploads\/clip0486small.jpg\" data-link=\"https:\/\/www.abraca.cz\/home\/?attachment_id=1144\" class=\"wp-image-1144\"\/><\/figure><\/li><li class=\"blocks-gallery-item\"><figure><img loading=\"lazy\" width=\"300\" height=\"240\" src=\"https:\/\/www.abraca.cz\/wp-content\/uploads\/clip0487small.jpg\" alt=\"\" data-id=\"1145\" data-full-url=\"https:\/\/www.abraca.cz\/wp-content\/uploads\/clip0487small.jpg\" data-link=\"https:\/\/www.abraca.cz\/home\/?attachment_id=1145\" class=\"wp-image-1145\"\/><\/figure><\/li><li class=\"blocks-gallery-item\"><figure><img loading=\"lazy\" width=\"300\" height=\"240\" src=\"https:\/\/www.abraca.cz\/wp-content\/uploads\/clip0488small.jpg\" alt=\"\" data-id=\"1146\" data-full-url=\"https:\/\/www.abraca.cz\/wp-content\/uploads\/clip0488small.jpg\" data-link=\"https:\/\/www.abraca.cz\/home\/?attachment_id=1146\" class=\"wp-image-1146\"\/><\/figure><\/li><li class=\"blocks-gallery-item\"><figure><img loading=\"lazy\" width=\"300\" height=\"240\" src=\"https:\/\/www.abraca.cz\/wp-content\/uploads\/clip0489small.jpg\" alt=\"\" data-id=\"1147\" data-full-url=\"https:\/\/www.abraca.cz\/wp-content\/uploads\/clip0489small.jpg\" data-link=\"https:\/\/www.abraca.cz\/home\/?attachment_id=1147\" class=\"wp-image-1147\"\/><\/figure><\/li><li class=\"blocks-gallery-item\"><figure><img loading=\"lazy\" width=\"300\" height=\"240\" src=\"https:\/\/www.abraca.cz\/wp-content\/uploads\/clip0490small.jpg\" alt=\"\" data-id=\"1148\" data-full-url=\"https:\/\/www.abraca.cz\/wp-content\/uploads\/clip0490small.jpg\" data-link=\"https:\/\/www.abraca.cz\/home\/?attachment_id=1148\" class=\"wp-image-1148\"\/><\/figure><\/li><li class=\"blocks-gallery-item\"><figure><img loading=\"lazy\" width=\"300\" height=\"240\" src=\"https:\/\/www.abraca.cz\/wp-content\/uploads\/clip0491small.jpg\" alt=\"\" data-id=\"1149\" data-full-url=\"https:\/\/www.abraca.cz\/wp-content\/uploads\/clip0491small.jpg\" data-link=\"https:\/\/www.abraca.cz\/home\/?attachment_id=1149\" class=\"wp-image-1149\"\/><\/figure><\/li><li class=\"blocks-gallery-item\"><figure><img loading=\"lazy\" width=\"300\" height=\"240\" src=\"https:\/\/www.abraca.cz\/wp-content\/uploads\/clip0492small.jpg\" alt=\"\" data-id=\"1150\" data-full-url=\"https:\/\/www.abraca.cz\/wp-content\/uploads\/clip0492small.jpg\" data-link=\"https:\/\/www.abraca.cz\/home\/?attachment_id=1150\" class=\"wp-image-1150\"\/><\/figure><\/li><li class=\"blocks-gallery-item\"><figure><img loading=\"lazy\" width=\"300\" height=\"240\" src=\"https:\/\/www.abraca.cz\/wp-content\/uploads\/clip0493small.jpg\" alt=\"\" data-id=\"1151\" data-full-url=\"https:\/\/www.abraca.cz\/wp-content\/uploads\/clip0493small.jpg\" data-link=\"https:\/\/www.abraca.cz\/home\/?attachment_id=1151\" class=\"wp-image-1151\"\/><\/figure><\/li><\/ul><\/figure>\n<\/div>\n\n\n\n<div class=\"wp-block-column\">\n<p><\/p>\n\n\n\n<p>Val d\u00b4 Uina<\/p>\n\n\n\n<p>Na kole po skaln\u00ed \u0159\u00edmse&nbsp; nad \u00fadol\u00edm&nbsp; Val d\u00b4 Uina ve \u0160v\u00fdcarsku.<\/p>\n\n\n\n<p>stop\u00e1\u017e:&nbsp; &nbsp;7 minut<\/p>\n<\/div>\n<\/div>\n","protected":false},"excerpt":{"rendered":"<p>Val d\u00b4 Uina Na kole po skaln\u00ed \u0159\u00edmse&nbsp; nad \u00fadol\u00edm&nbsp; Val d\u00b4 Uina ve \u0160v\u00fdcarsku. stop\u00e1\u017e:&nbsp; &nbsp;7 minut<\/p>\n","protected":false},"author":1,"featured_media":0,"parent":0,"menu_order":0,"comment_status":"closed","ping_status":"closed","template":"","meta":[],"_links":{"self":[{"href":"https:\/\/www.abraca.cz\/home\/wp-json\/wp\/v2\/pages\/1142"}],"collection":[{"href":"https:\/\/www.abraca.cz\/home\/wp-json\/wp\/v2\/pages"}],"about":[{"href":"https:\/\/www.abraca.cz\/home\/wp-json\/wp\/v2\/types\/page"}],"author":[{"embeddable":true,"href":"https:\/\/www.abraca.cz\/home\/wp-json\/wp\/v2\/users\/1"}],"replies":[{"embeddable":true,"href":"https:\/\/www.abraca.cz\/home\/wp-json\/wp\/v2\/comments?post=1142"}],"version-history":[{"count":1,"href":"https:\/\/www.abraca.cz\/home\/wp-json\/wp\/v2\/pages\/1142\/revisions"}],"predecessor-version":[{"id":1152,"href":"https:\/\/www.abraca.cz\/home\/wp-json\/wp\/v2\/pages\/1142\/revisions\/1152"}],"wp:attachment":[{"href":"https:\/\/www.abraca.cz\/home\/wp-json\/wp\/v2\/media?parent=1142"}],"curies":[{"name":"wp","href":"https:\/\/api.w.org\/{rel}","templated":true}]}}