{"id":1131,"date":"2020-11-21T17:11:14","date_gmt":"2020-11-21T16:11:14","guid":{"rendered":"https:\/\/www.abraca.cz\/home\/?page_id=1131"},"modified":"2020-11-21T17:11:14","modified_gmt":"2020-11-21T16:11:14","slug":"salzkammergut-mtb","status":"publish","type":"page","link":"https:\/\/www.abraca.cz\/home\/salzkammergut-mtb\/","title":{"rendered":"Salzkammergut MTB"},"content":{"rendered":"\n<div class=\"wp-block-columns\">\n<div class=\"wp-block-column\">\n<figure class=\"wp-block-gallery columns-3 is-cropped\"><ul class=\"blocks-gallery-grid\"><li class=\"blocks-gallery-item\"><figure><img loading=\"lazy\" width=\"300\" height=\"240\" src=\"https:\/\/www.abraca.cz\/wp-content\/uploads\/clip0477small.jpg\" alt=\"\" data-id=\"1132\" data-full-url=\"https:\/\/www.abraca.cz\/wp-content\/uploads\/clip0477small.jpg\" data-link=\"https:\/\/www.abraca.cz\/home\/?attachment_id=1132\" class=\"wp-image-1132\"\/><\/figure><\/li><li class=\"blocks-gallery-item\"><figure><img loading=\"lazy\" width=\"300\" height=\"240\" src=\"https:\/\/www.abraca.cz\/wp-content\/uploads\/clip0478small.jpg\" alt=\"\" data-id=\"1133\" data-full-url=\"https:\/\/www.abraca.cz\/wp-content\/uploads\/clip0478small.jpg\" data-link=\"https:\/\/www.abraca.cz\/home\/?attachment_id=1133\" class=\"wp-image-1133\"\/><\/figure><\/li><li class=\"blocks-gallery-item\"><figure><img loading=\"lazy\" width=\"300\" height=\"240\" src=\"https:\/\/www.abraca.cz\/wp-content\/uploads\/clip0479small.jpg\" alt=\"\" data-id=\"1134\" data-full-url=\"https:\/\/www.abraca.cz\/wp-content\/uploads\/clip0479small.jpg\" data-link=\"https:\/\/www.abraca.cz\/home\/?attachment_id=1134\" class=\"wp-image-1134\"\/><\/figure><\/li><li class=\"blocks-gallery-item\"><figure><img loading=\"lazy\" width=\"300\" height=\"240\" src=\"https:\/\/www.abraca.cz\/wp-content\/uploads\/clip0480small.jpg\" alt=\"\" data-id=\"1135\" data-full-url=\"https:\/\/www.abraca.cz\/wp-content\/uploads\/clip0480small.jpg\" data-link=\"https:\/\/www.abraca.cz\/home\/?attachment_id=1135\" class=\"wp-image-1135\"\/><\/figure><\/li><li class=\"blocks-gallery-item\"><figure><img loading=\"lazy\" width=\"100\" height=\"80\" src=\"https:\/\/www.abraca.cz\/wp-content\/uploads\/clip0481supersmall.jpg\" alt=\"\" data-id=\"1137\" data-link=\"https:\/\/www.abraca.cz\/home\/?attachment_id=1137\" class=\"wp-image-1137\"\/><\/figure><\/li><li class=\"blocks-gallery-item\"><figure><img loading=\"lazy\" width=\"300\" height=\"240\" src=\"https:\/\/www.abraca.cz\/wp-content\/uploads\/clip0482small.jpg\" alt=\"\" data-id=\"1138\" data-full-url=\"https:\/\/www.abraca.cz\/wp-content\/uploads\/clip0482small.jpg\" data-link=\"https:\/\/www.abraca.cz\/home\/?attachment_id=1138\" class=\"wp-image-1138\"\/><\/figure><\/li><li class=\"blocks-gallery-item\"><figure><img loading=\"lazy\" width=\"300\" height=\"240\" src=\"https:\/\/www.abraca.cz\/wp-content\/uploads\/clip0483small.jpg\" alt=\"\" data-id=\"1139\" data-full-url=\"https:\/\/www.abraca.cz\/wp-content\/uploads\/clip0483small.jpg\" data-link=\"https:\/\/www.abraca.cz\/home\/?attachment_id=1139\" class=\"wp-image-1139\"\/><\/figure><\/li><li class=\"blocks-gallery-item\"><figure><img loading=\"lazy\" width=\"300\" height=\"240\" src=\"https:\/\/www.abraca.cz\/wp-content\/uploads\/clip0484small.jpg\" alt=\"\" data-id=\"1140\" data-full-url=\"https:\/\/www.abraca.cz\/wp-content\/uploads\/clip0484small.jpg\" data-link=\"https:\/\/www.abraca.cz\/home\/?attachment_id=1140\" class=\"wp-image-1140\"\/><\/figure><\/li><\/ul><\/figure>\n<\/div>\n\n\n\n<div class=\"wp-block-column\">\n<p><\/p>\n\n\n\n<p>SALZKAMMERGUT MTB<\/p>\n\n\n\n<p>Salzkammergut MTB&nbsp; &#8211; okruhy po tras\u00e1ch z\u00e1vodu Salzkammergut Trophy.<\/p>\n\n\n\n<p>stop\u00e1\u017e:&nbsp; &nbsp;5 minut<\/p>\n<\/div>\n<\/div>\n","protected":false},"excerpt":{"rendered":"<p>SALZKAMMERGUT MTB Salzkammergut MTB&nbsp; &#8211; okruhy po tras\u00e1ch z\u00e1vodu Salzkammergut Trophy. stop\u00e1\u017e:&nbsp; &nbsp;5 minut<\/p>\n","protected":false},"author":1,"featured_media":0,"parent":0,"menu_order":0,"comment_status":"closed","ping_status":"closed","template":"","meta":[],"_links":{"self":[{"href":"https:\/\/www.abraca.cz\/home\/wp-json\/wp\/v2\/pages\/1131"}],"collection":[{"href":"https:\/\/www.abraca.cz\/home\/wp-json\/wp\/v2\/pages"}],"about":[{"href":"https:\/\/www.abraca.cz\/home\/wp-json\/wp\/v2\/types\/page"}],"author":[{"embeddable":true,"href":"https:\/\/www.abraca.cz\/home\/wp-json\/wp\/v2\/users\/1"}],"replies":[{"embeddable":true,"href":"https:\/\/www.abraca.cz\/home\/wp-json\/wp\/v2\/comments?post=1131"}],"version-history":[{"count":1,"href":"https:\/\/www.abraca.cz\/home\/wp-json\/wp\/v2\/pages\/1131\/revisions"}],"predecessor-version":[{"id":1141,"href":"https:\/\/www.abraca.cz\/home\/wp-json\/wp\/v2\/pages\/1131\/revisions\/1141"}],"wp:attachment":[{"href":"https:\/\/www.abraca.cz\/home\/wp-json\/wp\/v2\/media?parent=1131"}],"curies":[{"name":"wp","href":"https:\/\/api.w.org\/{rel}","templated":true}]}}