{"id":1109,"date":"2020-11-21T17:09:04","date_gmt":"2020-11-21T16:09:04","guid":{"rendered":"https:\/\/www.abraca.cz\/home\/?page_id=1109"},"modified":"2020-11-21T17:09:04","modified_gmt":"2020-11-21T16:09:04","slug":"bienale-brno-2014","status":"publish","type":"page","link":"https:\/\/www.abraca.cz\/home\/bienale-brno-2014\/","title":{"rendered":"Bien\u00e1le Brno 2014"},"content":{"rendered":"\n<div class=\"wp-block-columns\">\n<div class=\"wp-block-column\">\n<figure class=\"wp-block-gallery columns-3 is-cropped\"><ul class=\"blocks-gallery-grid\"><li class=\"blocks-gallery-item\"><figure><img loading=\"lazy\" width=\"320\" height=\"240\" src=\"https:\/\/www.abraca.cz\/wp-content\/uploads\/clip0458small.jpg\" alt=\"\" data-id=\"1110\" data-full-url=\"https:\/\/www.abraca.cz\/wp-content\/uploads\/clip0458small.jpg\" data-link=\"https:\/\/www.abraca.cz\/home\/?attachment_id=1110\" class=\"wp-image-1110\" srcset=\"https:\/\/www.abraca.cz\/wp-content\/uploads\/clip0458small.jpg 320w, https:\/\/www.abraca.cz\/wp-content\/uploads\/clip0458small-300x225.jpg 300w\" sizes=\"(max-width: 320px) 100vw, 320px\" \/><\/figure><\/li><li class=\"blocks-gallery-item\"><figure><img loading=\"lazy\" width=\"320\" height=\"240\" src=\"https:\/\/www.abraca.cz\/wp-content\/uploads\/clip0459small.jpg\" alt=\"\" data-id=\"1111\" data-full-url=\"https:\/\/www.abraca.cz\/wp-content\/uploads\/clip0459small.jpg\" data-link=\"https:\/\/www.abraca.cz\/home\/?attachment_id=1111\" class=\"wp-image-1111\" srcset=\"https:\/\/www.abraca.cz\/wp-content\/uploads\/clip0459small.jpg 320w, https:\/\/www.abraca.cz\/wp-content\/uploads\/clip0459small-300x225.jpg 300w\" sizes=\"(max-width: 320px) 100vw, 320px\" \/><\/figure><\/li><li class=\"blocks-gallery-item\"><figure><img loading=\"lazy\" width=\"320\" height=\"240\" src=\"https:\/\/www.abraca.cz\/wp-content\/uploads\/clip0460small.jpg\" alt=\"\" data-id=\"1112\" data-full-url=\"https:\/\/www.abraca.cz\/wp-content\/uploads\/clip0460small.jpg\" data-link=\"https:\/\/www.abraca.cz\/home\/?attachment_id=1112\" class=\"wp-image-1112\" srcset=\"https:\/\/www.abraca.cz\/wp-content\/uploads\/clip0460small.jpg 320w, https:\/\/www.abraca.cz\/wp-content\/uploads\/clip0460small-300x225.jpg 300w\" sizes=\"(max-width: 320px) 100vw, 320px\" \/><\/figure><\/li><li class=\"blocks-gallery-item\"><figure><img loading=\"lazy\" width=\"320\" height=\"240\" src=\"https:\/\/www.abraca.cz\/wp-content\/uploads\/clip0461small.jpg\" alt=\"\" data-id=\"1113\" data-full-url=\"https:\/\/www.abraca.cz\/wp-content\/uploads\/clip0461small.jpg\" data-link=\"https:\/\/www.abraca.cz\/home\/?attachment_id=1113\" class=\"wp-image-1113\" srcset=\"https:\/\/www.abraca.cz\/wp-content\/uploads\/clip0461small.jpg 320w, https:\/\/www.abraca.cz\/wp-content\/uploads\/clip0461small-300x225.jpg 300w\" sizes=\"(max-width: 320px) 100vw, 320px\" \/><\/figure><\/li><li class=\"blocks-gallery-item\"><figure><img loading=\"lazy\" width=\"320\" height=\"240\" src=\"https:\/\/www.abraca.cz\/wp-content\/uploads\/clip0462small.jpg\" alt=\"\" data-id=\"1114\" data-full-url=\"https:\/\/www.abraca.cz\/wp-content\/uploads\/clip0462small.jpg\" data-link=\"https:\/\/www.abraca.cz\/home\/?attachment_id=1114\" class=\"wp-image-1114\" srcset=\"https:\/\/www.abraca.cz\/wp-content\/uploads\/clip0462small.jpg 320w, https:\/\/www.abraca.cz\/wp-content\/uploads\/clip0462small-300x225.jpg 300w\" sizes=\"(max-width: 320px) 100vw, 320px\" \/><\/figure><\/li><li class=\"blocks-gallery-item\"><figure><img loading=\"lazy\" width=\"320\" height=\"240\" src=\"https:\/\/www.abraca.cz\/wp-content\/uploads\/clip0463small.jpg\" alt=\"\" data-id=\"1115\" data-full-url=\"https:\/\/www.abraca.cz\/wp-content\/uploads\/clip0463small.jpg\" data-link=\"https:\/\/www.abraca.cz\/home\/?attachment_id=1115\" class=\"wp-image-1115\" srcset=\"https:\/\/www.abraca.cz\/wp-content\/uploads\/clip0463small.jpg 320w, https:\/\/www.abraca.cz\/wp-content\/uploads\/clip0463small-300x225.jpg 300w\" sizes=\"(max-width: 320px) 100vw, 320px\" \/><\/figure><\/li><li class=\"blocks-gallery-item\"><figure><img loading=\"lazy\" width=\"320\" height=\"240\" src=\"https:\/\/www.abraca.cz\/wp-content\/uploads\/clip0464small.jpg\" alt=\"\" data-id=\"1116\" data-full-url=\"https:\/\/www.abraca.cz\/wp-content\/uploads\/clip0464small.jpg\" data-link=\"https:\/\/www.abraca.cz\/home\/?attachment_id=1116\" class=\"wp-image-1116\" srcset=\"https:\/\/www.abraca.cz\/wp-content\/uploads\/clip0464small.jpg 320w, https:\/\/www.abraca.cz\/wp-content\/uploads\/clip0464small-300x225.jpg 300w\" sizes=\"(max-width: 320px) 100vw, 320px\" \/><\/figure><\/li><li class=\"blocks-gallery-item\"><figure><img loading=\"lazy\" width=\"320\" height=\"240\" src=\"https:\/\/www.abraca.cz\/wp-content\/uploads\/clip0465small-3.jpg\" alt=\"\" data-id=\"1117\" data-full-url=\"https:\/\/www.abraca.cz\/wp-content\/uploads\/clip0465small-3.jpg\" data-link=\"https:\/\/www.abraca.cz\/home\/?attachment_id=1117\" class=\"wp-image-1117\" srcset=\"https:\/\/www.abraca.cz\/wp-content\/uploads\/clip0465small-3.jpg 320w, https:\/\/www.abraca.cz\/wp-content\/uploads\/clip0465small-3-300x225.jpg 300w\" sizes=\"(max-width: 320px) 100vw, 320px\" \/><\/figure><\/li><li class=\"blocks-gallery-item\"><figure><img loading=\"lazy\" width=\"320\" height=\"240\" src=\"https:\/\/www.abraca.cz\/wp-content\/uploads\/clip0466small.jpg\" alt=\"\" data-id=\"1118\" data-full-url=\"https:\/\/www.abraca.cz\/wp-content\/uploads\/clip0466small.jpg\" data-link=\"https:\/\/www.abraca.cz\/home\/?attachment_id=1118\" class=\"wp-image-1118\" srcset=\"https:\/\/www.abraca.cz\/wp-content\/uploads\/clip0466small.jpg 320w, https:\/\/www.abraca.cz\/wp-content\/uploads\/clip0466small-300x225.jpg 300w\" sizes=\"(max-width: 320px) 100vw, 320px\" \/><\/figure><\/li><li class=\"blocks-gallery-item\"><figure><img loading=\"lazy\" width=\"320\" height=\"240\" src=\"https:\/\/www.abraca.cz\/wp-content\/uploads\/clip0467small.jpg\" alt=\"\" data-id=\"1119\" data-full-url=\"https:\/\/www.abraca.cz\/wp-content\/uploads\/clip0467small.jpg\" data-link=\"https:\/\/www.abraca.cz\/home\/?attachment_id=1119\" class=\"wp-image-1119\" srcset=\"https:\/\/www.abraca.cz\/wp-content\/uploads\/clip0467small.jpg 320w, https:\/\/www.abraca.cz\/wp-content\/uploads\/clip0467small-300x225.jpg 300w\" sizes=\"(max-width: 320px) 100vw, 320px\" \/><\/figure><\/li><\/ul><\/figure>\n<\/div>\n\n\n\n<div class=\"wp-block-column\">\n<p><\/p>\n\n\n\n<p>BIEN\u00c1LE BRNO 2014 &#8211; vernis\u00e1\u017e<\/p>\n\n\n\n<p>Slavnostn\u00ed zah\u00e1jen\u00ed 26. mezin\u00e1rodn\u00edho bien\u00e1le grafick\u00e9ho designu Brno 2014.<\/p>\n\n\n\n<p>stop\u00e1\u017e:&nbsp; &nbsp;5 minut<\/p>\n<\/div>\n<\/div>\n","protected":false},"excerpt":{"rendered":"<p>BIEN\u00c1LE BRNO 2014 &#8211; vernis\u00e1\u017e Slavnostn\u00ed zah\u00e1jen\u00ed 26. mezin\u00e1rodn\u00edho bien\u00e1le grafick\u00e9ho designu Brno 2014. stop\u00e1\u017e:&nbsp; &nbsp;5 minut<\/p>\n","protected":false},"author":1,"featured_media":0,"parent":0,"menu_order":0,"comment_status":"closed","ping_status":"closed","template":"","meta":[],"_links":{"self":[{"href":"https:\/\/www.abraca.cz\/home\/wp-json\/wp\/v2\/pages\/1109"}],"collection":[{"href":"https:\/\/www.abraca.cz\/home\/wp-json\/wp\/v2\/pages"}],"about":[{"href":"https:\/\/www.abraca.cz\/home\/wp-json\/wp\/v2\/types\/page"}],"author":[{"embeddable":true,"href":"https:\/\/www.abraca.cz\/home\/wp-json\/wp\/v2\/users\/1"}],"replies":[{"embeddable":true,"href":"https:\/\/www.abraca.cz\/home\/wp-json\/wp\/v2\/comments?post=1109"}],"version-history":[{"count":1,"href":"https:\/\/www.abraca.cz\/home\/wp-json\/wp\/v2\/pages\/1109\/revisions"}],"predecessor-version":[{"id":1120,"href":"https:\/\/www.abraca.cz\/home\/wp-json\/wp\/v2\/pages\/1109\/revisions\/1120"}],"wp:attachment":[{"href":"https:\/\/www.abraca.cz\/home\/wp-json\/wp\/v2\/media?parent=1109"}],"curies":[{"name":"wp","href":"https:\/\/api.w.org\/{rel}","templated":true}]}}