{"id":1060,"date":"2020-11-21T17:03:30","date_gmt":"2020-11-21T16:03:30","guid":{"rendered":"https:\/\/www.abraca.cz\/home\/?page_id=1060"},"modified":"2020-11-21T17:03:30","modified_gmt":"2020-11-21T16:03:30","slug":"mont-ventoux","status":"publish","type":"page","link":"https:\/\/www.abraca.cz\/home\/mont-ventoux\/","title":{"rendered":"Mont Ventoux"},"content":{"rendered":"\n<div class=\"wp-block-columns\">\n<div class=\"wp-block-column\">\n<figure class=\"wp-block-gallery columns-3 is-cropped\"><ul class=\"blocks-gallery-grid\"><li class=\"blocks-gallery-item\"><figure><img loading=\"lazy\" width=\"300\" height=\"240\" src=\"https:\/\/www.abraca.cz\/wp-content\/uploads\/clip0408small-1.jpg\" alt=\"\" data-id=\"1061\" data-full-url=\"https:\/\/www.abraca.cz\/wp-content\/uploads\/clip0408small-1.jpg\" data-link=\"https:\/\/www.abraca.cz\/home\/?attachment_id=1061\" class=\"wp-image-1061\"\/><\/figure><\/li><li class=\"blocks-gallery-item\"><figure><img loading=\"lazy\" width=\"180\" height=\"240\" src=\"https:\/\/www.abraca.cz\/wp-content\/uploads\/clip0409small-1.jpg\" alt=\"\" data-id=\"1062\" data-full-url=\"https:\/\/www.abraca.cz\/wp-content\/uploads\/clip0409small-1.jpg\" data-link=\"https:\/\/www.abraca.cz\/home\/?attachment_id=1062\" class=\"wp-image-1062\"\/><\/figure><\/li><li class=\"blocks-gallery-item\"><figure><img loading=\"lazy\" width=\"300\" height=\"240\" src=\"https:\/\/www.abraca.cz\/wp-content\/uploads\/clip0410small-1.jpg\" alt=\"\" data-id=\"1063\" data-full-url=\"https:\/\/www.abraca.cz\/wp-content\/uploads\/clip0410small-1.jpg\" data-link=\"https:\/\/www.abraca.cz\/home\/?attachment_id=1063\" class=\"wp-image-1063\"\/><\/figure><\/li><li class=\"blocks-gallery-item\"><figure><img loading=\"lazy\" width=\"300\" height=\"240\" src=\"https:\/\/www.abraca.cz\/wp-content\/uploads\/clip0411small-1.jpg\" alt=\"\" data-id=\"1064\" data-full-url=\"https:\/\/www.abraca.cz\/wp-content\/uploads\/clip0411small-1.jpg\" data-link=\"https:\/\/www.abraca.cz\/home\/?attachment_id=1064\" class=\"wp-image-1064\"\/><\/figure><\/li><li class=\"blocks-gallery-item\"><figure><img loading=\"lazy\" width=\"180\" height=\"240\" src=\"https:\/\/www.abraca.cz\/wp-content\/uploads\/clip0412small-1.jpg\" alt=\"\" data-id=\"1065\" data-full-url=\"https:\/\/www.abraca.cz\/wp-content\/uploads\/clip0412small-1.jpg\" data-link=\"https:\/\/www.abraca.cz\/home\/?attachment_id=1065\" class=\"wp-image-1065\"\/><\/figure><\/li><li class=\"blocks-gallery-item\"><figure><img loading=\"lazy\" width=\"300\" height=\"240\" src=\"https:\/\/www.abraca.cz\/wp-content\/uploads\/clip0413small-1.jpg\" alt=\"\" data-id=\"1066\" data-full-url=\"https:\/\/www.abraca.cz\/wp-content\/uploads\/clip0413small-1.jpg\" data-link=\"https:\/\/www.abraca.cz\/home\/?attachment_id=1066\" class=\"wp-image-1066\"\/><\/figure><\/li><li class=\"blocks-gallery-item\"><figure><img loading=\"lazy\" width=\"300\" height=\"240\" src=\"https:\/\/www.abraca.cz\/wp-content\/uploads\/clip0414small-2.jpg\" alt=\"\" data-id=\"1067\" data-full-url=\"https:\/\/www.abraca.cz\/wp-content\/uploads\/clip0414small-2.jpg\" data-link=\"https:\/\/www.abraca.cz\/home\/?attachment_id=1067\" class=\"wp-image-1067\"\/><\/figure><\/li><\/ul><\/figure>\n<\/div>\n\n\n\n<div class=\"wp-block-column\">\n<p><\/p>\n\n\n\n<p>MONT VENTOUX<\/p>\n\n\n\n<p>Na kole v\u00fd\u0161lap a sjezd kultovn\u00ed hory Mont Ventoux ve Francii.<\/p>\n\n\n\n<p>stop\u00e1\u017e:&nbsp; &nbsp;7 minut<\/p>\n<\/div>\n<\/div>\n","protected":false},"excerpt":{"rendered":"<p>MONT VENTOUX Na kole v\u00fd\u0161lap a sjezd kultovn\u00ed hory Mont Ventoux ve Francii. stop\u00e1\u017e:&nbsp; &nbsp;7 minut<\/p>\n","protected":false},"author":1,"featured_media":0,"parent":0,"menu_order":0,"comment_status":"closed","ping_status":"closed","template":"","meta":[],"_links":{"self":[{"href":"https:\/\/www.abraca.cz\/home\/wp-json\/wp\/v2\/pages\/1060"}],"collection":[{"href":"https:\/\/www.abraca.cz\/home\/wp-json\/wp\/v2\/pages"}],"about":[{"href":"https:\/\/www.abraca.cz\/home\/wp-json\/wp\/v2\/types\/page"}],"author":[{"embeddable":true,"href":"https:\/\/www.abraca.cz\/home\/wp-json\/wp\/v2\/users\/1"}],"replies":[{"embeddable":true,"href":"https:\/\/www.abraca.cz\/home\/wp-json\/wp\/v2\/comments?post=1060"}],"version-history":[{"count":1,"href":"https:\/\/www.abraca.cz\/home\/wp-json\/wp\/v2\/pages\/1060\/revisions"}],"predecessor-version":[{"id":1068,"href":"https:\/\/www.abraca.cz\/home\/wp-json\/wp\/v2\/pages\/1060\/revisions\/1068"}],"wp:attachment":[{"href":"https:\/\/www.abraca.cz\/home\/wp-json\/wp\/v2\/media?parent=1060"}],"curies":[{"name":"wp","href":"https:\/\/api.w.org\/{rel}","templated":true}]}}