{"id":1021,"date":"2020-11-21T16:57:47","date_gmt":"2020-11-21T15:57:47","guid":{"rendered":"https:\/\/www.abraca.cz\/home\/?page_id=1021"},"modified":"2020-11-23T16:22:48","modified_gmt":"2020-11-23T15:22:48","slug":"apeniny-mtb","status":"publish","type":"page","link":"https:\/\/www.abraca.cz\/home\/apeniny-mtb\/","title":{"rendered":"Apeniny MTB"},"content":{"rendered":"\n<div class=\"wp-block-columns\">\n<div class=\"wp-block-column\">\n<figure class=\"wp-block-gallery columns-3 is-cropped\"><ul class=\"blocks-gallery-grid\"><li class=\"blocks-gallery-item\"><figure><img loading=\"lazy\" width=\"300\" height=\"240\" src=\"https:\/\/www.abraca.cz\/wp-content\/uploads\/clip0392small-1.jpg\" alt=\"\" data-id=\"1422\" data-full-url=\"https:\/\/www.abraca.cz\/wp-content\/uploads\/clip0392small-1.jpg\" data-link=\"https:\/\/www.abraca.cz\/home\/apeniny-mtb\/attachment\/clip0392small-1\/\" class=\"wp-image-1422\"\/><\/figure><\/li><li class=\"blocks-gallery-item\"><figure><img loading=\"lazy\" width=\"300\" height=\"240\" src=\"https:\/\/www.abraca.cz\/wp-content\/uploads\/clip0393small-1.jpg\" alt=\"\" data-id=\"1423\" data-full-url=\"https:\/\/www.abraca.cz\/wp-content\/uploads\/clip0393small-1.jpg\" data-link=\"https:\/\/www.abraca.cz\/home\/apeniny-mtb\/attachment\/clip0393small-1\/\" class=\"wp-image-1423\"\/><\/figure><\/li><li class=\"blocks-gallery-item\"><figure><img loading=\"lazy\" width=\"300\" height=\"240\" src=\"https:\/\/www.abraca.cz\/wp-content\/uploads\/clip0394small-1.jpg\" alt=\"\" data-id=\"1424\" data-full-url=\"https:\/\/www.abraca.cz\/wp-content\/uploads\/clip0394small-1.jpg\" data-link=\"https:\/\/www.abraca.cz\/home\/apeniny-mtb\/attachment\/clip0394small-1\/\" class=\"wp-image-1424\"\/><\/figure><\/li><li class=\"blocks-gallery-item\"><figure><img loading=\"lazy\" width=\"300\" height=\"240\" src=\"https:\/\/www.abraca.cz\/wp-content\/uploads\/clip0395small-2.jpg\" alt=\"\" data-id=\"1425\" data-full-url=\"https:\/\/www.abraca.cz\/wp-content\/uploads\/clip0395small-2.jpg\" data-link=\"https:\/\/www.abraca.cz\/home\/apeniny-mtb\/attachment\/clip0395small-2\/\" class=\"wp-image-1425\"\/><\/figure><\/li><li class=\"blocks-gallery-item\"><figure><img loading=\"lazy\" width=\"300\" height=\"240\" src=\"https:\/\/www.abraca.cz\/wp-content\/uploads\/clip0397small-1.jpg\" alt=\"\" data-id=\"1426\" data-full-url=\"https:\/\/www.abraca.cz\/wp-content\/uploads\/clip0397small-1.jpg\" data-link=\"https:\/\/www.abraca.cz\/home\/apeniny-mtb\/attachment\/clip0397small-1\/\" class=\"wp-image-1426\"\/><\/figure><\/li><li class=\"blocks-gallery-item\"><figure><img loading=\"lazy\" width=\"300\" height=\"240\" src=\"https:\/\/www.abraca.cz\/wp-content\/uploads\/clip0399small-1.jpg\" alt=\"\" data-id=\"1427\" data-full-url=\"https:\/\/www.abraca.cz\/wp-content\/uploads\/clip0399small-1.jpg\" data-link=\"https:\/\/www.abraca.cz\/home\/apeniny-mtb\/attachment\/clip0399small-1\/\" class=\"wp-image-1427\"\/><\/figure><\/li><li class=\"blocks-gallery-item\"><figure><img loading=\"lazy\" width=\"300\" height=\"240\" src=\"https:\/\/www.abraca.cz\/wp-content\/uploads\/clip0400small-1.jpg\" alt=\"\" data-id=\"1428\" data-full-url=\"https:\/\/www.abraca.cz\/wp-content\/uploads\/clip0400small-1.jpg\" data-link=\"https:\/\/www.abraca.cz\/home\/apeniny-mtb\/attachment\/clip0400small-1\/\" class=\"wp-image-1428\"\/><\/figure><\/li><li class=\"blocks-gallery-item\"><figure><img loading=\"lazy\" width=\"300\" height=\"240\" src=\"https:\/\/www.abraca.cz\/wp-content\/uploads\/clip0402small-1.jpg\" alt=\"\" data-id=\"1429\" data-full-url=\"https:\/\/www.abraca.cz\/wp-content\/uploads\/clip0402small-1.jpg\" data-link=\"https:\/\/www.abraca.cz\/home\/apeniny-mtb\/attachment\/clip0402small-1\/\" class=\"wp-image-1429\"\/><\/figure><\/li><li class=\"blocks-gallery-item\"><figure><img loading=\"lazy\" width=\"300\" height=\"240\" src=\"https:\/\/www.abraca.cz\/wp-content\/uploads\/clip0403small-1.jpg\" alt=\"\" data-id=\"1430\" data-full-url=\"https:\/\/www.abraca.cz\/wp-content\/uploads\/clip0403small-1.jpg\" data-link=\"https:\/\/www.abraca.cz\/home\/apeniny-mtb\/attachment\/clip0403small-1\/\" class=\"wp-image-1430\"\/><\/figure><\/li><li class=\"blocks-gallery-item\"><figure><img loading=\"lazy\" width=\"300\" height=\"240\" src=\"https:\/\/www.abraca.cz\/wp-content\/uploads\/clip0406small-1.jpg\" alt=\"\" data-id=\"1431\" data-full-url=\"https:\/\/www.abraca.cz\/wp-content\/uploads\/clip0406small-1.jpg\" data-link=\"https:\/\/www.abraca.cz\/home\/apeniny-mtb\/attachment\/clip0406small-1\/\" class=\"wp-image-1431\"\/><\/figure><\/li><\/ul><\/figure>\n\n\n\n<figure class=\"wp-block-gallery columns-0 is-cropped\"><ul class=\"blocks-gallery-grid\"><\/ul><\/figure>\n<\/div>\n\n\n\n<div class=\"wp-block-column\">\n<p><\/p>\n\n\n\n<p>APENINY MTB<\/p>\n\n\n\n<p>Na kole po kopc\u00edch Apenin v&nbsp;oblastech Foreste Casentinesi, Monti Sibillini a Gran Sasso.<\/p>\n\n\n\n<p>stop\u00e1\u017e:&nbsp; &nbsp;17 minut<\/p>\n<\/div>\n<\/div>\n","protected":false},"excerpt":{"rendered":"<p>APENINY MTB Na kole po kopc\u00edch Apenin v&nbsp;oblastech Foreste Casentinesi, Monti Sibillini a Gran Sasso. stop\u00e1\u017e:&nbsp; &nbsp;17 minut<\/p>\n","protected":false},"author":1,"featured_media":0,"parent":0,"menu_order":0,"comment_status":"closed","ping_status":"closed","template":"","meta":[],"_links":{"self":[{"href":"https:\/\/www.abraca.cz\/home\/wp-json\/wp\/v2\/pages\/1021"}],"collection":[{"href":"https:\/\/www.abraca.cz\/home\/wp-json\/wp\/v2\/pages"}],"about":[{"href":"https:\/\/www.abraca.cz\/home\/wp-json\/wp\/v2\/types\/page"}],"author":[{"embeddable":true,"href":"https:\/\/www.abraca.cz\/home\/wp-json\/wp\/v2\/users\/1"}],"replies":[{"embeddable":true,"href":"https:\/\/www.abraca.cz\/home\/wp-json\/wp\/v2\/comments?post=1021"}],"version-history":[{"count":2,"href":"https:\/\/www.abraca.cz\/home\/wp-json\/wp\/v2\/pages\/1021\/revisions"}],"predecessor-version":[{"id":1432,"href":"https:\/\/www.abraca.cz\/home\/wp-json\/wp\/v2\/pages\/1021\/revisions\/1432"}],"wp:attachment":[{"href":"https:\/\/www.abraca.cz\/home\/wp-json\/wp\/v2\/media?parent=1021"}],"curies":[{"name":"wp","href":"https:\/\/api.w.org\/{rel}","templated":true}]}}